{"id":4046,"date":"2025-07-31T14:59:13","date_gmt":"2025-07-31T12:59:13","guid":{"rendered":"https:\/\/littlemisstomatoes.fr\/?post_type=product&#038;p=4046"},"modified":"2025-08-02T11:15:05","modified_gmt":"2025-08-02T09:15:05","slug":"etui-a-brosse-a-dent-fleuris","status":"publish","type":"product","link":"https:\/\/littlemisstomatoes.fr\/index.php\/produit\/etui-a-brosse-a-dent-fleuris\/","title":{"rendered":"\u00c9tui \u00e0 Brosse \u00e0 dent &#8211; Fleuris"},"content":{"rendered":"<p>\u00c9tui imperm\u00e9able pour transporter votre brosse \u00e0 dent.<\/p>\n<p>Id\u00e9al pour partir en voyage sereinement.<\/p>\n<p>&nbsp;<\/p>\n<p>Dimension : 23*10.5cm<\/p>\n<p>Entretien : nettoyer avec une \u00e9ponge humide &#8211; ne pas mettre en machine<\/p>\n<p>&nbsp;<\/p>\n<p>Pour encore plus de praticit\u00e9, combinez votre \u00e9tui \u00e0 brosse \u00e0 dent avec la pochette \u00e0 maillot de bain assortie !<\/p>\n<p>&nbsp;<\/p>\n<p>&nbsp;<\/p>\n","protected":false},"excerpt":{"rendered":"<p>\u00c9tui imperm\u00e9able pour transporter votre brosse \u00e0 dent. Id\u00e9al pour partir en voyage sereinement. &nbsp; Dimension : 23*10.5cm Entretien : nettoyer avec une \u00e9ponge humide &#8211; ne pas mettre en machine &nbsp; Pour encore plus de praticit\u00e9, combinez votre \u00e9tui \u00e0 brosse \u00e0 dent avec la pochette \u00e0 maillot de bain assortie ! &nbsp; &nbsp;<\/p>\n","protected":false},"featured_media":4048,"comment_status":"open","ping_status":"closed","template":"","meta":[],"product_brand":[],"product_cat":[223,254,72,153],"product_tag":[],"class_list":{"0":"post-4046","1":"product","2":"type-product","3":"status-publish","4":"has-post-thumbnail","6":"product_cat-en-stock","7":"product_cat-lete-en-folie-duo-pochettes","8":"product_cat-pochette-a-savon","9":"product_cat-promo","10":"product_shipping_class-colissimo-5e","12":"first","13":"instock","14":"sale","15":"shipping-taxable","16":"purchasable","17":"product-type-simple"},"yoast_head":"<!-- This site is optimized with the Yoast SEO plugin v27.4 - https:\/\/yoast.com\/product\/yoast-seo-wordpress\/ -->\n<title>\u00c9tui \u00e0 Brosse \u00e0 dent - Fleuris - Little Miss Tomatoes<\/title>\n<meta name=\"robots\" content=\"index, follow, max-snippet:-1, max-image-preview:large, max-video-preview:-1\" \/>\n<link rel=\"canonical\" href=\"https:\/\/littlemisstomatoes.fr\/index.php\/produit\/etui-a-brosse-a-dent-fleuris\/\" \/>\n<meta property=\"og:locale\" content=\"fr_FR\" \/>\n<meta property=\"og:type\" content=\"article\" \/>\n<meta property=\"og:title\" content=\"\u00c9tui \u00e0 Brosse \u00e0 dent - Fleuris - Little Miss Tomatoes\" \/>\n<meta property=\"og:description\" content=\"\u00c9tui imperm\u00e9able pour transporter votre brosse \u00e0 dent. Id\u00e9al pour partir en voyage sereinement. &nbsp; Dimension : 23*10.5cm Entretien : nettoyer avec une \u00e9ponge humide &#8211; ne pas mettre en machine &nbsp; Pour encore plus de praticit\u00e9, combinez votre \u00e9tui \u00e0 brosse \u00e0 dent avec la pochette \u00e0 maillot de bain assortie ! &nbsp; &nbsp;\" \/>\n<meta property=\"og:url\" content=\"https:\/\/littlemisstomatoes.fr\/index.php\/produit\/etui-a-brosse-a-dent-fleuris\/\" \/>\n<meta property=\"og:site_name\" content=\"Little Miss Tomatoes\" \/>\n<meta property=\"article:modified_time\" content=\"2025-08-02T09:15:05+00:00\" \/>\n<meta property=\"og:image\" content=\"https:\/\/littlemisstomatoes.fr\/wp-content\/uploads\/2025\/07\/IMG-20250729-WA0015.webp\" \/>\n\t<meta property=\"og:image:width\" content=\"1536\" \/>\n\t<meta property=\"og:image:height\" content=\"2040\" \/>\n\t<meta property=\"og:image:type\" content=\"image\/webp\" \/>\n<meta name=\"twitter:card\" content=\"summary_large_image\" \/>\n<meta name=\"twitter:label1\" content=\"Dur\u00e9e de lecture estim\u00e9e\" \/>\n\t<meta name=\"twitter:data1\" content=\"1 minute\" \/>\n<script type=\"application\/ld+json\" class=\"yoast-schema-graph\">{\"@context\":\"https:\\\/\\\/schema.org\",\"@graph\":[{\"@type\":\"WebPage\",\"@id\":\"https:\\\/\\\/littlemisstomatoes.fr\\\/index.php\\\/produit\\\/etui-a-brosse-a-dent-fleuris\\\/\",\"url\":\"https:\\\/\\\/littlemisstomatoes.fr\\\/index.php\\\/produit\\\/etui-a-brosse-a-dent-fleuris\\\/\",\"name\":\"\u00c9tui \u00e0 Brosse \u00e0 dent - Fleuris - Little Miss Tomatoes\",\"isPartOf\":{\"@id\":\"https:\\\/\\\/littlemisstomatoes.fr\\\/#website\"},\"primaryImageOfPage\":{\"@id\":\"https:\\\/\\\/littlemisstomatoes.fr\\\/index.php\\\/produit\\\/etui-a-brosse-a-dent-fleuris\\\/#primaryimage\"},\"image\":{\"@id\":\"https:\\\/\\\/littlemisstomatoes.fr\\\/index.php\\\/produit\\\/etui-a-brosse-a-dent-fleuris\\\/#primaryimage\"},\"thumbnailUrl\":\"https:\\\/\\\/littlemisstomatoes.fr\\\/wp-content\\\/uploads\\\/2025\\\/07\\\/IMG-20250729-WA0015.webp\",\"datePublished\":\"2025-07-31T12:59:13+00:00\",\"dateModified\":\"2025-08-02T09:15:05+00:00\",\"breadcrumb\":{\"@id\":\"https:\\\/\\\/littlemisstomatoes.fr\\\/index.php\\\/produit\\\/etui-a-brosse-a-dent-fleuris\\\/#breadcrumb\"},\"inLanguage\":\"fr-FR\",\"potentialAction\":[{\"@type\":\"ReadAction\",\"target\":[\"https:\\\/\\\/littlemisstomatoes.fr\\\/index.php\\\/produit\\\/etui-a-brosse-a-dent-fleuris\\\/\"]}]},{\"@type\":\"ImageObject\",\"inLanguage\":\"fr-FR\",\"@id\":\"https:\\\/\\\/littlemisstomatoes.fr\\\/index.php\\\/produit\\\/etui-a-brosse-a-dent-fleuris\\\/#primaryimage\",\"url\":\"https:\\\/\\\/littlemisstomatoes.fr\\\/wp-content\\\/uploads\\\/2025\\\/07\\\/IMG-20250729-WA0015.webp\",\"contentUrl\":\"https:\\\/\\\/littlemisstomatoes.fr\\\/wp-content\\\/uploads\\\/2025\\\/07\\\/IMG-20250729-WA0015.webp\",\"width\":1536,\"height\":2040},{\"@type\":\"BreadcrumbList\",\"@id\":\"https:\\\/\\\/littlemisstomatoes.fr\\\/index.php\\\/produit\\\/etui-a-brosse-a-dent-fleuris\\\/#breadcrumb\",\"itemListElement\":[{\"@type\":\"ListItem\",\"position\":1,\"name\":\"Accueil\",\"item\":\"https:\\\/\\\/littlemisstomatoes.fr\\\/\"},{\"@type\":\"ListItem\",\"position\":2,\"name\":\"Boutique\",\"item\":\"https:\\\/\\\/littlemisstomatoes.fr\\\/\"},{\"@type\":\"ListItem\",\"position\":3,\"name\":\"\u00c9tui \u00e0 Brosse \u00e0 dent &#8211; Fleuris\"}]},{\"@type\":\"WebSite\",\"@id\":\"https:\\\/\\\/littlemisstomatoes.fr\\\/#website\",\"url\":\"https:\\\/\\\/littlemisstomatoes.fr\\\/\",\"name\":\"Little Miss Tomatoes\",\"description\":\"Cadeaux naissance - atelier couture enfant et adulte - Grenoble - Savoir faire fran\u00e7ais\",\"publisher\":{\"@id\":\"https:\\\/\\\/littlemisstomatoes.fr\\\/#organization\"},\"potentialAction\":[{\"@type\":\"SearchAction\",\"target\":{\"@type\":\"EntryPoint\",\"urlTemplate\":\"https:\\\/\\\/littlemisstomatoes.fr\\\/?s={search_term_string}\"},\"query-input\":{\"@type\":\"PropertyValueSpecification\",\"valueRequired\":true,\"valueName\":\"search_term_string\"}}],\"inLanguage\":\"fr-FR\"},{\"@type\":\"Organization\",\"@id\":\"https:\\\/\\\/littlemisstomatoes.fr\\\/#organization\",\"name\":\"Little Miss Tomatoes\",\"url\":\"https:\\\/\\\/littlemisstomatoes.fr\\\/\",\"logo\":{\"@type\":\"ImageObject\",\"inLanguage\":\"fr-FR\",\"@id\":\"https:\\\/\\\/littlemisstomatoes.fr\\\/#\\\/schema\\\/logo\\\/image\\\/\",\"url\":\"https:\\\/\\\/littlemisstomatoes.fr\\\/wp-content\\\/uploads\\\/2021\\\/09\\\/cropped-cropped-elephantblc.jpg\",\"contentUrl\":\"https:\\\/\\\/littlemisstomatoes.fr\\\/wp-content\\\/uploads\\\/2021\\\/09\\\/cropped-cropped-elephantblc.jpg\",\"width\":512,\"height\":512,\"caption\":\"Little Miss Tomatoes\"},\"image\":{\"@id\":\"https:\\\/\\\/littlemisstomatoes.fr\\\/#\\\/schema\\\/logo\\\/image\\\/\"}}]}<\/script>\n<!-- \/ Yoast SEO plugin. -->","yoast_head_json":{"title":"\u00c9tui \u00e0 Brosse \u00e0 dent - Fleuris - Little Miss Tomatoes","robots":{"index":"index","follow":"follow","max-snippet":"max-snippet:-1","max-image-preview":"max-image-preview:large","max-video-preview":"max-video-preview:-1"},"canonical":"https:\/\/littlemisstomatoes.fr\/index.php\/produit\/etui-a-brosse-a-dent-fleuris\/","og_locale":"fr_FR","og_type":"article","og_title":"\u00c9tui \u00e0 Brosse \u00e0 dent - Fleuris - Little Miss Tomatoes","og_description":"\u00c9tui imperm\u00e9able pour transporter votre brosse \u00e0 dent. Id\u00e9al pour partir en voyage sereinement. &nbsp; Dimension : 23*10.5cm Entretien : nettoyer avec une \u00e9ponge humide &#8211; ne pas mettre en machine &nbsp; Pour encore plus de praticit\u00e9, combinez votre \u00e9tui \u00e0 brosse \u00e0 dent avec la pochette \u00e0 maillot de bain assortie ! &nbsp; &nbsp;","og_url":"https:\/\/littlemisstomatoes.fr\/index.php\/produit\/etui-a-brosse-a-dent-fleuris\/","og_site_name":"Little Miss Tomatoes","article_modified_time":"2025-08-02T09:15:05+00:00","og_image":[{"width":1536,"height":2040,"url":"https:\/\/littlemisstomatoes.fr\/wp-content\/uploads\/2025\/07\/IMG-20250729-WA0015.webp","type":"image\/webp"}],"twitter_card":"summary_large_image","twitter_misc":{"Dur\u00e9e de lecture estim\u00e9e":"1 minute"},"schema":{"@context":"https:\/\/schema.org","@graph":[{"@type":"WebPage","@id":"https:\/\/littlemisstomatoes.fr\/index.php\/produit\/etui-a-brosse-a-dent-fleuris\/","url":"https:\/\/littlemisstomatoes.fr\/index.php\/produit\/etui-a-brosse-a-dent-fleuris\/","name":"\u00c9tui \u00e0 Brosse \u00e0 dent - Fleuris - Little Miss Tomatoes","isPartOf":{"@id":"https:\/\/littlemisstomatoes.fr\/#website"},"primaryImageOfPage":{"@id":"https:\/\/littlemisstomatoes.fr\/index.php\/produit\/etui-a-brosse-a-dent-fleuris\/#primaryimage"},"image":{"@id":"https:\/\/littlemisstomatoes.fr\/index.php\/produit\/etui-a-brosse-a-dent-fleuris\/#primaryimage"},"thumbnailUrl":"https:\/\/littlemisstomatoes.fr\/wp-content\/uploads\/2025\/07\/IMG-20250729-WA0015.webp","datePublished":"2025-07-31T12:59:13+00:00","dateModified":"2025-08-02T09:15:05+00:00","breadcrumb":{"@id":"https:\/\/littlemisstomatoes.fr\/index.php\/produit\/etui-a-brosse-a-dent-fleuris\/#breadcrumb"},"inLanguage":"fr-FR","potentialAction":[{"@type":"ReadAction","target":["https:\/\/littlemisstomatoes.fr\/index.php\/produit\/etui-a-brosse-a-dent-fleuris\/"]}]},{"@type":"ImageObject","inLanguage":"fr-FR","@id":"https:\/\/littlemisstomatoes.fr\/index.php\/produit\/etui-a-brosse-a-dent-fleuris\/#primaryimage","url":"https:\/\/littlemisstomatoes.fr\/wp-content\/uploads\/2025\/07\/IMG-20250729-WA0015.webp","contentUrl":"https:\/\/littlemisstomatoes.fr\/wp-content\/uploads\/2025\/07\/IMG-20250729-WA0015.webp","width":1536,"height":2040},{"@type":"BreadcrumbList","@id":"https:\/\/littlemisstomatoes.fr\/index.php\/produit\/etui-a-brosse-a-dent-fleuris\/#breadcrumb","itemListElement":[{"@type":"ListItem","position":1,"name":"Accueil","item":"https:\/\/littlemisstomatoes.fr\/"},{"@type":"ListItem","position":2,"name":"Boutique","item":"https:\/\/littlemisstomatoes.fr\/"},{"@type":"ListItem","position":3,"name":"\u00c9tui \u00e0 Brosse \u00e0 dent &#8211; Fleuris"}]},{"@type":"WebSite","@id":"https:\/\/littlemisstomatoes.fr\/#website","url":"https:\/\/littlemisstomatoes.fr\/","name":"Little Miss Tomatoes","description":"Cadeaux naissance - atelier couture enfant et adulte - Grenoble - Savoir faire fran\u00e7ais","publisher":{"@id":"https:\/\/littlemisstomatoes.fr\/#organization"},"potentialAction":[{"@type":"SearchAction","target":{"@type":"EntryPoint","urlTemplate":"https:\/\/littlemisstomatoes.fr\/?s={search_term_string}"},"query-input":{"@type":"PropertyValueSpecification","valueRequired":true,"valueName":"search_term_string"}}],"inLanguage":"fr-FR"},{"@type":"Organization","@id":"https:\/\/littlemisstomatoes.fr\/#organization","name":"Little Miss Tomatoes","url":"https:\/\/littlemisstomatoes.fr\/","logo":{"@type":"ImageObject","inLanguage":"fr-FR","@id":"https:\/\/littlemisstomatoes.fr\/#\/schema\/logo\/image\/","url":"https:\/\/littlemisstomatoes.fr\/wp-content\/uploads\/2021\/09\/cropped-cropped-elephantblc.jpg","contentUrl":"https:\/\/littlemisstomatoes.fr\/wp-content\/uploads\/2021\/09\/cropped-cropped-elephantblc.jpg","width":512,"height":512,"caption":"Little Miss Tomatoes"},"image":{"@id":"https:\/\/littlemisstomatoes.fr\/#\/schema\/logo\/image\/"}}]}},"jetpack-related-posts":[],"jetpack_sharing_enabled":true,"_links":{"self":[{"href":"https:\/\/littlemisstomatoes.fr\/index.php\/wp-json\/wp\/v2\/product\/4046","targetHints":{"allow":["GET"]}}],"collection":[{"href":"https:\/\/littlemisstomatoes.fr\/index.php\/wp-json\/wp\/v2\/product"}],"about":[{"href":"https:\/\/littlemisstomatoes.fr\/index.php\/wp-json\/wp\/v2\/types\/product"}],"replies":[{"embeddable":true,"href":"https:\/\/littlemisstomatoes.fr\/index.php\/wp-json\/wp\/v2\/comments?post=4046"}],"wp:featuredmedia":[{"embeddable":true,"href":"https:\/\/littlemisstomatoes.fr\/index.php\/wp-json\/wp\/v2\/media\/4048"}],"wp:attachment":[{"href":"https:\/\/littlemisstomatoes.fr\/index.php\/wp-json\/wp\/v2\/media?parent=4046"}],"wp:term":[{"taxonomy":"product_brand","embeddable":true,"href":"https:\/\/littlemisstomatoes.fr\/index.php\/wp-json\/wp\/v2\/product_brand?post=4046"},{"taxonomy":"product_cat","embeddable":true,"href":"https:\/\/littlemisstomatoes.fr\/index.php\/wp-json\/wp\/v2\/product_cat?post=4046"},{"taxonomy":"product_tag","embeddable":true,"href":"https:\/\/littlemisstomatoes.fr\/index.php\/wp-json\/wp\/v2\/product_tag?post=4046"}],"curies":[{"name":"wp","href":"https:\/\/api.w.org\/{rel}","templated":true}]}}