{"id":3910,"date":"2025-07-19T13:54:59","date_gmt":"2025-07-19T11:54:59","guid":{"rendered":"https:\/\/littlemisstomatoes.fr\/?post_type=product&#038;p=3910"},"modified":"2025-07-31T10:58:52","modified_gmt":"2025-07-31T08:58:52","slug":"cape-de-bain-tigre","status":"publish","type":"product","link":"https:\/\/littlemisstomatoes.fr\/index.php\/produit\/cape-de-bain-tigre\/","title":{"rendered":"Cape de bain &#8211; Tigre"},"content":{"rendered":"<p>Sortie de bain avec capuche pour emmitoufler b\u00e9b\u00e9 dans un nuage de douceur. Confectionn\u00e9e dans de l&rsquo;\u00e9ponge de bambou ultra douce, le bain sera un moment de tendresse au quotidien. Le tissu craquant de la capuche et le biais contrast\u00e9 rehausse l&rsquo;harmonie des couleurs.<\/p>\n<p>De la naissance au 5\/6ans o\u00f9 ils s&rsquo;en servent de cape de super-h\u00e9ros, les sorties de bain \u00e0 capuches sont un cadeau de naissance intemporel.<\/p>\n<p>Possibilit\u00e9 d&rsquo;ajouter un gant d&rsquo;apprentissage assorti pour un coffret bain.<\/p>\n<p>Possibilit\u00e9 de border le pr\u00e9nom sur la capuche.<\/p>\n<p><span style=\"text-decoration: underline;\">Taille :<\/span> 75*75cm environ<\/p>\n<p><span style=\"text-decoration: underline;\">Composition :<\/span><\/p>\n<p>Cape : 80% viscose; 20% polyester<\/p>\n<p>Capuche : 50%coton ; 40% viscose; 10% polyester<\/p>\n<h3>Pour encore plus de douceur offrez un coffret bain :<\/h3>\n<ul>\n<li>Cape de bain + 4 lingettes assorties : lingettes avec tissu imprim\u00e9 assorti au recto et \u00e9ponge de bambou an verso.<\/li>\n<li>Cape de bain + un gant d\u2019apprentissage adapt\u00e9e \u00e0 la main des enfants pour quand il sera plus grand<\/li>\n<li>Le coffret int\u00e9gral : Cape de bain + 4 lingettes assorties + gant d&rsquo;apprentissage<\/li>\n<\/ul>\n","protected":false},"excerpt":{"rendered":"<p>Cape de bain ultra douce, 75*75cm.<\/p>\n","protected":false},"featured_media":3975,"comment_status":"open","ping_status":"closed","template":"","meta":[],"product_brand":[],"product_cat":[57,223,56],"product_tag":[121,125,25,164,26,248,127,129,166,163,33],"class_list":{"0":"post-3910","1":"product","2":"type-product","3":"status-publish","4":"has-post-thumbnail","6":"product_cat-cape-de-bain-coffret","7":"product_cat-en-stock","8":"product_cat-dans-le-bain","9":"product_tag-arc-en-ciel","10":"product_tag-bain","11":"product_tag-bebe","12":"product_tag-biche","13":"product_tag-cadeau-naissance","14":"product_tag-cape-de-bain","15":"product_tag-coffret","16":"product_tag-eponge-de-bambou","17":"product_tag-faon","18":"product_tag-lapin","19":"product_tag-naissance","20":"product_shipping_class-colissimo-5e","22":"first","23":"instock","24":"shipping-taxable","25":"purchasable","26":"product-type-variable"},"yoast_head":"<!-- This site is optimized with the Yoast SEO plugin v27.4 - https:\/\/yoast.com\/product\/yoast-seo-wordpress\/ -->\n<title>Cape de bain - Tigre - Little Miss Tomatoes<\/title>\n<meta name=\"robots\" content=\"index, follow, max-snippet:-1, max-image-preview:large, max-video-preview:-1\" \/>\n<link rel=\"canonical\" href=\"https:\/\/littlemisstomatoes.fr\/index.php\/produit\/cape-de-bain-tigre\/\" \/>\n<meta property=\"og:locale\" content=\"fr_FR\" \/>\n<meta property=\"og:type\" content=\"article\" \/>\n<meta property=\"og:title\" content=\"Cape de bain - Tigre - Little Miss Tomatoes\" \/>\n<meta property=\"og:description\" content=\"Cape de bain ultra douce, 75*75cm.\" \/>\n<meta property=\"og:url\" content=\"https:\/\/littlemisstomatoes.fr\/index.php\/produit\/cape-de-bain-tigre\/\" \/>\n<meta property=\"og:site_name\" content=\"Little Miss Tomatoes\" \/>\n<meta property=\"article:modified_time\" content=\"2025-07-31T08:58:52+00:00\" \/>\n<meta property=\"og:image\" content=\"https:\/\/littlemisstomatoes.fr\/wp-content\/uploads\/2025\/07\/IMG_20250731_101822-scaled-e1753952322694.webp\" \/>\n\t<meta property=\"og:image:width\" content=\"1932\" \/>\n\t<meta property=\"og:image:height\" content=\"1937\" \/>\n\t<meta property=\"og:image:type\" content=\"image\/webp\" \/>\n<meta name=\"twitter:card\" content=\"summary_large_image\" \/>\n<meta name=\"twitter:label1\" content=\"Dur\u00e9e de lecture estim\u00e9e\" \/>\n\t<meta name=\"twitter:data1\" content=\"2 minutes\" \/>\n<script type=\"application\/ld+json\" class=\"yoast-schema-graph\">{\"@context\":\"https:\\\/\\\/schema.org\",\"@graph\":[{\"@type\":\"WebPage\",\"@id\":\"https:\\\/\\\/littlemisstomatoes.fr\\\/index.php\\\/produit\\\/cape-de-bain-tigre\\\/\",\"url\":\"https:\\\/\\\/littlemisstomatoes.fr\\\/index.php\\\/produit\\\/cape-de-bain-tigre\\\/\",\"name\":\"Cape de bain - Tigre - Little Miss Tomatoes\",\"isPartOf\":{\"@id\":\"https:\\\/\\\/littlemisstomatoes.fr\\\/#website\"},\"primaryImageOfPage\":{\"@id\":\"https:\\\/\\\/littlemisstomatoes.fr\\\/index.php\\\/produit\\\/cape-de-bain-tigre\\\/#primaryimage\"},\"image\":{\"@id\":\"https:\\\/\\\/littlemisstomatoes.fr\\\/index.php\\\/produit\\\/cape-de-bain-tigre\\\/#primaryimage\"},\"thumbnailUrl\":\"https:\\\/\\\/littlemisstomatoes.fr\\\/wp-content\\\/uploads\\\/2025\\\/07\\\/IMG_20250731_101822-scaled-e1753952322694.webp\",\"datePublished\":\"2025-07-19T11:54:59+00:00\",\"dateModified\":\"2025-07-31T08:58:52+00:00\",\"breadcrumb\":{\"@id\":\"https:\\\/\\\/littlemisstomatoes.fr\\\/index.php\\\/produit\\\/cape-de-bain-tigre\\\/#breadcrumb\"},\"inLanguage\":\"fr-FR\",\"potentialAction\":[{\"@type\":\"ReadAction\",\"target\":[\"https:\\\/\\\/littlemisstomatoes.fr\\\/index.php\\\/produit\\\/cape-de-bain-tigre\\\/\"]}]},{\"@type\":\"ImageObject\",\"inLanguage\":\"fr-FR\",\"@id\":\"https:\\\/\\\/littlemisstomatoes.fr\\\/index.php\\\/produit\\\/cape-de-bain-tigre\\\/#primaryimage\",\"url\":\"https:\\\/\\\/littlemisstomatoes.fr\\\/wp-content\\\/uploads\\\/2025\\\/07\\\/IMG_20250731_101822-scaled-e1753952322694.webp\",\"contentUrl\":\"https:\\\/\\\/littlemisstomatoes.fr\\\/wp-content\\\/uploads\\\/2025\\\/07\\\/IMG_20250731_101822-scaled-e1753952322694.webp\",\"width\":1932,\"height\":1937},{\"@type\":\"BreadcrumbList\",\"@id\":\"https:\\\/\\\/littlemisstomatoes.fr\\\/index.php\\\/produit\\\/cape-de-bain-tigre\\\/#breadcrumb\",\"itemListElement\":[{\"@type\":\"ListItem\",\"position\":1,\"name\":\"Accueil\",\"item\":\"https:\\\/\\\/littlemisstomatoes.fr\\\/\"},{\"@type\":\"ListItem\",\"position\":2,\"name\":\"Boutique\",\"item\":\"https:\\\/\\\/littlemisstomatoes.fr\\\/\"},{\"@type\":\"ListItem\",\"position\":3,\"name\":\"Cape de bain &#8211; Tigre\"}]},{\"@type\":\"WebSite\",\"@id\":\"https:\\\/\\\/littlemisstomatoes.fr\\\/#website\",\"url\":\"https:\\\/\\\/littlemisstomatoes.fr\\\/\",\"name\":\"Little Miss Tomatoes\",\"description\":\"Cadeaux naissance - atelier couture enfant et adulte - Grenoble - Savoir faire fran\u00e7ais\",\"publisher\":{\"@id\":\"https:\\\/\\\/littlemisstomatoes.fr\\\/#organization\"},\"potentialAction\":[{\"@type\":\"SearchAction\",\"target\":{\"@type\":\"EntryPoint\",\"urlTemplate\":\"https:\\\/\\\/littlemisstomatoes.fr\\\/?s={search_term_string}\"},\"query-input\":{\"@type\":\"PropertyValueSpecification\",\"valueRequired\":true,\"valueName\":\"search_term_string\"}}],\"inLanguage\":\"fr-FR\"},{\"@type\":\"Organization\",\"@id\":\"https:\\\/\\\/littlemisstomatoes.fr\\\/#organization\",\"name\":\"Little Miss Tomatoes\",\"url\":\"https:\\\/\\\/littlemisstomatoes.fr\\\/\",\"logo\":{\"@type\":\"ImageObject\",\"inLanguage\":\"fr-FR\",\"@id\":\"https:\\\/\\\/littlemisstomatoes.fr\\\/#\\\/schema\\\/logo\\\/image\\\/\",\"url\":\"https:\\\/\\\/littlemisstomatoes.fr\\\/wp-content\\\/uploads\\\/2021\\\/09\\\/cropped-cropped-elephantblc.jpg\",\"contentUrl\":\"https:\\\/\\\/littlemisstomatoes.fr\\\/wp-content\\\/uploads\\\/2021\\\/09\\\/cropped-cropped-elephantblc.jpg\",\"width\":512,\"height\":512,\"caption\":\"Little Miss Tomatoes\"},\"image\":{\"@id\":\"https:\\\/\\\/littlemisstomatoes.fr\\\/#\\\/schema\\\/logo\\\/image\\\/\"}}]}<\/script>\n<!-- \/ Yoast SEO plugin. -->","yoast_head_json":{"title":"Cape de bain - Tigre - Little Miss Tomatoes","robots":{"index":"index","follow":"follow","max-snippet":"max-snippet:-1","max-image-preview":"max-image-preview:large","max-video-preview":"max-video-preview:-1"},"canonical":"https:\/\/littlemisstomatoes.fr\/index.php\/produit\/cape-de-bain-tigre\/","og_locale":"fr_FR","og_type":"article","og_title":"Cape de bain - Tigre - Little Miss Tomatoes","og_description":"Cape de bain ultra douce, 75*75cm.","og_url":"https:\/\/littlemisstomatoes.fr\/index.php\/produit\/cape-de-bain-tigre\/","og_site_name":"Little Miss Tomatoes","article_modified_time":"2025-07-31T08:58:52+00:00","og_image":[{"width":1932,"height":1937,"url":"https:\/\/littlemisstomatoes.fr\/wp-content\/uploads\/2025\/07\/IMG_20250731_101822-scaled-e1753952322694.webp","type":"image\/webp"}],"twitter_card":"summary_large_image","twitter_misc":{"Dur\u00e9e de lecture estim\u00e9e":"2 minutes"},"schema":{"@context":"https:\/\/schema.org","@graph":[{"@type":"WebPage","@id":"https:\/\/littlemisstomatoes.fr\/index.php\/produit\/cape-de-bain-tigre\/","url":"https:\/\/littlemisstomatoes.fr\/index.php\/produit\/cape-de-bain-tigre\/","name":"Cape de bain - Tigre - Little Miss Tomatoes","isPartOf":{"@id":"https:\/\/littlemisstomatoes.fr\/#website"},"primaryImageOfPage":{"@id":"https:\/\/littlemisstomatoes.fr\/index.php\/produit\/cape-de-bain-tigre\/#primaryimage"},"image":{"@id":"https:\/\/littlemisstomatoes.fr\/index.php\/produit\/cape-de-bain-tigre\/#primaryimage"},"thumbnailUrl":"https:\/\/littlemisstomatoes.fr\/wp-content\/uploads\/2025\/07\/IMG_20250731_101822-scaled-e1753952322694.webp","datePublished":"2025-07-19T11:54:59+00:00","dateModified":"2025-07-31T08:58:52+00:00","breadcrumb":{"@id":"https:\/\/littlemisstomatoes.fr\/index.php\/produit\/cape-de-bain-tigre\/#breadcrumb"},"inLanguage":"fr-FR","potentialAction":[{"@type":"ReadAction","target":["https:\/\/littlemisstomatoes.fr\/index.php\/produit\/cape-de-bain-tigre\/"]}]},{"@type":"ImageObject","inLanguage":"fr-FR","@id":"https:\/\/littlemisstomatoes.fr\/index.php\/produit\/cape-de-bain-tigre\/#primaryimage","url":"https:\/\/littlemisstomatoes.fr\/wp-content\/uploads\/2025\/07\/IMG_20250731_101822-scaled-e1753952322694.webp","contentUrl":"https:\/\/littlemisstomatoes.fr\/wp-content\/uploads\/2025\/07\/IMG_20250731_101822-scaled-e1753952322694.webp","width":1932,"height":1937},{"@type":"BreadcrumbList","@id":"https:\/\/littlemisstomatoes.fr\/index.php\/produit\/cape-de-bain-tigre\/#breadcrumb","itemListElement":[{"@type":"ListItem","position":1,"name":"Accueil","item":"https:\/\/littlemisstomatoes.fr\/"},{"@type":"ListItem","position":2,"name":"Boutique","item":"https:\/\/littlemisstomatoes.fr\/"},{"@type":"ListItem","position":3,"name":"Cape de bain &#8211; Tigre"}]},{"@type":"WebSite","@id":"https:\/\/littlemisstomatoes.fr\/#website","url":"https:\/\/littlemisstomatoes.fr\/","name":"Little Miss Tomatoes","description":"Cadeaux naissance - atelier couture enfant et adulte - Grenoble - Savoir faire fran\u00e7ais","publisher":{"@id":"https:\/\/littlemisstomatoes.fr\/#organization"},"potentialAction":[{"@type":"SearchAction","target":{"@type":"EntryPoint","urlTemplate":"https:\/\/littlemisstomatoes.fr\/?s={search_term_string}"},"query-input":{"@type":"PropertyValueSpecification","valueRequired":true,"valueName":"search_term_string"}}],"inLanguage":"fr-FR"},{"@type":"Organization","@id":"https:\/\/littlemisstomatoes.fr\/#organization","name":"Little Miss Tomatoes","url":"https:\/\/littlemisstomatoes.fr\/","logo":{"@type":"ImageObject","inLanguage":"fr-FR","@id":"https:\/\/littlemisstomatoes.fr\/#\/schema\/logo\/image\/","url":"https:\/\/littlemisstomatoes.fr\/wp-content\/uploads\/2021\/09\/cropped-cropped-elephantblc.jpg","contentUrl":"https:\/\/littlemisstomatoes.fr\/wp-content\/uploads\/2021\/09\/cropped-cropped-elephantblc.jpg","width":512,"height":512,"caption":"Little Miss Tomatoes"},"image":{"@id":"https:\/\/littlemisstomatoes.fr\/#\/schema\/logo\/image\/"}}]}},"jetpack-related-posts":[],"jetpack_sharing_enabled":true,"_links":{"self":[{"href":"https:\/\/littlemisstomatoes.fr\/index.php\/wp-json\/wp\/v2\/product\/3910","targetHints":{"allow":["GET"]}}],"collection":[{"href":"https:\/\/littlemisstomatoes.fr\/index.php\/wp-json\/wp\/v2\/product"}],"about":[{"href":"https:\/\/littlemisstomatoes.fr\/index.php\/wp-json\/wp\/v2\/types\/product"}],"replies":[{"embeddable":true,"href":"https:\/\/littlemisstomatoes.fr\/index.php\/wp-json\/wp\/v2\/comments?post=3910"}],"wp:featuredmedia":[{"embeddable":true,"href":"https:\/\/littlemisstomatoes.fr\/index.php\/wp-json\/wp\/v2\/media\/3975"}],"wp:attachment":[{"href":"https:\/\/littlemisstomatoes.fr\/index.php\/wp-json\/wp\/v2\/media?parent=3910"}],"wp:term":[{"taxonomy":"product_brand","embeddable":true,"href":"https:\/\/littlemisstomatoes.fr\/index.php\/wp-json\/wp\/v2\/product_brand?post=3910"},{"taxonomy":"product_cat","embeddable":true,"href":"https:\/\/littlemisstomatoes.fr\/index.php\/wp-json\/wp\/v2\/product_cat?post=3910"},{"taxonomy":"product_tag","embeddable":true,"href":"https:\/\/littlemisstomatoes.fr\/index.php\/wp-json\/wp\/v2\/product_tag?post=3910"}],"curies":[{"name":"wp","href":"https:\/\/api.w.org\/{rel}","templated":true}]}}