{"id":349,"date":"2021-10-05T16:44:38","date_gmt":"2021-10-05T14:44:38","guid":{"rendered":"https:\/\/littlemisstomatoes.fr\/?post_type=product&#038;p=349"},"modified":"2025-10-13T16:52:03","modified_gmt":"2025-10-13T14:52:03","slug":"couverture-panda-boheme","status":"publish","type":"product","link":"https:\/\/littlemisstomatoes.fr\/index.php\/produit\/couverture-panda-boheme\/","title":{"rendered":"Couverture Pandas Boh\u00e8me"},"content":{"rendered":"<p>Couverture ultra douce qui emm\u00e8nera b\u00e9b\u00e9 faire de doux r\u00eaves en compagnie de ces craquants pandas.<\/p>\n<p>Doubl\u00e9e avec de la polaire minky menthe, elle est tr\u00e8s douce au toucher. Pratique, elle se plie facilement pour se ranger sous la poussette ou dans la voiture.<\/p>\n<p>Le pr\u00e9nom peut \u00eatre brod\u00e9 pour une personnalisation.<\/p>\n<p>R\u00e9alis\u00e9e dans mon atelier grenoblois.<\/p>\n<p><em><strong><br \/>\n<\/strong> <\/em><\/p>\n<p>Dimension : 100*70cm environ<\/p>\n<p>Composition : 50% coton 50% polyester. Lavage 30\u00b0, ne pas repasser.<\/p>\n<p>Envoi sous enveloppe ind\u00e9chirable par courrier suivi. Si vous souhaitez une boite cadeau, n\u2019oubliez pas de l\u2019ajouter lors de votre commande !<\/p>\n","protected":false},"excerpt":{"rendered":"<p>Couverture panda, ultra douce.<\/p>\n","protected":false},"featured_media":291,"comment_status":"open","ping_status":"closed","template":"","meta":[],"product_brand":[],"product_cat":[37,34,223,76,253],"product_tag":[25,81,24,95,96,93,30,94,33,92,31],"class_list":{"0":"post-349","1":"product","2":"type-product","3":"status-publish","4":"has-post-thumbnail","6":"product_cat-bonne-nuit","7":"product_cat-couverture","8":"product_cat-en-stock","9":"product_cat-les-collection","10":"product_cat-savane","11":"product_tag-bebe","12":"product_tag-chambre","13":"product_tag-couverture","14":"product_tag-douceur","15":"product_tag-lit","16":"product_tag-menthe","17":"product_tag-minky","18":"product_tag-mint","19":"product_tag-naissance","20":"product_tag-panda","21":"product_tag-polaire","22":"product_shipping_class-colissimo-5e","24":"first","25":"instock","26":"featured","27":"shipping-taxable","28":"purchasable","29":"product-type-variable"},"yoast_head":"<!-- This site is optimized with the Yoast SEO plugin v27.4 - https:\/\/yoast.com\/product\/yoast-seo-wordpress\/ -->\n<title>Couverture Pandas Boh\u00e8me - Little Miss Tomatoes<\/title>\n<meta name=\"robots\" content=\"index, follow, max-snippet:-1, max-image-preview:large, max-video-preview:-1\" \/>\n<link rel=\"canonical\" href=\"https:\/\/littlemisstomatoes.fr\/index.php\/produit\/couverture-panda-boheme\/\" \/>\n<meta property=\"og:locale\" content=\"fr_FR\" \/>\n<meta property=\"og:type\" content=\"article\" \/>\n<meta property=\"og:title\" content=\"Couverture Pandas Boh\u00e8me - Little Miss Tomatoes\" \/>\n<meta property=\"og:description\" content=\"Couverture panda, ultra douce.\" \/>\n<meta property=\"og:url\" content=\"https:\/\/littlemisstomatoes.fr\/index.php\/produit\/couverture-panda-boheme\/\" \/>\n<meta property=\"og:site_name\" content=\"Little Miss Tomatoes\" \/>\n<meta property=\"article:modified_time\" content=\"2025-10-13T14:52:03+00:00\" \/>\n<meta property=\"og:image\" content=\"https:\/\/littlemisstomatoes.fr\/wp-content\/uploads\/2021\/10\/1633436882797-scaled.jpg\" \/>\n\t<meta property=\"og:image:width\" content=\"2560\" \/>\n\t<meta property=\"og:image:height\" content=\"2560\" \/>\n\t<meta property=\"og:image:type\" content=\"image\/jpeg\" \/>\n<meta name=\"twitter:card\" content=\"summary_large_image\" \/>\n<script type=\"application\/ld+json\" class=\"yoast-schema-graph\">{\"@context\":\"https:\\\/\\\/schema.org\",\"@graph\":[{\"@type\":\"WebPage\",\"@id\":\"https:\\\/\\\/littlemisstomatoes.fr\\\/index.php\\\/produit\\\/couverture-panda-boheme\\\/\",\"url\":\"https:\\\/\\\/littlemisstomatoes.fr\\\/index.php\\\/produit\\\/couverture-panda-boheme\\\/\",\"name\":\"Couverture Pandas Boh\u00e8me - Little Miss Tomatoes\",\"isPartOf\":{\"@id\":\"https:\\\/\\\/littlemisstomatoes.fr\\\/#website\"},\"primaryImageOfPage\":{\"@id\":\"https:\\\/\\\/littlemisstomatoes.fr\\\/index.php\\\/produit\\\/couverture-panda-boheme\\\/#primaryimage\"},\"image\":{\"@id\":\"https:\\\/\\\/littlemisstomatoes.fr\\\/index.php\\\/produit\\\/couverture-panda-boheme\\\/#primaryimage\"},\"thumbnailUrl\":\"https:\\\/\\\/littlemisstomatoes.fr\\\/wp-content\\\/uploads\\\/2021\\\/10\\\/1633436882797-scaled.jpg\",\"datePublished\":\"2021-10-05T14:44:38+00:00\",\"dateModified\":\"2025-10-13T14:52:03+00:00\",\"breadcrumb\":{\"@id\":\"https:\\\/\\\/littlemisstomatoes.fr\\\/index.php\\\/produit\\\/couverture-panda-boheme\\\/#breadcrumb\"},\"inLanguage\":\"fr-FR\",\"potentialAction\":[{\"@type\":\"ReadAction\",\"target\":[\"https:\\\/\\\/littlemisstomatoes.fr\\\/index.php\\\/produit\\\/couverture-panda-boheme\\\/\"]}]},{\"@type\":\"ImageObject\",\"inLanguage\":\"fr-FR\",\"@id\":\"https:\\\/\\\/littlemisstomatoes.fr\\\/index.php\\\/produit\\\/couverture-panda-boheme\\\/#primaryimage\",\"url\":\"https:\\\/\\\/littlemisstomatoes.fr\\\/wp-content\\\/uploads\\\/2021\\\/10\\\/1633436882797-scaled.jpg\",\"contentUrl\":\"https:\\\/\\\/littlemisstomatoes.fr\\\/wp-content\\\/uploads\\\/2021\\\/10\\\/1633436882797-scaled.jpg\",\"width\":2560,\"height\":2560},{\"@type\":\"BreadcrumbList\",\"@id\":\"https:\\\/\\\/littlemisstomatoes.fr\\\/index.php\\\/produit\\\/couverture-panda-boheme\\\/#breadcrumb\",\"itemListElement\":[{\"@type\":\"ListItem\",\"position\":1,\"name\":\"Accueil\",\"item\":\"https:\\\/\\\/littlemisstomatoes.fr\\\/\"},{\"@type\":\"ListItem\",\"position\":2,\"name\":\"Boutique\",\"item\":\"https:\\\/\\\/littlemisstomatoes.fr\\\/\"},{\"@type\":\"ListItem\",\"position\":3,\"name\":\"Couverture Pandas Boh\u00e8me\"}]},{\"@type\":\"WebSite\",\"@id\":\"https:\\\/\\\/littlemisstomatoes.fr\\\/#website\",\"url\":\"https:\\\/\\\/littlemisstomatoes.fr\\\/\",\"name\":\"Little Miss Tomatoes\",\"description\":\"Cadeaux naissance - atelier couture enfant et adulte - Grenoble - Savoir faire fran\u00e7ais\",\"publisher\":{\"@id\":\"https:\\\/\\\/littlemisstomatoes.fr\\\/#organization\"},\"potentialAction\":[{\"@type\":\"SearchAction\",\"target\":{\"@type\":\"EntryPoint\",\"urlTemplate\":\"https:\\\/\\\/littlemisstomatoes.fr\\\/?s={search_term_string}\"},\"query-input\":{\"@type\":\"PropertyValueSpecification\",\"valueRequired\":true,\"valueName\":\"search_term_string\"}}],\"inLanguage\":\"fr-FR\"},{\"@type\":\"Organization\",\"@id\":\"https:\\\/\\\/littlemisstomatoes.fr\\\/#organization\",\"name\":\"Little Miss Tomatoes\",\"url\":\"https:\\\/\\\/littlemisstomatoes.fr\\\/\",\"logo\":{\"@type\":\"ImageObject\",\"inLanguage\":\"fr-FR\",\"@id\":\"https:\\\/\\\/littlemisstomatoes.fr\\\/#\\\/schema\\\/logo\\\/image\\\/\",\"url\":\"https:\\\/\\\/littlemisstomatoes.fr\\\/wp-content\\\/uploads\\\/2021\\\/09\\\/cropped-cropped-elephantblc.jpg\",\"contentUrl\":\"https:\\\/\\\/littlemisstomatoes.fr\\\/wp-content\\\/uploads\\\/2021\\\/09\\\/cropped-cropped-elephantblc.jpg\",\"width\":512,\"height\":512,\"caption\":\"Little Miss Tomatoes\"},\"image\":{\"@id\":\"https:\\\/\\\/littlemisstomatoes.fr\\\/#\\\/schema\\\/logo\\\/image\\\/\"}}]}<\/script>\n<!-- \/ Yoast SEO plugin. -->","yoast_head_json":{"title":"Couverture Pandas Boh\u00e8me - Little Miss Tomatoes","robots":{"index":"index","follow":"follow","max-snippet":"max-snippet:-1","max-image-preview":"max-image-preview:large","max-video-preview":"max-video-preview:-1"},"canonical":"https:\/\/littlemisstomatoes.fr\/index.php\/produit\/couverture-panda-boheme\/","og_locale":"fr_FR","og_type":"article","og_title":"Couverture Pandas Boh\u00e8me - Little Miss Tomatoes","og_description":"Couverture panda, ultra douce.","og_url":"https:\/\/littlemisstomatoes.fr\/index.php\/produit\/couverture-panda-boheme\/","og_site_name":"Little Miss Tomatoes","article_modified_time":"2025-10-13T14:52:03+00:00","og_image":[{"width":2560,"height":2560,"url":"https:\/\/littlemisstomatoes.fr\/wp-content\/uploads\/2021\/10\/1633436882797-scaled.jpg","type":"image\/jpeg"}],"twitter_card":"summary_large_image","schema":{"@context":"https:\/\/schema.org","@graph":[{"@type":"WebPage","@id":"https:\/\/littlemisstomatoes.fr\/index.php\/produit\/couverture-panda-boheme\/","url":"https:\/\/littlemisstomatoes.fr\/index.php\/produit\/couverture-panda-boheme\/","name":"Couverture Pandas Boh\u00e8me - Little Miss Tomatoes","isPartOf":{"@id":"https:\/\/littlemisstomatoes.fr\/#website"},"primaryImageOfPage":{"@id":"https:\/\/littlemisstomatoes.fr\/index.php\/produit\/couverture-panda-boheme\/#primaryimage"},"image":{"@id":"https:\/\/littlemisstomatoes.fr\/index.php\/produit\/couverture-panda-boheme\/#primaryimage"},"thumbnailUrl":"https:\/\/littlemisstomatoes.fr\/wp-content\/uploads\/2021\/10\/1633436882797-scaled.jpg","datePublished":"2021-10-05T14:44:38+00:00","dateModified":"2025-10-13T14:52:03+00:00","breadcrumb":{"@id":"https:\/\/littlemisstomatoes.fr\/index.php\/produit\/couverture-panda-boheme\/#breadcrumb"},"inLanguage":"fr-FR","potentialAction":[{"@type":"ReadAction","target":["https:\/\/littlemisstomatoes.fr\/index.php\/produit\/couverture-panda-boheme\/"]}]},{"@type":"ImageObject","inLanguage":"fr-FR","@id":"https:\/\/littlemisstomatoes.fr\/index.php\/produit\/couverture-panda-boheme\/#primaryimage","url":"https:\/\/littlemisstomatoes.fr\/wp-content\/uploads\/2021\/10\/1633436882797-scaled.jpg","contentUrl":"https:\/\/littlemisstomatoes.fr\/wp-content\/uploads\/2021\/10\/1633436882797-scaled.jpg","width":2560,"height":2560},{"@type":"BreadcrumbList","@id":"https:\/\/littlemisstomatoes.fr\/index.php\/produit\/couverture-panda-boheme\/#breadcrumb","itemListElement":[{"@type":"ListItem","position":1,"name":"Accueil","item":"https:\/\/littlemisstomatoes.fr\/"},{"@type":"ListItem","position":2,"name":"Boutique","item":"https:\/\/littlemisstomatoes.fr\/"},{"@type":"ListItem","position":3,"name":"Couverture Pandas Boh\u00e8me"}]},{"@type":"WebSite","@id":"https:\/\/littlemisstomatoes.fr\/#website","url":"https:\/\/littlemisstomatoes.fr\/","name":"Little Miss Tomatoes","description":"Cadeaux naissance - atelier couture enfant et adulte - Grenoble - Savoir faire fran\u00e7ais","publisher":{"@id":"https:\/\/littlemisstomatoes.fr\/#organization"},"potentialAction":[{"@type":"SearchAction","target":{"@type":"EntryPoint","urlTemplate":"https:\/\/littlemisstomatoes.fr\/?s={search_term_string}"},"query-input":{"@type":"PropertyValueSpecification","valueRequired":true,"valueName":"search_term_string"}}],"inLanguage":"fr-FR"},{"@type":"Organization","@id":"https:\/\/littlemisstomatoes.fr\/#organization","name":"Little Miss Tomatoes","url":"https:\/\/littlemisstomatoes.fr\/","logo":{"@type":"ImageObject","inLanguage":"fr-FR","@id":"https:\/\/littlemisstomatoes.fr\/#\/schema\/logo\/image\/","url":"https:\/\/littlemisstomatoes.fr\/wp-content\/uploads\/2021\/09\/cropped-cropped-elephantblc.jpg","contentUrl":"https:\/\/littlemisstomatoes.fr\/wp-content\/uploads\/2021\/09\/cropped-cropped-elephantblc.jpg","width":512,"height":512,"caption":"Little Miss Tomatoes"},"image":{"@id":"https:\/\/littlemisstomatoes.fr\/#\/schema\/logo\/image\/"}}]}},"jetpack-related-posts":[],"jetpack_sharing_enabled":true,"_links":{"self":[{"href":"https:\/\/littlemisstomatoes.fr\/index.php\/wp-json\/wp\/v2\/product\/349","targetHints":{"allow":["GET"]}}],"collection":[{"href":"https:\/\/littlemisstomatoes.fr\/index.php\/wp-json\/wp\/v2\/product"}],"about":[{"href":"https:\/\/littlemisstomatoes.fr\/index.php\/wp-json\/wp\/v2\/types\/product"}],"replies":[{"embeddable":true,"href":"https:\/\/littlemisstomatoes.fr\/index.php\/wp-json\/wp\/v2\/comments?post=349"}],"wp:featuredmedia":[{"embeddable":true,"href":"https:\/\/littlemisstomatoes.fr\/index.php\/wp-json\/wp\/v2\/media\/291"}],"wp:attachment":[{"href":"https:\/\/littlemisstomatoes.fr\/index.php\/wp-json\/wp\/v2\/media?parent=349"}],"wp:term":[{"taxonomy":"product_brand","embeddable":true,"href":"https:\/\/littlemisstomatoes.fr\/index.php\/wp-json\/wp\/v2\/product_brand?post=349"},{"taxonomy":"product_cat","embeddable":true,"href":"https:\/\/littlemisstomatoes.fr\/index.php\/wp-json\/wp\/v2\/product_cat?post=349"},{"taxonomy":"product_tag","embeddable":true,"href":"https:\/\/littlemisstomatoes.fr\/index.php\/wp-json\/wp\/v2\/product_tag?post=349"}],"curies":[{"name":"wp","href":"https:\/\/api.w.org\/{rel}","templated":true}]}}