{"id":3439,"date":"2025-03-27T11:10:35","date_gmt":"2025-03-27T10:10:35","guid":{"rendered":"https:\/\/littlemisstomatoes.fr\/?post_type=product&#038;p=3439"},"modified":"2026-04-06T11:16:45","modified_gmt":"2026-04-06T09:16:45","slug":"stage-de-couture-grenoble-enfant-vacances-avril","status":"publish","type":"product","link":"https:\/\/littlemisstomatoes.fr\/index.php\/produit\/stage-de-couture-grenoble-enfant-vacances-avril\/","title":{"rendered":"Stage de couture Grenoble enfant et adulte &#8211; vacances \u00e9t\u00e9 juillet 2026"},"content":{"rendered":"<h1 data-pm-slice=\"1 1 []\"><strong>Stage de Couture &#8211; Vacances \u00e9t\u00e9 juillet 2026\u00a0<\/strong><\/h1>\n<p>&nbsp;<\/p>\n<p>(EDIT\u00a0 : le stage des vacances d&rsquo;avril est COMPLET, la fiche article concerne le stage de JUILLET 2026)<\/p>\n<p><strong><span style=\"text-decoration: underline;\">NOUVEAU le tarif Ado+ arrive pour les enfants qui souhaitent faire + de couture \ud83e\udd73<\/span><\/strong><\/p>\n<p>Vous souhaitez apprendre \u00e0 coudre ou perfectionner vos techniques ? Le stage de couture Grenoble pour enfant et adulte est fait pour vous pendant ces vacances. Participez au stage de couture pour enfant et adulte pendant ces vacances d&rsquo;\u00e9t\u00e9 2026!<\/p>\n<h4><strong>Pour qui ?<\/strong><\/h4>\n<ul data-spread=\"false\">\n<li><strong>Enfants<\/strong> : \u00c0 partir de 6 ans, pour d\u00e9couvrir la couture en s\u2019amusant.<\/li>\n<li><strong>Adultes<\/strong> : D\u00e9butants ou initi\u00e9s, pour d\u00e9velopper leurs comp\u00e9tences et r\u00e9aliser de belles cr\u00e9ations.<\/li>\n<\/ul>\n<h4><strong>Au programme :<\/strong><\/h4>\n<ul data-spread=\"false\">\n<li><span style=\"text-decoration: underline;\">Initiation \u00e0 la machine \u00e0 coudre et aux bases de la couture :<\/span> m\u00eame si vous avez d\u00e9j\u00e0 utiliser une machine il y longtemps, aucun souci, nous repartons sur de bonnes bases. Vous pouvez m\u00eame apporter votre machine \u00e0 coudre si vous souhaitez la prendre en main.<\/li>\n<li><span style=\"text-decoration: underline;\">R\u00e9alisation de projets adapt\u00e9s \u00e0 chaque niveau<\/span> : Je vous propose des projets adapt\u00e9s \u00e0 chaque niveau, allant de la couture droite jusqu&rsquo;\u00e0 la pose d&rsquo;une fermeture \u00e9clair. Chaque \u00e9tape sera expliqu\u00e9e de mani\u00e8re progressive pour garantir un apprentissage efficace. Pour les adultes, la premi\u00e8re matin\u00e9e sera d\u00e9di\u00e9e \u00e0 la prise en main des outils et des machines ainsi qu&rsquo;\u00e0 la lecture d\u2019un patron. Toutefois, si vous avez un projet sp\u00e9cifique en t\u00eate, vous pouvez l\u2019apporter. Dans ce cas, nous r\u00e9serverons les deux derni\u00e8res matin\u00e9es pour vous accompagner dans sa r\u00e9alisation.<\/li>\n<li><span style=\"text-decoration: underline;\">Astuces et conseils pour coudre en autonomie :<\/span> l&rsquo;objectif ? Que vous puissiez continuer chez vous ! Non seulement vous aurez acquis les bases pendant le stage mais vous repartirez avec de quoi finir vos projets que vous aviez depuis tout ce temps !<\/li>\n<\/ul>\n<h4><strong>Lieu et horaires :<\/strong><\/h4>\n<ul data-spread=\"false\">\n<li>\ud83d\udccd Atelier FOURNO, 10 rue Marx Dormoy \u00e0 Grenoble<\/li>\n<li>\ud83d\udd58 Horaires : de 9h30 \u00e0 11h pour les enfants et de 9h30 \u00e0 11h30 pour les ados et adultes.<\/li>\n<\/ul>\n<p><strong>Tarifs et inscription :<\/strong><\/p>\n<ul data-spread=\"false\">\n<li>Tarif enfant : 95\u20ac les trois matin\u00e9es. 1h30 de couture par matin\u00e9e pour rester concentr\u00e9. A partir de 6ans<\/li>\n<li>Tarif ado + : 110\u20ac les trois matin\u00e9es. Id\u00e9al pour les ado qui peuvent rester concentr\u00e9 plut\u00f4t 2h. Ils peuvent faire des projets plus longs. <em>(NB : Si votre enfant \u00e0 +13ans et vous ne souhaitez que 1h30 de couture par jour, vous pouvez prendre le tarif enfant)<\/em><\/li>\n<li>Tarif adulte : 130\u20ac les trois matin\u00e9es pour 2h de couture par jour.<\/li>\n<li>Mat\u00e9riel fourni \/ \u00e0 pr\u00e9voir si les projets sont personnels.<\/li>\n<\/ul>\n<p>Les places sont limit\u00e9es \u00e0 5 ! Alors r\u00e9servez d\u00e8s maintenant pour garantir votre participation.<\/p>\n<p>Venez partager un moment cr\u00e9atif et convivial ! \u2702\ufe0f\ud83e\uddf5<\/p>\n<p>&nbsp;<\/p>\n<p>Je vous propose ici un stage de couture Grenoble enfant et adulte &#8211; vacances d&rsquo;\u00e9t\u00e9 en juillet 2026. Afin de m&rsquo;adapter au plus pr\u00e8s de vos envies, d&rsquo;autres formules ateliers guid\u00e9s ou cours r\u00e9guliers sont aussi disponibles sur le site internet : <a href=\"https:\/\/littlemisstomatoes.fr\/index.php\/categorie-produit\/ateliers-couture\/\">rendez-vous ici<\/a> !<\/p>\n<p>Pour suivre toutes les actus, c&rsquo;est sur le compte <a href=\"https:\/\/www.instagram.com\/little.misstomatoes\/\">instagram<\/a> !<\/p>\n","protected":false},"excerpt":{"rendered":"<p>Stage de Couture &#8211; Vacances \u00e9t\u00e9 juillet 2026\u00a0 &nbsp; (EDIT\u00a0 : le stage des vacances d&rsquo;avril est COMPLET, la fiche article concerne le stage de JUILLET 2026) NOUVEAU le tarif Ado+ arrive pour les enfants qui souhaitent faire + de couture \ud83e\udd73 Vous souhaitez apprendre \u00e0 coudre ou perfectionner vos techniques ? Le stage de &hellip; <\/p>\n","protected":false},"featured_media":4666,"comment_status":"open","ping_status":"closed","template":"","meta":[],"product_brand":[],"product_cat":[241],"product_tag":[282,323,319,318,317,322,283,321,320,315,324,316],"class_list":{"0":"post-3439","1":"product","2":"type-product","3":"status-publish","4":"has-post-thumbnail","6":"product_cat-ateliers-couture","7":"product_tag-apprendre-a-coudre","8":"product_tag-artisanat","9":"product_tag-atelier-creatif","10":"product_tag-couture-adultes","11":"product_tag-couture-enfants","12":"product_tag-creations-textiles","13":"product_tag-grenoble","14":"product_tag-initiation-couture","15":"product_tag-loisirs-creatifs","16":"product_tag-stage-de-couture","17":"product_tag-vacances","18":"product_tag-vacances-scolaires","20":"first","21":"instock","22":"shipping-taxable","23":"purchasable","24":"product-type-variable"},"yoast_head":"<!-- This site is optimized with the Yoast SEO plugin v27.3 - https:\/\/yoast.com\/product\/yoast-seo-wordpress\/ -->\n<title>Stage de couture Grenoble enfant et adulte - vacances \u00e9t\u00e9 juillet 2026 - Little Miss Tomatoes<\/title>\n<meta name=\"description\" content=\"Stage de couture Grenoble enfant et adulte - vacances d&#039;\u00e9t\u00e9 juillet 2026 Profitez des vacances scolaires pour apprendre ou vous perfectionner en couture !\" \/>\n<meta name=\"robots\" content=\"index, follow, max-snippet:-1, max-image-preview:large, max-video-preview:-1\" \/>\n<link rel=\"canonical\" href=\"https:\/\/littlemisstomatoes.fr\/index.php\/produit\/stage-de-couture-grenoble-enfant-vacances-avril\/\" \/>\n<meta property=\"og:locale\" content=\"fr_FR\" \/>\n<meta property=\"og:type\" content=\"article\" \/>\n<meta property=\"og:title\" content=\"Stage de couture Grenoble enfant et adulte - vacances \u00e9t\u00e9 juillet 2026 - Little Miss Tomatoes\" \/>\n<meta property=\"og:description\" content=\"Stage de couture Grenoble enfant et adulte - vacances d&#039;\u00e9t\u00e9 juillet 2026 Profitez des vacances scolaires pour apprendre ou vous perfectionner en couture !\" \/>\n<meta property=\"og:url\" content=\"https:\/\/littlemisstomatoes.fr\/index.php\/produit\/stage-de-couture-grenoble-enfant-vacances-avril\/\" \/>\n<meta property=\"og:site_name\" content=\"Little Miss Tomatoes\" \/>\n<meta property=\"article:modified_time\" content=\"2026-04-06T09:16:45+00:00\" \/>\n<meta property=\"og:image\" content=\"https:\/\/littlemisstomatoes.fr\/wp-content\/uploads\/2025\/03\/Beige-and-Brown-Minimalist-Elegant-Weekly-Newsletter3.jpg\" \/>\n\t<meta property=\"og:image:width\" content=\"1414\" \/>\n\t<meta property=\"og:image:height\" content=\"2000\" \/>\n\t<meta property=\"og:image:type\" content=\"image\/jpeg\" \/>\n<meta name=\"twitter:card\" content=\"summary_large_image\" \/>\n<meta name=\"twitter:label1\" content=\"Dur\u00e9e de lecture estim\u00e9e\" \/>\n\t<meta name=\"twitter:data1\" content=\"3 minutes\" \/>\n<script type=\"application\/ld+json\" class=\"yoast-schema-graph\">{\"@context\":\"https:\\\/\\\/schema.org\",\"@graph\":[{\"@type\":\"WebPage\",\"@id\":\"https:\\\/\\\/littlemisstomatoes.fr\\\/index.php\\\/produit\\\/stage-de-couture-grenoble-enfant-vacances-avril\\\/\",\"url\":\"https:\\\/\\\/littlemisstomatoes.fr\\\/index.php\\\/produit\\\/stage-de-couture-grenoble-enfant-vacances-avril\\\/\",\"name\":\"Stage de couture Grenoble enfant et adulte - vacances \u00e9t\u00e9 juillet 2026 - Little Miss Tomatoes\",\"isPartOf\":{\"@id\":\"https:\\\/\\\/littlemisstomatoes.fr\\\/#website\"},\"primaryImageOfPage\":{\"@id\":\"https:\\\/\\\/littlemisstomatoes.fr\\\/index.php\\\/produit\\\/stage-de-couture-grenoble-enfant-vacances-avril\\\/#primaryimage\"},\"image\":{\"@id\":\"https:\\\/\\\/littlemisstomatoes.fr\\\/index.php\\\/produit\\\/stage-de-couture-grenoble-enfant-vacances-avril\\\/#primaryimage\"},\"thumbnailUrl\":\"https:\\\/\\\/littlemisstomatoes.fr\\\/wp-content\\\/uploads\\\/2025\\\/03\\\/Beige-and-Brown-Minimalist-Elegant-Weekly-Newsletter3.jpg\",\"datePublished\":\"2025-03-27T10:10:35+00:00\",\"dateModified\":\"2026-04-06T09:16:45+00:00\",\"description\":\"Stage de couture Grenoble enfant et adulte - vacances d'\u00e9t\u00e9 juillet 2026 Profitez des vacances scolaires pour apprendre ou vous perfectionner en couture !\",\"breadcrumb\":{\"@id\":\"https:\\\/\\\/littlemisstomatoes.fr\\\/index.php\\\/produit\\\/stage-de-couture-grenoble-enfant-vacances-avril\\\/#breadcrumb\"},\"inLanguage\":\"fr-FR\",\"potentialAction\":[{\"@type\":\"ReadAction\",\"target\":[\"https:\\\/\\\/littlemisstomatoes.fr\\\/index.php\\\/produit\\\/stage-de-couture-grenoble-enfant-vacances-avril\\\/\"]}]},{\"@type\":\"ImageObject\",\"inLanguage\":\"fr-FR\",\"@id\":\"https:\\\/\\\/littlemisstomatoes.fr\\\/index.php\\\/produit\\\/stage-de-couture-grenoble-enfant-vacances-avril\\\/#primaryimage\",\"url\":\"https:\\\/\\\/littlemisstomatoes.fr\\\/wp-content\\\/uploads\\\/2025\\\/03\\\/Beige-and-Brown-Minimalist-Elegant-Weekly-Newsletter3.jpg\",\"contentUrl\":\"https:\\\/\\\/littlemisstomatoes.fr\\\/wp-content\\\/uploads\\\/2025\\\/03\\\/Beige-and-Brown-Minimalist-Elegant-Weekly-Newsletter3.jpg\",\"width\":1414,\"height\":2000},{\"@type\":\"BreadcrumbList\",\"@id\":\"https:\\\/\\\/littlemisstomatoes.fr\\\/index.php\\\/produit\\\/stage-de-couture-grenoble-enfant-vacances-avril\\\/#breadcrumb\",\"itemListElement\":[{\"@type\":\"ListItem\",\"position\":1,\"name\":\"Accueil\",\"item\":\"https:\\\/\\\/littlemisstomatoes.fr\\\/\"},{\"@type\":\"ListItem\",\"position\":2,\"name\":\"Boutique\",\"item\":\"https:\\\/\\\/littlemisstomatoes.fr\\\/\"},{\"@type\":\"ListItem\",\"position\":3,\"name\":\"Stage de couture Grenoble enfant et adulte &#8211; vacances \u00e9t\u00e9 juillet 2026\"}]},{\"@type\":\"WebSite\",\"@id\":\"https:\\\/\\\/littlemisstomatoes.fr\\\/#website\",\"url\":\"https:\\\/\\\/littlemisstomatoes.fr\\\/\",\"name\":\"Little Miss Tomatoes\",\"description\":\"Cadeaux naissance - atelier couture enfant et adulte - Grenoble - Savoir faire fran\u00e7ais\",\"publisher\":{\"@id\":\"https:\\\/\\\/littlemisstomatoes.fr\\\/#organization\"},\"potentialAction\":[{\"@type\":\"SearchAction\",\"target\":{\"@type\":\"EntryPoint\",\"urlTemplate\":\"https:\\\/\\\/littlemisstomatoes.fr\\\/?s={search_term_string}\"},\"query-input\":{\"@type\":\"PropertyValueSpecification\",\"valueRequired\":true,\"valueName\":\"search_term_string\"}}],\"inLanguage\":\"fr-FR\"},{\"@type\":\"Organization\",\"@id\":\"https:\\\/\\\/littlemisstomatoes.fr\\\/#organization\",\"name\":\"Little Miss Tomatoes\",\"url\":\"https:\\\/\\\/littlemisstomatoes.fr\\\/\",\"logo\":{\"@type\":\"ImageObject\",\"inLanguage\":\"fr-FR\",\"@id\":\"https:\\\/\\\/littlemisstomatoes.fr\\\/#\\\/schema\\\/logo\\\/image\\\/\",\"url\":\"https:\\\/\\\/littlemisstomatoes.fr\\\/wp-content\\\/uploads\\\/2021\\\/09\\\/cropped-cropped-elephantblc.jpg\",\"contentUrl\":\"https:\\\/\\\/littlemisstomatoes.fr\\\/wp-content\\\/uploads\\\/2021\\\/09\\\/cropped-cropped-elephantblc.jpg\",\"width\":512,\"height\":512,\"caption\":\"Little Miss Tomatoes\"},\"image\":{\"@id\":\"https:\\\/\\\/littlemisstomatoes.fr\\\/#\\\/schema\\\/logo\\\/image\\\/\"}}]}<\/script>\n<!-- \/ Yoast SEO plugin. -->","yoast_head_json":{"title":"Stage de couture Grenoble enfant et adulte - vacances \u00e9t\u00e9 juillet 2026 - Little Miss Tomatoes","description":"Stage de couture Grenoble enfant et adulte - vacances d'\u00e9t\u00e9 juillet 2026 Profitez des vacances scolaires pour apprendre ou vous perfectionner en couture !","robots":{"index":"index","follow":"follow","max-snippet":"max-snippet:-1","max-image-preview":"max-image-preview:large","max-video-preview":"max-video-preview:-1"},"canonical":"https:\/\/littlemisstomatoes.fr\/index.php\/produit\/stage-de-couture-grenoble-enfant-vacances-avril\/","og_locale":"fr_FR","og_type":"article","og_title":"Stage de couture Grenoble enfant et adulte - vacances \u00e9t\u00e9 juillet 2026 - Little Miss Tomatoes","og_description":"Stage de couture Grenoble enfant et adulte - vacances d'\u00e9t\u00e9 juillet 2026 Profitez des vacances scolaires pour apprendre ou vous perfectionner en couture !","og_url":"https:\/\/littlemisstomatoes.fr\/index.php\/produit\/stage-de-couture-grenoble-enfant-vacances-avril\/","og_site_name":"Little Miss Tomatoes","article_modified_time":"2026-04-06T09:16:45+00:00","og_image":[{"width":1414,"height":2000,"url":"https:\/\/littlemisstomatoes.fr\/wp-content\/uploads\/2025\/03\/Beige-and-Brown-Minimalist-Elegant-Weekly-Newsletter3.jpg","type":"image\/jpeg"}],"twitter_card":"summary_large_image","twitter_misc":{"Dur\u00e9e de lecture estim\u00e9e":"3 minutes"},"schema":{"@context":"https:\/\/schema.org","@graph":[{"@type":"WebPage","@id":"https:\/\/littlemisstomatoes.fr\/index.php\/produit\/stage-de-couture-grenoble-enfant-vacances-avril\/","url":"https:\/\/littlemisstomatoes.fr\/index.php\/produit\/stage-de-couture-grenoble-enfant-vacances-avril\/","name":"Stage de couture Grenoble enfant et adulte - vacances \u00e9t\u00e9 juillet 2026 - Little Miss Tomatoes","isPartOf":{"@id":"https:\/\/littlemisstomatoes.fr\/#website"},"primaryImageOfPage":{"@id":"https:\/\/littlemisstomatoes.fr\/index.php\/produit\/stage-de-couture-grenoble-enfant-vacances-avril\/#primaryimage"},"image":{"@id":"https:\/\/littlemisstomatoes.fr\/index.php\/produit\/stage-de-couture-grenoble-enfant-vacances-avril\/#primaryimage"},"thumbnailUrl":"https:\/\/littlemisstomatoes.fr\/wp-content\/uploads\/2025\/03\/Beige-and-Brown-Minimalist-Elegant-Weekly-Newsletter3.jpg","datePublished":"2025-03-27T10:10:35+00:00","dateModified":"2026-04-06T09:16:45+00:00","description":"Stage de couture Grenoble enfant et adulte - vacances d'\u00e9t\u00e9 juillet 2026 Profitez des vacances scolaires pour apprendre ou vous perfectionner en couture !","breadcrumb":{"@id":"https:\/\/littlemisstomatoes.fr\/index.php\/produit\/stage-de-couture-grenoble-enfant-vacances-avril\/#breadcrumb"},"inLanguage":"fr-FR","potentialAction":[{"@type":"ReadAction","target":["https:\/\/littlemisstomatoes.fr\/index.php\/produit\/stage-de-couture-grenoble-enfant-vacances-avril\/"]}]},{"@type":"ImageObject","inLanguage":"fr-FR","@id":"https:\/\/littlemisstomatoes.fr\/index.php\/produit\/stage-de-couture-grenoble-enfant-vacances-avril\/#primaryimage","url":"https:\/\/littlemisstomatoes.fr\/wp-content\/uploads\/2025\/03\/Beige-and-Brown-Minimalist-Elegant-Weekly-Newsletter3.jpg","contentUrl":"https:\/\/littlemisstomatoes.fr\/wp-content\/uploads\/2025\/03\/Beige-and-Brown-Minimalist-Elegant-Weekly-Newsletter3.jpg","width":1414,"height":2000},{"@type":"BreadcrumbList","@id":"https:\/\/littlemisstomatoes.fr\/index.php\/produit\/stage-de-couture-grenoble-enfant-vacances-avril\/#breadcrumb","itemListElement":[{"@type":"ListItem","position":1,"name":"Accueil","item":"https:\/\/littlemisstomatoes.fr\/"},{"@type":"ListItem","position":2,"name":"Boutique","item":"https:\/\/littlemisstomatoes.fr\/"},{"@type":"ListItem","position":3,"name":"Stage de couture Grenoble enfant et adulte &#8211; vacances \u00e9t\u00e9 juillet 2026"}]},{"@type":"WebSite","@id":"https:\/\/littlemisstomatoes.fr\/#website","url":"https:\/\/littlemisstomatoes.fr\/","name":"Little Miss Tomatoes","description":"Cadeaux naissance - atelier couture enfant et adulte - Grenoble - Savoir faire fran\u00e7ais","publisher":{"@id":"https:\/\/littlemisstomatoes.fr\/#organization"},"potentialAction":[{"@type":"SearchAction","target":{"@type":"EntryPoint","urlTemplate":"https:\/\/littlemisstomatoes.fr\/?s={search_term_string}"},"query-input":{"@type":"PropertyValueSpecification","valueRequired":true,"valueName":"search_term_string"}}],"inLanguage":"fr-FR"},{"@type":"Organization","@id":"https:\/\/littlemisstomatoes.fr\/#organization","name":"Little Miss Tomatoes","url":"https:\/\/littlemisstomatoes.fr\/","logo":{"@type":"ImageObject","inLanguage":"fr-FR","@id":"https:\/\/littlemisstomatoes.fr\/#\/schema\/logo\/image\/","url":"https:\/\/littlemisstomatoes.fr\/wp-content\/uploads\/2021\/09\/cropped-cropped-elephantblc.jpg","contentUrl":"https:\/\/littlemisstomatoes.fr\/wp-content\/uploads\/2021\/09\/cropped-cropped-elephantblc.jpg","width":512,"height":512,"caption":"Little Miss Tomatoes"},"image":{"@id":"https:\/\/littlemisstomatoes.fr\/#\/schema\/logo\/image\/"}}]}},"jetpack-related-posts":[],"jetpack_sharing_enabled":true,"_links":{"self":[{"href":"https:\/\/littlemisstomatoes.fr\/index.php\/wp-json\/wp\/v2\/product\/3439","targetHints":{"allow":["GET"]}}],"collection":[{"href":"https:\/\/littlemisstomatoes.fr\/index.php\/wp-json\/wp\/v2\/product"}],"about":[{"href":"https:\/\/littlemisstomatoes.fr\/index.php\/wp-json\/wp\/v2\/types\/product"}],"replies":[{"embeddable":true,"href":"https:\/\/littlemisstomatoes.fr\/index.php\/wp-json\/wp\/v2\/comments?post=3439"}],"wp:featuredmedia":[{"embeddable":true,"href":"https:\/\/littlemisstomatoes.fr\/index.php\/wp-json\/wp\/v2\/media\/4666"}],"wp:attachment":[{"href":"https:\/\/littlemisstomatoes.fr\/index.php\/wp-json\/wp\/v2\/media?parent=3439"}],"wp:term":[{"taxonomy":"product_brand","embeddable":true,"href":"https:\/\/littlemisstomatoes.fr\/index.php\/wp-json\/wp\/v2\/product_brand?post=3439"},{"taxonomy":"product_cat","embeddable":true,"href":"https:\/\/littlemisstomatoes.fr\/index.php\/wp-json\/wp\/v2\/product_cat?post=3439"},{"taxonomy":"product_tag","embeddable":true,"href":"https:\/\/littlemisstomatoes.fr\/index.php\/wp-json\/wp\/v2\/product_tag?post=3439"}],"curies":[{"name":"wp","href":"https:\/\/api.w.org\/{rel}","templated":true}]}}