{"id":3211,"date":"2025-01-15T14:44:07","date_gmt":"2025-01-15T13:44:07","guid":{"rendered":"https:\/\/littlemisstomatoes.fr\/?post_type=product&#038;p=3211"},"modified":"2025-06-18T14:34:52","modified_gmt":"2025-06-18T12:34:52","slug":"cours-couture-grenoble","status":"publish","type":"product","link":"https:\/\/littlemisstomatoes.fr\/index.php\/produit\/cours-couture-grenoble\/","title":{"rendered":"Cours de couture Grenoble &#8211; Adulte"},"content":{"rendered":"<h1><strong>Cours de Couture Grenoble \u2013 Tous Niveaux<\/strong><\/h1>\n<p>Vous souhaitez apprendre la couture ou progresser \u00e0 votre rythme dans une ambiance conviviale ? Je vous propose des <strong>cours de couture sur Grenoble adapt\u00e9s \u00e0 votre emploi du temps <\/strong>! Ils sont con\u00e7us pour vous accompagner quel que soit votre niveau. D\u00e9butant(e) ou confirm\u00e9(e), vous b\u00e9n\u00e9ficierez d\u2019un encadrement personnalis\u00e9 pour mener \u00e0 bien vos projets.<\/p>\n<h2><strong>Un apprentissage sur mesure pour vos cours de couture<\/strong><\/h2>\n<p>Le ma\u00eetre mot c&rsquo;est : je m&rsquo;adapte \u00e0 vous ! A travers deux solutions propos\u00e9es, le but est que vous puissiez progresser et avancer dans vos projets. Plusieurs solutions sont possibles dans les cours :<\/p>\n<ul>\n<li><strong>Apporter votre propre projet<\/strong> : accessoires, d\u00e9co, v\u00eatements&#8230; Dans ce cas votre projet doit m&rsquo;\u00eatre envoyer au moins 7 jours avant la s\u00e9ance.<\/li>\n<li><strong>Suivre l\u2019un des projets propos\u00e9s<\/strong> : plusieurs fiches projets seront disponibles tout \u00e0 long des s\u00e9ances pour progresser \u00e0 son rythme.<\/li>\n<\/ul>\n<p>Evidemment vous pouvez mixer les deux fa\u00e7ons, commencer par des projets guid\u00e9s puis apporter vos projets par la suite. Alors que vous souhaitiez apprendre \u00e0 utiliser une machine \u00e0 coudre, perfectionner vos finitions ou d\u00e9couvrir de nouvelles techniques, je vous guiderai avec plaisir.<\/p>\n<h2><strong>Deux formules :\u00a0<\/strong><\/h2>\n<p>Les cours sont organis\u00e9s sous forme de packs pour une plus grande flexibilit\u00e9 de votre emploi du temps:<br \/>\n\ud83e\uddf5 <strong>Pack 5 s\u00e9ances<\/strong> : id\u00e9al pour d\u00e9couvrir la couture ou avancer sur un projet pr\u00e9cis<br \/>\n\ud83e\uddf5 <strong>Pack 10 s\u00e9ances<\/strong> : recommand\u00e9 pour un apprentissage plus approfondi et un suivi r\u00e9gulier<\/p>\n<p>Les s\u00e9ances sont \u00e0 r\u00e9partir librement parmi les dates propos\u00e9es.<\/p>\n<h2><strong>Informations pratiques<\/strong><\/h2>\n<p>\ud83d\udccd <strong>Lieu<\/strong> : 10 rue Marx Dormoy &#8211; 38000 Grenoble<br \/>\n\u23f3 <strong>Dur\u00e9e de chaque s\u00e9ance<\/strong> : 2h<br \/>\n\ud83d\udc65 <strong>Effectif limit\u00e9<\/strong> pour un suivi personnalis\u00e9<br \/>\n\ud83d\udcb0 <strong>Tarif<\/strong> : le pack de 5 s\u00e9ances et \u00e0 190\u20ac &#8211; le pack de 10 s\u00e9ances est \u00e0 300\u20ac<\/p>\n<p><strong>R\u00e9servez votre place d\u00e8s maintenant.<\/strong> \u2702\ufe0f<\/p>\n<p>&nbsp;<\/p>\n<p>Pour connaitre les autres formats de couture propos\u00e9s <a href=\"https:\/\/littlemisstomatoes.fr\/index.php\/categorie-produit\/ateliers-couture\/\">rendez-vous sur la page d\u00e9di\u00e9e<\/a>.<\/p>\n<p>Pour suivre les derni\u00e8res actualit\u00e9s <a href=\"https:\/\/www.instagram.com\/little.misstomatoes\/\">c&rsquo;est sur le compte Instagram<\/a><\/p>\n","protected":false},"excerpt":{"rendered":"<p>Cours de Couture Grenoble \u2013 Tous Niveaux Vous souhaitez apprendre la couture ou progresser \u00e0 votre rythme dans une ambiance conviviale ? Je vous propose des cours de couture sur Grenoble adapt\u00e9s \u00e0 votre emploi du temps ! Ils sont con\u00e7us pour vous accompagner quel que soit votre niveau. D\u00e9butant(e) ou confirm\u00e9(e), vous b\u00e9n\u00e9ficierez d\u2019un &hellip; <\/p>\n","protected":false},"featured_media":3212,"comment_status":"open","ping_status":"closed","template":"","meta":[],"product_brand":[],"product_cat":[241],"product_tag":[282,242,284,285,286,283],"class_list":{"0":"post-3211","1":"product","2":"type-product","3":"status-publish","4":"has-post-thumbnail","6":"product_cat-ateliers-couture","7":"product_tag-apprendre-a-coudre","8":"product_tag-atelier-couture","9":"product_tag-atelier-grenoble","10":"product_tag-cours-de-couture-adulte","11":"product_tag-couture-adulte","12":"product_tag-grenoble","14":"first","15":"instock","16":"shipping-taxable","17":"purchasable","18":"product-type-variable"},"yoast_head":"<!-- This site is optimized with the Yoast SEO plugin v27.4 - https:\/\/yoast.com\/product\/yoast-seo-wordpress\/ -->\n<title>Cours de couture Grenoble - Adulte - Little Miss Tomatoes<\/title>\n<meta name=\"description\" content=\"cours de couture sur Grenoble pour adulte. Niveau d\u00e9butant ou avanc\u00e9, avec ou sans votre machine. Venez d\u00e9couvrir la couture sous toutes ses formes.\" \/>\n<meta name=\"robots\" content=\"index, follow, max-snippet:-1, max-image-preview:large, max-video-preview:-1\" \/>\n<link rel=\"canonical\" href=\"https:\/\/littlemisstomatoes.fr\/index.php\/produit\/cours-couture-grenoble\/\" \/>\n<meta property=\"og:locale\" content=\"fr_FR\" \/>\n<meta property=\"og:type\" content=\"article\" \/>\n<meta property=\"og:title\" content=\"Cours de couture Grenoble - Adulte - Little Miss Tomatoes\" \/>\n<meta property=\"og:description\" content=\"cours de couture sur Grenoble pour adulte. Niveau d\u00e9butant ou avanc\u00e9, avec ou sans votre machine. Venez d\u00e9couvrir la couture sous toutes ses formes.\" \/>\n<meta property=\"og:url\" content=\"https:\/\/littlemisstomatoes.fr\/index.php\/produit\/cours-couture-grenoble\/\" \/>\n<meta property=\"og:site_name\" content=\"Little Miss Tomatoes\" \/>\n<meta property=\"article:modified_time\" content=\"2025-06-18T12:34:52+00:00\" \/>\n<meta property=\"og:image\" content=\"https:\/\/littlemisstomatoes.fr\/wp-content\/uploads\/2025\/01\/BON-CADEAU-ATELIER-COUTURE-1.png\" \/>\n\t<meta property=\"og:image:width\" content=\"1500\" \/>\n\t<meta property=\"og:image:height\" content=\"1000\" \/>\n\t<meta property=\"og:image:type\" content=\"image\/png\" \/>\n<meta name=\"twitter:card\" content=\"summary_large_image\" \/>\n<meta name=\"twitter:label1\" content=\"Dur\u00e9e de lecture estim\u00e9e\" \/>\n\t<meta name=\"twitter:data1\" content=\"2 minutes\" \/>\n<script type=\"application\/ld+json\" class=\"yoast-schema-graph\">{\"@context\":\"https:\\\/\\\/schema.org\",\"@graph\":[{\"@type\":\"WebPage\",\"@id\":\"https:\\\/\\\/littlemisstomatoes.fr\\\/index.php\\\/produit\\\/cours-couture-grenoble\\\/\",\"url\":\"https:\\\/\\\/littlemisstomatoes.fr\\\/index.php\\\/produit\\\/cours-couture-grenoble\\\/\",\"name\":\"Cours de couture Grenoble - Adulte - Little Miss Tomatoes\",\"isPartOf\":{\"@id\":\"https:\\\/\\\/littlemisstomatoes.fr\\\/#website\"},\"primaryImageOfPage\":{\"@id\":\"https:\\\/\\\/littlemisstomatoes.fr\\\/index.php\\\/produit\\\/cours-couture-grenoble\\\/#primaryimage\"},\"image\":{\"@id\":\"https:\\\/\\\/littlemisstomatoes.fr\\\/index.php\\\/produit\\\/cours-couture-grenoble\\\/#primaryimage\"},\"thumbnailUrl\":\"https:\\\/\\\/littlemisstomatoes.fr\\\/wp-content\\\/uploads\\\/2025\\\/01\\\/BON-CADEAU-ATELIER-COUTURE-1.png\",\"datePublished\":\"2025-01-15T13:44:07+00:00\",\"dateModified\":\"2025-06-18T12:34:52+00:00\",\"description\":\"cours de couture sur Grenoble pour adulte. Niveau d\u00e9butant ou avanc\u00e9, avec ou sans votre machine. Venez d\u00e9couvrir la couture sous toutes ses formes.\",\"breadcrumb\":{\"@id\":\"https:\\\/\\\/littlemisstomatoes.fr\\\/index.php\\\/produit\\\/cours-couture-grenoble\\\/#breadcrumb\"},\"inLanguage\":\"fr-FR\",\"potentialAction\":[{\"@type\":\"ReadAction\",\"target\":[\"https:\\\/\\\/littlemisstomatoes.fr\\\/index.php\\\/produit\\\/cours-couture-grenoble\\\/\"]}]},{\"@type\":\"ImageObject\",\"inLanguage\":\"fr-FR\",\"@id\":\"https:\\\/\\\/littlemisstomatoes.fr\\\/index.php\\\/produit\\\/cours-couture-grenoble\\\/#primaryimage\",\"url\":\"https:\\\/\\\/littlemisstomatoes.fr\\\/wp-content\\\/uploads\\\/2025\\\/01\\\/BON-CADEAU-ATELIER-COUTURE-1.png\",\"contentUrl\":\"https:\\\/\\\/littlemisstomatoes.fr\\\/wp-content\\\/uploads\\\/2025\\\/01\\\/BON-CADEAU-ATELIER-COUTURE-1.png\",\"width\":1500,\"height\":1000},{\"@type\":\"BreadcrumbList\",\"@id\":\"https:\\\/\\\/littlemisstomatoes.fr\\\/index.php\\\/produit\\\/cours-couture-grenoble\\\/#breadcrumb\",\"itemListElement\":[{\"@type\":\"ListItem\",\"position\":1,\"name\":\"Accueil\",\"item\":\"https:\\\/\\\/littlemisstomatoes.fr\\\/\"},{\"@type\":\"ListItem\",\"position\":2,\"name\":\"Boutique\",\"item\":\"https:\\\/\\\/littlemisstomatoes.fr\\\/\"},{\"@type\":\"ListItem\",\"position\":3,\"name\":\"Cours de couture Grenoble &#8211; Adulte\"}]},{\"@type\":\"WebSite\",\"@id\":\"https:\\\/\\\/littlemisstomatoes.fr\\\/#website\",\"url\":\"https:\\\/\\\/littlemisstomatoes.fr\\\/\",\"name\":\"Little Miss Tomatoes\",\"description\":\"Cadeaux naissance - atelier couture enfant et adulte - Grenoble - Savoir faire fran\u00e7ais\",\"publisher\":{\"@id\":\"https:\\\/\\\/littlemisstomatoes.fr\\\/#organization\"},\"potentialAction\":[{\"@type\":\"SearchAction\",\"target\":{\"@type\":\"EntryPoint\",\"urlTemplate\":\"https:\\\/\\\/littlemisstomatoes.fr\\\/?s={search_term_string}\"},\"query-input\":{\"@type\":\"PropertyValueSpecification\",\"valueRequired\":true,\"valueName\":\"search_term_string\"}}],\"inLanguage\":\"fr-FR\"},{\"@type\":\"Organization\",\"@id\":\"https:\\\/\\\/littlemisstomatoes.fr\\\/#organization\",\"name\":\"Little Miss Tomatoes\",\"url\":\"https:\\\/\\\/littlemisstomatoes.fr\\\/\",\"logo\":{\"@type\":\"ImageObject\",\"inLanguage\":\"fr-FR\",\"@id\":\"https:\\\/\\\/littlemisstomatoes.fr\\\/#\\\/schema\\\/logo\\\/image\\\/\",\"url\":\"https:\\\/\\\/littlemisstomatoes.fr\\\/wp-content\\\/uploads\\\/2021\\\/09\\\/cropped-cropped-elephantblc.jpg\",\"contentUrl\":\"https:\\\/\\\/littlemisstomatoes.fr\\\/wp-content\\\/uploads\\\/2021\\\/09\\\/cropped-cropped-elephantblc.jpg\",\"width\":512,\"height\":512,\"caption\":\"Little Miss Tomatoes\"},\"image\":{\"@id\":\"https:\\\/\\\/littlemisstomatoes.fr\\\/#\\\/schema\\\/logo\\\/image\\\/\"}}]}<\/script>\n<!-- \/ Yoast SEO plugin. -->","yoast_head_json":{"title":"Cours de couture Grenoble - Adulte - Little Miss Tomatoes","description":"cours de couture sur Grenoble pour adulte. Niveau d\u00e9butant ou avanc\u00e9, avec ou sans votre machine. Venez d\u00e9couvrir la couture sous toutes ses formes.","robots":{"index":"index","follow":"follow","max-snippet":"max-snippet:-1","max-image-preview":"max-image-preview:large","max-video-preview":"max-video-preview:-1"},"canonical":"https:\/\/littlemisstomatoes.fr\/index.php\/produit\/cours-couture-grenoble\/","og_locale":"fr_FR","og_type":"article","og_title":"Cours de couture Grenoble - Adulte - Little Miss Tomatoes","og_description":"cours de couture sur Grenoble pour adulte. Niveau d\u00e9butant ou avanc\u00e9, avec ou sans votre machine. Venez d\u00e9couvrir la couture sous toutes ses formes.","og_url":"https:\/\/littlemisstomatoes.fr\/index.php\/produit\/cours-couture-grenoble\/","og_site_name":"Little Miss Tomatoes","article_modified_time":"2025-06-18T12:34:52+00:00","og_image":[{"width":1500,"height":1000,"url":"https:\/\/littlemisstomatoes.fr\/wp-content\/uploads\/2025\/01\/BON-CADEAU-ATELIER-COUTURE-1.png","type":"image\/png"}],"twitter_card":"summary_large_image","twitter_misc":{"Dur\u00e9e de lecture estim\u00e9e":"2 minutes"},"schema":{"@context":"https:\/\/schema.org","@graph":[{"@type":"WebPage","@id":"https:\/\/littlemisstomatoes.fr\/index.php\/produit\/cours-couture-grenoble\/","url":"https:\/\/littlemisstomatoes.fr\/index.php\/produit\/cours-couture-grenoble\/","name":"Cours de couture Grenoble - Adulte - Little Miss Tomatoes","isPartOf":{"@id":"https:\/\/littlemisstomatoes.fr\/#website"},"primaryImageOfPage":{"@id":"https:\/\/littlemisstomatoes.fr\/index.php\/produit\/cours-couture-grenoble\/#primaryimage"},"image":{"@id":"https:\/\/littlemisstomatoes.fr\/index.php\/produit\/cours-couture-grenoble\/#primaryimage"},"thumbnailUrl":"https:\/\/littlemisstomatoes.fr\/wp-content\/uploads\/2025\/01\/BON-CADEAU-ATELIER-COUTURE-1.png","datePublished":"2025-01-15T13:44:07+00:00","dateModified":"2025-06-18T12:34:52+00:00","description":"cours de couture sur Grenoble pour adulte. Niveau d\u00e9butant ou avanc\u00e9, avec ou sans votre machine. Venez d\u00e9couvrir la couture sous toutes ses formes.","breadcrumb":{"@id":"https:\/\/littlemisstomatoes.fr\/index.php\/produit\/cours-couture-grenoble\/#breadcrumb"},"inLanguage":"fr-FR","potentialAction":[{"@type":"ReadAction","target":["https:\/\/littlemisstomatoes.fr\/index.php\/produit\/cours-couture-grenoble\/"]}]},{"@type":"ImageObject","inLanguage":"fr-FR","@id":"https:\/\/littlemisstomatoes.fr\/index.php\/produit\/cours-couture-grenoble\/#primaryimage","url":"https:\/\/littlemisstomatoes.fr\/wp-content\/uploads\/2025\/01\/BON-CADEAU-ATELIER-COUTURE-1.png","contentUrl":"https:\/\/littlemisstomatoes.fr\/wp-content\/uploads\/2025\/01\/BON-CADEAU-ATELIER-COUTURE-1.png","width":1500,"height":1000},{"@type":"BreadcrumbList","@id":"https:\/\/littlemisstomatoes.fr\/index.php\/produit\/cours-couture-grenoble\/#breadcrumb","itemListElement":[{"@type":"ListItem","position":1,"name":"Accueil","item":"https:\/\/littlemisstomatoes.fr\/"},{"@type":"ListItem","position":2,"name":"Boutique","item":"https:\/\/littlemisstomatoes.fr\/"},{"@type":"ListItem","position":3,"name":"Cours de couture Grenoble &#8211; Adulte"}]},{"@type":"WebSite","@id":"https:\/\/littlemisstomatoes.fr\/#website","url":"https:\/\/littlemisstomatoes.fr\/","name":"Little Miss Tomatoes","description":"Cadeaux naissance - atelier couture enfant et adulte - Grenoble - Savoir faire fran\u00e7ais","publisher":{"@id":"https:\/\/littlemisstomatoes.fr\/#organization"},"potentialAction":[{"@type":"SearchAction","target":{"@type":"EntryPoint","urlTemplate":"https:\/\/littlemisstomatoes.fr\/?s={search_term_string}"},"query-input":{"@type":"PropertyValueSpecification","valueRequired":true,"valueName":"search_term_string"}}],"inLanguage":"fr-FR"},{"@type":"Organization","@id":"https:\/\/littlemisstomatoes.fr\/#organization","name":"Little Miss Tomatoes","url":"https:\/\/littlemisstomatoes.fr\/","logo":{"@type":"ImageObject","inLanguage":"fr-FR","@id":"https:\/\/littlemisstomatoes.fr\/#\/schema\/logo\/image\/","url":"https:\/\/littlemisstomatoes.fr\/wp-content\/uploads\/2021\/09\/cropped-cropped-elephantblc.jpg","contentUrl":"https:\/\/littlemisstomatoes.fr\/wp-content\/uploads\/2021\/09\/cropped-cropped-elephantblc.jpg","width":512,"height":512,"caption":"Little Miss Tomatoes"},"image":{"@id":"https:\/\/littlemisstomatoes.fr\/#\/schema\/logo\/image\/"}}]}},"jetpack-related-posts":[],"jetpack_sharing_enabled":true,"_links":{"self":[{"href":"https:\/\/littlemisstomatoes.fr\/index.php\/wp-json\/wp\/v2\/product\/3211","targetHints":{"allow":["GET"]}}],"collection":[{"href":"https:\/\/littlemisstomatoes.fr\/index.php\/wp-json\/wp\/v2\/product"}],"about":[{"href":"https:\/\/littlemisstomatoes.fr\/index.php\/wp-json\/wp\/v2\/types\/product"}],"replies":[{"embeddable":true,"href":"https:\/\/littlemisstomatoes.fr\/index.php\/wp-json\/wp\/v2\/comments?post=3211"}],"wp:featuredmedia":[{"embeddable":true,"href":"https:\/\/littlemisstomatoes.fr\/index.php\/wp-json\/wp\/v2\/media\/3212"}],"wp:attachment":[{"href":"https:\/\/littlemisstomatoes.fr\/index.php\/wp-json\/wp\/v2\/media?parent=3211"}],"wp:term":[{"taxonomy":"product_brand","embeddable":true,"href":"https:\/\/littlemisstomatoes.fr\/index.php\/wp-json\/wp\/v2\/product_brand?post=3211"},{"taxonomy":"product_cat","embeddable":true,"href":"https:\/\/littlemisstomatoes.fr\/index.php\/wp-json\/wp\/v2\/product_cat?post=3211"},{"taxonomy":"product_tag","embeddable":true,"href":"https:\/\/littlemisstomatoes.fr\/index.php\/wp-json\/wp\/v2\/product_tag?post=3211"}],"curies":[{"name":"wp","href":"https:\/\/api.w.org\/{rel}","templated":true}]}}