{"id":2966,"date":"2024-07-29T18:13:09","date_gmt":"2024-07-29T16:13:09","guid":{"rendered":"https:\/\/littlemisstomatoes.fr\/?post_type=product&#038;p=2966"},"modified":"2024-07-29T18:58:43","modified_gmt":"2024-07-29T16:58:43","slug":"panneau-mural-deco-elephant","status":"publish","type":"product","link":"https:\/\/littlemisstomatoes.fr\/index.php\/produit\/panneau-mural-deco-elephant\/","title":{"rendered":"Panneau mural &#8211; d\u00e9co &#8211; \u00c9l\u00e9phant"},"content":{"rendered":"<p>Panneau mural, pour d\u00e9coration de chambre.<\/p>\n<p>Id\u00e9al pour parfaire la d\u00e9coration de la chambre de b\u00e9b\u00e9, voici un panneau mural. Il est compos\u00e9 d&rsquo;un fanion en tissu, attach\u00e9 sur un support en bois et d&rsquo;une ficelle pour facilit\u00e9 l&rsquo;accroche. Un pompon fabriqu\u00e9 \u00e9galement \u00e0 la main, finit le panneau.<\/p>\n<p>Composition : 100% coton<\/p>\n<p>&nbsp;<\/p>\n<p>Confectionn\u00e9 dans mon atelier grenoblois au pied des Alpes<\/p>\n","protected":false},"excerpt":{"rendered":"<p>Panneau mural, pour d\u00e9coration de chambre. Id\u00e9al pour parfaire la d\u00e9coration de la chambre de b\u00e9b\u00e9, voici un panneau mural. Il est compos\u00e9 d&rsquo;un fanion en tissu, attach\u00e9 sur un support en bois et d&rsquo;une ficelle pour facilit\u00e9 l&rsquo;accroche. Un pompon fabriqu\u00e9 \u00e9galement \u00e0 la main, finit le panneau. Composition : 100% coton &nbsp; Confectionn\u00e9 &hellip; <\/p>\n","protected":false},"featured_media":2974,"comment_status":"open","ping_status":"closed","template":"","meta":[],"product_brand":[],"product_cat":[153],"product_tag":[270,78,271],"class_list":{"0":"post-2966","1":"product","2":"type-product","3":"status-publish","4":"has-post-thumbnail","6":"product_cat-promo","7":"product_tag-decoration","8":"product_tag-elephant","9":"product_tag-panneau-mural","11":"first","12":"instock","13":"sale","14":"shipping-taxable","15":"purchasable","16":"product-type-simple"},"yoast_head":"<!-- This site is optimized with the Yoast SEO plugin v27.4 - https:\/\/yoast.com\/product\/yoast-seo-wordpress\/ -->\n<title>Panneau mural - d\u00e9co - \u00c9l\u00e9phant - Little Miss Tomatoes<\/title>\n<meta name=\"robots\" content=\"index, follow, max-snippet:-1, max-image-preview:large, max-video-preview:-1\" \/>\n<link rel=\"canonical\" href=\"https:\/\/littlemisstomatoes.fr\/index.php\/produit\/panneau-mural-deco-elephant\/\" \/>\n<meta property=\"og:locale\" content=\"fr_FR\" \/>\n<meta property=\"og:type\" content=\"article\" \/>\n<meta property=\"og:title\" content=\"Panneau mural - d\u00e9co - \u00c9l\u00e9phant - Little Miss Tomatoes\" \/>\n<meta property=\"og:description\" content=\"Panneau mural, pour d\u00e9coration de chambre. Id\u00e9al pour parfaire la d\u00e9coration de la chambre de b\u00e9b\u00e9, voici un panneau mural. Il est compos\u00e9 d&rsquo;un fanion en tissu, attach\u00e9 sur un support en bois et d&rsquo;une ficelle pour facilit\u00e9 l&rsquo;accroche. Un pompon fabriqu\u00e9 \u00e9galement \u00e0 la main, finit le panneau. Composition : 100% coton &nbsp; Confectionn\u00e9 &hellip;\" \/>\n<meta property=\"og:url\" content=\"https:\/\/littlemisstomatoes.fr\/index.php\/produit\/panneau-mural-deco-elephant\/\" \/>\n<meta property=\"og:site_name\" content=\"Little Miss Tomatoes\" \/>\n<meta property=\"article:modified_time\" content=\"2024-07-29T16:58:43+00:00\" \/>\n<meta property=\"og:image\" content=\"https:\/\/littlemisstomatoes.fr\/wp-content\/uploads\/2024\/07\/1722270697309.jpg\" \/>\n\t<meta property=\"og:image:width\" content=\"1080\" \/>\n\t<meta property=\"og:image:height\" content=\"1743\" \/>\n\t<meta property=\"og:image:type\" content=\"image\/jpeg\" \/>\n<meta name=\"twitter:card\" content=\"summary_large_image\" \/>\n<script type=\"application\/ld+json\" class=\"yoast-schema-graph\">{\"@context\":\"https:\\\/\\\/schema.org\",\"@graph\":[{\"@type\":\"WebPage\",\"@id\":\"https:\\\/\\\/littlemisstomatoes.fr\\\/index.php\\\/produit\\\/panneau-mural-deco-elephant\\\/\",\"url\":\"https:\\\/\\\/littlemisstomatoes.fr\\\/index.php\\\/produit\\\/panneau-mural-deco-elephant\\\/\",\"name\":\"Panneau mural - d\u00e9co - \u00c9l\u00e9phant - Little Miss Tomatoes\",\"isPartOf\":{\"@id\":\"https:\\\/\\\/littlemisstomatoes.fr\\\/#website\"},\"primaryImageOfPage\":{\"@id\":\"https:\\\/\\\/littlemisstomatoes.fr\\\/index.php\\\/produit\\\/panneau-mural-deco-elephant\\\/#primaryimage\"},\"image\":{\"@id\":\"https:\\\/\\\/littlemisstomatoes.fr\\\/index.php\\\/produit\\\/panneau-mural-deco-elephant\\\/#primaryimage\"},\"thumbnailUrl\":\"https:\\\/\\\/littlemisstomatoes.fr\\\/wp-content\\\/uploads\\\/2024\\\/07\\\/1722270697309.jpg\",\"datePublished\":\"2024-07-29T16:13:09+00:00\",\"dateModified\":\"2024-07-29T16:58:43+00:00\",\"breadcrumb\":{\"@id\":\"https:\\\/\\\/littlemisstomatoes.fr\\\/index.php\\\/produit\\\/panneau-mural-deco-elephant\\\/#breadcrumb\"},\"inLanguage\":\"fr-FR\",\"potentialAction\":[{\"@type\":\"ReadAction\",\"target\":[\"https:\\\/\\\/littlemisstomatoes.fr\\\/index.php\\\/produit\\\/panneau-mural-deco-elephant\\\/\"]}]},{\"@type\":\"ImageObject\",\"inLanguage\":\"fr-FR\",\"@id\":\"https:\\\/\\\/littlemisstomatoes.fr\\\/index.php\\\/produit\\\/panneau-mural-deco-elephant\\\/#primaryimage\",\"url\":\"https:\\\/\\\/littlemisstomatoes.fr\\\/wp-content\\\/uploads\\\/2024\\\/07\\\/1722270697309.jpg\",\"contentUrl\":\"https:\\\/\\\/littlemisstomatoes.fr\\\/wp-content\\\/uploads\\\/2024\\\/07\\\/1722270697309.jpg\",\"width\":1080,\"height\":1743},{\"@type\":\"BreadcrumbList\",\"@id\":\"https:\\\/\\\/littlemisstomatoes.fr\\\/index.php\\\/produit\\\/panneau-mural-deco-elephant\\\/#breadcrumb\",\"itemListElement\":[{\"@type\":\"ListItem\",\"position\":1,\"name\":\"Accueil\",\"item\":\"https:\\\/\\\/littlemisstomatoes.fr\\\/\"},{\"@type\":\"ListItem\",\"position\":2,\"name\":\"Boutique\",\"item\":\"https:\\\/\\\/littlemisstomatoes.fr\\\/\"},{\"@type\":\"ListItem\",\"position\":3,\"name\":\"Panneau mural &#8211; d\u00e9co &#8211; \u00c9l\u00e9phant\"}]},{\"@type\":\"WebSite\",\"@id\":\"https:\\\/\\\/littlemisstomatoes.fr\\\/#website\",\"url\":\"https:\\\/\\\/littlemisstomatoes.fr\\\/\",\"name\":\"Little Miss Tomatoes\",\"description\":\"Cadeaux naissance - atelier couture enfant et adulte - Grenoble - Savoir faire fran\u00e7ais\",\"publisher\":{\"@id\":\"https:\\\/\\\/littlemisstomatoes.fr\\\/#organization\"},\"potentialAction\":[{\"@type\":\"SearchAction\",\"target\":{\"@type\":\"EntryPoint\",\"urlTemplate\":\"https:\\\/\\\/littlemisstomatoes.fr\\\/?s={search_term_string}\"},\"query-input\":{\"@type\":\"PropertyValueSpecification\",\"valueRequired\":true,\"valueName\":\"search_term_string\"}}],\"inLanguage\":\"fr-FR\"},{\"@type\":\"Organization\",\"@id\":\"https:\\\/\\\/littlemisstomatoes.fr\\\/#organization\",\"name\":\"Little Miss Tomatoes\",\"url\":\"https:\\\/\\\/littlemisstomatoes.fr\\\/\",\"logo\":{\"@type\":\"ImageObject\",\"inLanguage\":\"fr-FR\",\"@id\":\"https:\\\/\\\/littlemisstomatoes.fr\\\/#\\\/schema\\\/logo\\\/image\\\/\",\"url\":\"https:\\\/\\\/littlemisstomatoes.fr\\\/wp-content\\\/uploads\\\/2021\\\/09\\\/cropped-cropped-elephantblc.jpg\",\"contentUrl\":\"https:\\\/\\\/littlemisstomatoes.fr\\\/wp-content\\\/uploads\\\/2021\\\/09\\\/cropped-cropped-elephantblc.jpg\",\"width\":512,\"height\":512,\"caption\":\"Little Miss Tomatoes\"},\"image\":{\"@id\":\"https:\\\/\\\/littlemisstomatoes.fr\\\/#\\\/schema\\\/logo\\\/image\\\/\"}}]}<\/script>\n<!-- \/ Yoast SEO plugin. -->","yoast_head_json":{"title":"Panneau mural - d\u00e9co - \u00c9l\u00e9phant - Little Miss Tomatoes","robots":{"index":"index","follow":"follow","max-snippet":"max-snippet:-1","max-image-preview":"max-image-preview:large","max-video-preview":"max-video-preview:-1"},"canonical":"https:\/\/littlemisstomatoes.fr\/index.php\/produit\/panneau-mural-deco-elephant\/","og_locale":"fr_FR","og_type":"article","og_title":"Panneau mural - d\u00e9co - \u00c9l\u00e9phant - Little Miss Tomatoes","og_description":"Panneau mural, pour d\u00e9coration de chambre. Id\u00e9al pour parfaire la d\u00e9coration de la chambre de b\u00e9b\u00e9, voici un panneau mural. Il est compos\u00e9 d&rsquo;un fanion en tissu, attach\u00e9 sur un support en bois et d&rsquo;une ficelle pour facilit\u00e9 l&rsquo;accroche. Un pompon fabriqu\u00e9 \u00e9galement \u00e0 la main, finit le panneau. Composition : 100% coton &nbsp; Confectionn\u00e9 &hellip;","og_url":"https:\/\/littlemisstomatoes.fr\/index.php\/produit\/panneau-mural-deco-elephant\/","og_site_name":"Little Miss Tomatoes","article_modified_time":"2024-07-29T16:58:43+00:00","og_image":[{"width":1080,"height":1743,"url":"https:\/\/littlemisstomatoes.fr\/wp-content\/uploads\/2024\/07\/1722270697309.jpg","type":"image\/jpeg"}],"twitter_card":"summary_large_image","schema":{"@context":"https:\/\/schema.org","@graph":[{"@type":"WebPage","@id":"https:\/\/littlemisstomatoes.fr\/index.php\/produit\/panneau-mural-deco-elephant\/","url":"https:\/\/littlemisstomatoes.fr\/index.php\/produit\/panneau-mural-deco-elephant\/","name":"Panneau mural - d\u00e9co - \u00c9l\u00e9phant - Little Miss Tomatoes","isPartOf":{"@id":"https:\/\/littlemisstomatoes.fr\/#website"},"primaryImageOfPage":{"@id":"https:\/\/littlemisstomatoes.fr\/index.php\/produit\/panneau-mural-deco-elephant\/#primaryimage"},"image":{"@id":"https:\/\/littlemisstomatoes.fr\/index.php\/produit\/panneau-mural-deco-elephant\/#primaryimage"},"thumbnailUrl":"https:\/\/littlemisstomatoes.fr\/wp-content\/uploads\/2024\/07\/1722270697309.jpg","datePublished":"2024-07-29T16:13:09+00:00","dateModified":"2024-07-29T16:58:43+00:00","breadcrumb":{"@id":"https:\/\/littlemisstomatoes.fr\/index.php\/produit\/panneau-mural-deco-elephant\/#breadcrumb"},"inLanguage":"fr-FR","potentialAction":[{"@type":"ReadAction","target":["https:\/\/littlemisstomatoes.fr\/index.php\/produit\/panneau-mural-deco-elephant\/"]}]},{"@type":"ImageObject","inLanguage":"fr-FR","@id":"https:\/\/littlemisstomatoes.fr\/index.php\/produit\/panneau-mural-deco-elephant\/#primaryimage","url":"https:\/\/littlemisstomatoes.fr\/wp-content\/uploads\/2024\/07\/1722270697309.jpg","contentUrl":"https:\/\/littlemisstomatoes.fr\/wp-content\/uploads\/2024\/07\/1722270697309.jpg","width":1080,"height":1743},{"@type":"BreadcrumbList","@id":"https:\/\/littlemisstomatoes.fr\/index.php\/produit\/panneau-mural-deco-elephant\/#breadcrumb","itemListElement":[{"@type":"ListItem","position":1,"name":"Accueil","item":"https:\/\/littlemisstomatoes.fr\/"},{"@type":"ListItem","position":2,"name":"Boutique","item":"https:\/\/littlemisstomatoes.fr\/"},{"@type":"ListItem","position":3,"name":"Panneau mural &#8211; d\u00e9co &#8211; \u00c9l\u00e9phant"}]},{"@type":"WebSite","@id":"https:\/\/littlemisstomatoes.fr\/#website","url":"https:\/\/littlemisstomatoes.fr\/","name":"Little Miss Tomatoes","description":"Cadeaux naissance - atelier couture enfant et adulte - Grenoble - Savoir faire fran\u00e7ais","publisher":{"@id":"https:\/\/littlemisstomatoes.fr\/#organization"},"potentialAction":[{"@type":"SearchAction","target":{"@type":"EntryPoint","urlTemplate":"https:\/\/littlemisstomatoes.fr\/?s={search_term_string}"},"query-input":{"@type":"PropertyValueSpecification","valueRequired":true,"valueName":"search_term_string"}}],"inLanguage":"fr-FR"},{"@type":"Organization","@id":"https:\/\/littlemisstomatoes.fr\/#organization","name":"Little Miss Tomatoes","url":"https:\/\/littlemisstomatoes.fr\/","logo":{"@type":"ImageObject","inLanguage":"fr-FR","@id":"https:\/\/littlemisstomatoes.fr\/#\/schema\/logo\/image\/","url":"https:\/\/littlemisstomatoes.fr\/wp-content\/uploads\/2021\/09\/cropped-cropped-elephantblc.jpg","contentUrl":"https:\/\/littlemisstomatoes.fr\/wp-content\/uploads\/2021\/09\/cropped-cropped-elephantblc.jpg","width":512,"height":512,"caption":"Little Miss Tomatoes"},"image":{"@id":"https:\/\/littlemisstomatoes.fr\/#\/schema\/logo\/image\/"}}]}},"jetpack-related-posts":[],"jetpack_sharing_enabled":true,"_links":{"self":[{"href":"https:\/\/littlemisstomatoes.fr\/index.php\/wp-json\/wp\/v2\/product\/2966","targetHints":{"allow":["GET"]}}],"collection":[{"href":"https:\/\/littlemisstomatoes.fr\/index.php\/wp-json\/wp\/v2\/product"}],"about":[{"href":"https:\/\/littlemisstomatoes.fr\/index.php\/wp-json\/wp\/v2\/types\/product"}],"replies":[{"embeddable":true,"href":"https:\/\/littlemisstomatoes.fr\/index.php\/wp-json\/wp\/v2\/comments?post=2966"}],"wp:featuredmedia":[{"embeddable":true,"href":"https:\/\/littlemisstomatoes.fr\/index.php\/wp-json\/wp\/v2\/media\/2974"}],"wp:attachment":[{"href":"https:\/\/littlemisstomatoes.fr\/index.php\/wp-json\/wp\/v2\/media?parent=2966"}],"wp:term":[{"taxonomy":"product_brand","embeddable":true,"href":"https:\/\/littlemisstomatoes.fr\/index.php\/wp-json\/wp\/v2\/product_brand?post=2966"},{"taxonomy":"product_cat","embeddable":true,"href":"https:\/\/littlemisstomatoes.fr\/index.php\/wp-json\/wp\/v2\/product_cat?post=2966"},{"taxonomy":"product_tag","embeddable":true,"href":"https:\/\/littlemisstomatoes.fr\/index.php\/wp-json\/wp\/v2\/product_tag?post=2966"}],"curies":[{"name":"wp","href":"https:\/\/api.w.org\/{rel}","templated":true}]}}