{"id":2961,"date":"2024-07-29T17:21:17","date_gmt":"2024-07-29T15:21:17","guid":{"rendered":"https:\/\/littlemisstomatoes.fr\/?post_type=product&#038;p=2961"},"modified":"2024-07-29T18:48:41","modified_gmt":"2024-07-29T16:48:41","slug":"coussin-zebre-et-lemurien-terracotta","status":"publish","type":"product","link":"https:\/\/littlemisstomatoes.fr\/index.php\/produit\/coussin-zebre-et-lemurien-terracotta\/","title":{"rendered":"Coussin Z\u00e8bre et l\u00e9murien &#8211; Terracotta"},"content":{"rendered":"<p>Un coussin craquant pour d\u00e9corer la chambre !<\/p>\n<p>D\u00e9couvrez ce coussin original et craquant. Compos\u00e9 d&rsquo;une face en coton et du dos en polaire minky ultra douce, de couleur terracotta, c&rsquo;est un cadeau orignal \u00e0 faire \u00e0 votre enfant. Le dos tr\u00e8s doux, le devant avec ce z\u00e8bre et ce l\u00e9muriens tendres et attachants, c&rsquo;est l&rsquo;accessoire utile pour le coin lecture, le lit ou encore la d\u00e9co de la chambre.<\/p>\n<p>Afin de compl\u00e9ter, des couvertures sont disponibles sur le site, n&rsquo;h\u00e9sitez pas \u00e0 regarder par ici : https:\/\/littlemisstomatoes.fr\/index.php\/categorie-produit\/bonne-nuit\/couverture\/<\/p>\n<p>Coussin vendu avec le rembourrage inclus.<\/p>\n<p>Composition de la taie : 50% coton 50% polyester.<\/p>\n<p>Composition du rembourrage : 100% polyester<\/p>\n<p>&nbsp;<\/p>\n<p>R\u00e9alis\u00e9 au pied des Alpes, dans mon atelier grenoblois.<\/p>\n<p>Envoi via mondial relay ou colissimo.<\/p>\n","protected":false},"excerpt":{"rendered":"<p>Un coussin craquant pour d\u00e9corer la chambre ! D\u00e9couvrez ce coussin original et craquant. Compos\u00e9 d&rsquo;une face en coton et du dos en polaire minky ultra douce, de couleur terracotta, c&rsquo;est un cadeau orignal \u00e0 faire \u00e0 votre enfant. Le dos tr\u00e8s doux, le devant avec ce z\u00e8bre et ce l\u00e9muriens tendres et attachants, c&rsquo;est &hellip; <\/p>\n","protected":false},"featured_media":2972,"comment_status":"open","ping_status":"closed","template":"","meta":[],"product_brand":[],"product_cat":[153],"product_tag":[81,269,133,270,84],"class_list":{"0":"post-2961","1":"product","2":"type-product","3":"status-publish","4":"has-post-thumbnail","6":"product_cat-promo","7":"product_tag-chambre","8":"product_tag-coussin","9":"product_tag-deco","10":"product_tag-decoration","11":"product_tag-zebre","13":"first","14":"instock","15":"sale","16":"shipping-taxable","17":"purchasable","18":"product-type-simple"},"yoast_head":"<!-- This site is optimized with the Yoast SEO plugin v27.4 - https:\/\/yoast.com\/product\/yoast-seo-wordpress\/ -->\n<title>Coussin Z\u00e8bre et l\u00e9murien - Terracotta - Little Miss Tomatoes<\/title>\n<meta name=\"robots\" content=\"index, follow, max-snippet:-1, max-image-preview:large, max-video-preview:-1\" \/>\n<link rel=\"canonical\" href=\"https:\/\/littlemisstomatoes.fr\/index.php\/produit\/coussin-zebre-et-lemurien-terracotta\/\" \/>\n<meta property=\"og:locale\" content=\"fr_FR\" \/>\n<meta property=\"og:type\" content=\"article\" \/>\n<meta property=\"og:title\" content=\"Coussin Z\u00e8bre et l\u00e9murien - Terracotta - Little Miss Tomatoes\" \/>\n<meta property=\"og:description\" content=\"Un coussin craquant pour d\u00e9corer la chambre ! D\u00e9couvrez ce coussin original et craquant. Compos\u00e9 d&rsquo;une face en coton et du dos en polaire minky ultra douce, de couleur terracotta, c&rsquo;est un cadeau orignal \u00e0 faire \u00e0 votre enfant. Le dos tr\u00e8s doux, le devant avec ce z\u00e8bre et ce l\u00e9muriens tendres et attachants, c&rsquo;est &hellip;\" \/>\n<meta property=\"og:url\" content=\"https:\/\/littlemisstomatoes.fr\/index.php\/produit\/coussin-zebre-et-lemurien-terracotta\/\" \/>\n<meta property=\"og:site_name\" content=\"Little Miss Tomatoes\" \/>\n<meta property=\"article:modified_time\" content=\"2024-07-29T16:48:41+00:00\" \/>\n<meta property=\"og:image\" content=\"https:\/\/littlemisstomatoes.fr\/wp-content\/uploads\/2024\/07\/1722270697297.jpg\" \/>\n\t<meta property=\"og:image:width\" content=\"1080\" \/>\n\t<meta property=\"og:image:height\" content=\"1751\" \/>\n\t<meta property=\"og:image:type\" content=\"image\/jpeg\" \/>\n<meta name=\"twitter:card\" content=\"summary_large_image\" \/>\n<meta name=\"twitter:label1\" content=\"Dur\u00e9e de lecture estim\u00e9e\" \/>\n\t<meta name=\"twitter:data1\" content=\"1 minute\" \/>\n<script type=\"application\/ld+json\" class=\"yoast-schema-graph\">{\"@context\":\"https:\\\/\\\/schema.org\",\"@graph\":[{\"@type\":\"WebPage\",\"@id\":\"https:\\\/\\\/littlemisstomatoes.fr\\\/index.php\\\/produit\\\/coussin-zebre-et-lemurien-terracotta\\\/\",\"url\":\"https:\\\/\\\/littlemisstomatoes.fr\\\/index.php\\\/produit\\\/coussin-zebre-et-lemurien-terracotta\\\/\",\"name\":\"Coussin Z\u00e8bre et l\u00e9murien - Terracotta - Little Miss Tomatoes\",\"isPartOf\":{\"@id\":\"https:\\\/\\\/littlemisstomatoes.fr\\\/#website\"},\"primaryImageOfPage\":{\"@id\":\"https:\\\/\\\/littlemisstomatoes.fr\\\/index.php\\\/produit\\\/coussin-zebre-et-lemurien-terracotta\\\/#primaryimage\"},\"image\":{\"@id\":\"https:\\\/\\\/littlemisstomatoes.fr\\\/index.php\\\/produit\\\/coussin-zebre-et-lemurien-terracotta\\\/#primaryimage\"},\"thumbnailUrl\":\"https:\\\/\\\/littlemisstomatoes.fr\\\/wp-content\\\/uploads\\\/2024\\\/07\\\/1722270697297.jpg\",\"datePublished\":\"2024-07-29T15:21:17+00:00\",\"dateModified\":\"2024-07-29T16:48:41+00:00\",\"breadcrumb\":{\"@id\":\"https:\\\/\\\/littlemisstomatoes.fr\\\/index.php\\\/produit\\\/coussin-zebre-et-lemurien-terracotta\\\/#breadcrumb\"},\"inLanguage\":\"fr-FR\",\"potentialAction\":[{\"@type\":\"ReadAction\",\"target\":[\"https:\\\/\\\/littlemisstomatoes.fr\\\/index.php\\\/produit\\\/coussin-zebre-et-lemurien-terracotta\\\/\"]}]},{\"@type\":\"ImageObject\",\"inLanguage\":\"fr-FR\",\"@id\":\"https:\\\/\\\/littlemisstomatoes.fr\\\/index.php\\\/produit\\\/coussin-zebre-et-lemurien-terracotta\\\/#primaryimage\",\"url\":\"https:\\\/\\\/littlemisstomatoes.fr\\\/wp-content\\\/uploads\\\/2024\\\/07\\\/1722270697297.jpg\",\"contentUrl\":\"https:\\\/\\\/littlemisstomatoes.fr\\\/wp-content\\\/uploads\\\/2024\\\/07\\\/1722270697297.jpg\",\"width\":1080,\"height\":1751},{\"@type\":\"BreadcrumbList\",\"@id\":\"https:\\\/\\\/littlemisstomatoes.fr\\\/index.php\\\/produit\\\/coussin-zebre-et-lemurien-terracotta\\\/#breadcrumb\",\"itemListElement\":[{\"@type\":\"ListItem\",\"position\":1,\"name\":\"Accueil\",\"item\":\"https:\\\/\\\/littlemisstomatoes.fr\\\/\"},{\"@type\":\"ListItem\",\"position\":2,\"name\":\"Boutique\",\"item\":\"https:\\\/\\\/littlemisstomatoes.fr\\\/\"},{\"@type\":\"ListItem\",\"position\":3,\"name\":\"Coussin Z\u00e8bre et l\u00e9murien &#8211; Terracotta\"}]},{\"@type\":\"WebSite\",\"@id\":\"https:\\\/\\\/littlemisstomatoes.fr\\\/#website\",\"url\":\"https:\\\/\\\/littlemisstomatoes.fr\\\/\",\"name\":\"Little Miss Tomatoes\",\"description\":\"Cadeaux naissance - atelier couture enfant et adulte - Grenoble - Savoir faire fran\u00e7ais\",\"publisher\":{\"@id\":\"https:\\\/\\\/littlemisstomatoes.fr\\\/#organization\"},\"potentialAction\":[{\"@type\":\"SearchAction\",\"target\":{\"@type\":\"EntryPoint\",\"urlTemplate\":\"https:\\\/\\\/littlemisstomatoes.fr\\\/?s={search_term_string}\"},\"query-input\":{\"@type\":\"PropertyValueSpecification\",\"valueRequired\":true,\"valueName\":\"search_term_string\"}}],\"inLanguage\":\"fr-FR\"},{\"@type\":\"Organization\",\"@id\":\"https:\\\/\\\/littlemisstomatoes.fr\\\/#organization\",\"name\":\"Little Miss Tomatoes\",\"url\":\"https:\\\/\\\/littlemisstomatoes.fr\\\/\",\"logo\":{\"@type\":\"ImageObject\",\"inLanguage\":\"fr-FR\",\"@id\":\"https:\\\/\\\/littlemisstomatoes.fr\\\/#\\\/schema\\\/logo\\\/image\\\/\",\"url\":\"https:\\\/\\\/littlemisstomatoes.fr\\\/wp-content\\\/uploads\\\/2021\\\/09\\\/cropped-cropped-elephantblc.jpg\",\"contentUrl\":\"https:\\\/\\\/littlemisstomatoes.fr\\\/wp-content\\\/uploads\\\/2021\\\/09\\\/cropped-cropped-elephantblc.jpg\",\"width\":512,\"height\":512,\"caption\":\"Little Miss Tomatoes\"},\"image\":{\"@id\":\"https:\\\/\\\/littlemisstomatoes.fr\\\/#\\\/schema\\\/logo\\\/image\\\/\"}}]}<\/script>\n<!-- \/ Yoast SEO plugin. -->","yoast_head_json":{"title":"Coussin Z\u00e8bre et l\u00e9murien - Terracotta - Little Miss Tomatoes","robots":{"index":"index","follow":"follow","max-snippet":"max-snippet:-1","max-image-preview":"max-image-preview:large","max-video-preview":"max-video-preview:-1"},"canonical":"https:\/\/littlemisstomatoes.fr\/index.php\/produit\/coussin-zebre-et-lemurien-terracotta\/","og_locale":"fr_FR","og_type":"article","og_title":"Coussin Z\u00e8bre et l\u00e9murien - Terracotta - Little Miss Tomatoes","og_description":"Un coussin craquant pour d\u00e9corer la chambre ! D\u00e9couvrez ce coussin original et craquant. Compos\u00e9 d&rsquo;une face en coton et du dos en polaire minky ultra douce, de couleur terracotta, c&rsquo;est un cadeau orignal \u00e0 faire \u00e0 votre enfant. Le dos tr\u00e8s doux, le devant avec ce z\u00e8bre et ce l\u00e9muriens tendres et attachants, c&rsquo;est &hellip;","og_url":"https:\/\/littlemisstomatoes.fr\/index.php\/produit\/coussin-zebre-et-lemurien-terracotta\/","og_site_name":"Little Miss Tomatoes","article_modified_time":"2024-07-29T16:48:41+00:00","og_image":[{"width":1080,"height":1751,"url":"https:\/\/littlemisstomatoes.fr\/wp-content\/uploads\/2024\/07\/1722270697297.jpg","type":"image\/jpeg"}],"twitter_card":"summary_large_image","twitter_misc":{"Dur\u00e9e de lecture estim\u00e9e":"1 minute"},"schema":{"@context":"https:\/\/schema.org","@graph":[{"@type":"WebPage","@id":"https:\/\/littlemisstomatoes.fr\/index.php\/produit\/coussin-zebre-et-lemurien-terracotta\/","url":"https:\/\/littlemisstomatoes.fr\/index.php\/produit\/coussin-zebre-et-lemurien-terracotta\/","name":"Coussin Z\u00e8bre et l\u00e9murien - Terracotta - Little Miss Tomatoes","isPartOf":{"@id":"https:\/\/littlemisstomatoes.fr\/#website"},"primaryImageOfPage":{"@id":"https:\/\/littlemisstomatoes.fr\/index.php\/produit\/coussin-zebre-et-lemurien-terracotta\/#primaryimage"},"image":{"@id":"https:\/\/littlemisstomatoes.fr\/index.php\/produit\/coussin-zebre-et-lemurien-terracotta\/#primaryimage"},"thumbnailUrl":"https:\/\/littlemisstomatoes.fr\/wp-content\/uploads\/2024\/07\/1722270697297.jpg","datePublished":"2024-07-29T15:21:17+00:00","dateModified":"2024-07-29T16:48:41+00:00","breadcrumb":{"@id":"https:\/\/littlemisstomatoes.fr\/index.php\/produit\/coussin-zebre-et-lemurien-terracotta\/#breadcrumb"},"inLanguage":"fr-FR","potentialAction":[{"@type":"ReadAction","target":["https:\/\/littlemisstomatoes.fr\/index.php\/produit\/coussin-zebre-et-lemurien-terracotta\/"]}]},{"@type":"ImageObject","inLanguage":"fr-FR","@id":"https:\/\/littlemisstomatoes.fr\/index.php\/produit\/coussin-zebre-et-lemurien-terracotta\/#primaryimage","url":"https:\/\/littlemisstomatoes.fr\/wp-content\/uploads\/2024\/07\/1722270697297.jpg","contentUrl":"https:\/\/littlemisstomatoes.fr\/wp-content\/uploads\/2024\/07\/1722270697297.jpg","width":1080,"height":1751},{"@type":"BreadcrumbList","@id":"https:\/\/littlemisstomatoes.fr\/index.php\/produit\/coussin-zebre-et-lemurien-terracotta\/#breadcrumb","itemListElement":[{"@type":"ListItem","position":1,"name":"Accueil","item":"https:\/\/littlemisstomatoes.fr\/"},{"@type":"ListItem","position":2,"name":"Boutique","item":"https:\/\/littlemisstomatoes.fr\/"},{"@type":"ListItem","position":3,"name":"Coussin Z\u00e8bre et l\u00e9murien &#8211; Terracotta"}]},{"@type":"WebSite","@id":"https:\/\/littlemisstomatoes.fr\/#website","url":"https:\/\/littlemisstomatoes.fr\/","name":"Little Miss Tomatoes","description":"Cadeaux naissance - atelier couture enfant et adulte - Grenoble - Savoir faire fran\u00e7ais","publisher":{"@id":"https:\/\/littlemisstomatoes.fr\/#organization"},"potentialAction":[{"@type":"SearchAction","target":{"@type":"EntryPoint","urlTemplate":"https:\/\/littlemisstomatoes.fr\/?s={search_term_string}"},"query-input":{"@type":"PropertyValueSpecification","valueRequired":true,"valueName":"search_term_string"}}],"inLanguage":"fr-FR"},{"@type":"Organization","@id":"https:\/\/littlemisstomatoes.fr\/#organization","name":"Little Miss Tomatoes","url":"https:\/\/littlemisstomatoes.fr\/","logo":{"@type":"ImageObject","inLanguage":"fr-FR","@id":"https:\/\/littlemisstomatoes.fr\/#\/schema\/logo\/image\/","url":"https:\/\/littlemisstomatoes.fr\/wp-content\/uploads\/2021\/09\/cropped-cropped-elephantblc.jpg","contentUrl":"https:\/\/littlemisstomatoes.fr\/wp-content\/uploads\/2021\/09\/cropped-cropped-elephantblc.jpg","width":512,"height":512,"caption":"Little Miss Tomatoes"},"image":{"@id":"https:\/\/littlemisstomatoes.fr\/#\/schema\/logo\/image\/"}}]}},"jetpack-related-posts":[],"jetpack_sharing_enabled":true,"_links":{"self":[{"href":"https:\/\/littlemisstomatoes.fr\/index.php\/wp-json\/wp\/v2\/product\/2961","targetHints":{"allow":["GET"]}}],"collection":[{"href":"https:\/\/littlemisstomatoes.fr\/index.php\/wp-json\/wp\/v2\/product"}],"about":[{"href":"https:\/\/littlemisstomatoes.fr\/index.php\/wp-json\/wp\/v2\/types\/product"}],"replies":[{"embeddable":true,"href":"https:\/\/littlemisstomatoes.fr\/index.php\/wp-json\/wp\/v2\/comments?post=2961"}],"wp:featuredmedia":[{"embeddable":true,"href":"https:\/\/littlemisstomatoes.fr\/index.php\/wp-json\/wp\/v2\/media\/2972"}],"wp:attachment":[{"href":"https:\/\/littlemisstomatoes.fr\/index.php\/wp-json\/wp\/v2\/media?parent=2961"}],"wp:term":[{"taxonomy":"product_brand","embeddable":true,"href":"https:\/\/littlemisstomatoes.fr\/index.php\/wp-json\/wp\/v2\/product_brand?post=2961"},{"taxonomy":"product_cat","embeddable":true,"href":"https:\/\/littlemisstomatoes.fr\/index.php\/wp-json\/wp\/v2\/product_cat?post=2961"},{"taxonomy":"product_tag","embeddable":true,"href":"https:\/\/littlemisstomatoes.fr\/index.php\/wp-json\/wp\/v2\/product_tag?post=2961"}],"curies":[{"name":"wp","href":"https:\/\/api.w.org\/{rel}","templated":true}]}}