{"id":2715,"date":"2024-05-14T18:27:10","date_gmt":"2024-05-14T16:27:10","guid":{"rendered":"https:\/\/littlemisstomatoes.fr\/?post_type=product&#038;p=2715"},"modified":"2026-04-13T21:28:13","modified_gmt":"2026-04-13T19:28:13","slug":"atelier-couture-enfant-grenoble","status":"publish","type":"product","link":"https:\/\/littlemisstomatoes.fr\/index.php\/produit\/atelier-couture-enfant-grenoble\/","title":{"rendered":"Atelier couture enfant &#8211; Grenoble"},"content":{"rendered":"<h2>Atelier couture enfant sur Grenoble<\/h2>\n<p>Vous cherchez un atelier couture pour votre enfant sur Grenoble ? Vous \u00eates au bon endroit !<\/p>\n<p>Faites d\u00e9couvrir \u00e0 votre enfant le plaisir de coudre soi-m\u00eame. Plongez dans le monde du tissu et de la couture pour une activit\u00e9 conviviale et \u00e0 porter de tous.<\/p>\n<h2>Comment se d\u00e9roule un atelier ?<\/h2>\n<p>Pendant 1h30 laissez votre enfant se familiariser avec le monde de la couture ! Au programme :<\/p>\n<ul>\n<li>D\u00e9couverte des diff\u00e9rents noms des tissus, outils et machines<\/li>\n<li>Couture \u00e0 la machine accompagn\u00e9e<\/li>\n<li>R\u00e9alisation guid\u00e9e d&rsquo;une cr\u00e9ation<\/li>\n<li>Tra\u00e7age, d\u00e9coupe, couture et pose de pression.<\/li>\n<\/ul>\n<p>Pour ce cours la cr\u00e9ation r\u00e9alis\u00e9e sera au choix :<\/p>\n<ul>\n<li>un \u00e9tui pour pochette \u00e0 brosse \u00e0 dent ! Votre enfant sera fier de partir en voyage avec sa pochette qu&rsquo;il aura confectionn\u00e9 lui-m\u00eame. Id\u00e9al pour les premi\u00e8res fois en couture.<\/li>\n<li>un coussin ! De quoi d\u00e9corer sa chambre avec quelque chose r\u00e9aliser par soi-m\u00eame.<\/li>\n<li>pochette zipp\u00e9e : pour apprendre \u00e0 poser une fermeture \u00e9clair.<\/li>\n<li>pochette \u00e0 barrette : id\u00e9al pour savoir o\u00f9 mettre ses accessoires cheveux<\/li>\n<li>serviette turban : l&rsquo;accessoire indispensable pour les cheveux !<\/li>\n<li>Un tablier : id\u00e9al pour les gourmands<\/li>\n<li>projet libre, \u00e0 d\u00e9cider sur le moment<\/li>\n<\/ul>\n<p>Pas \u00e0 pas je le guiderai pour qu&rsquo;il puisse utiliser la machine \u00e0 coudre, qu&rsquo;il en ait d\u00e9j\u00e0 fait ou que ce soit sa premi\u00e8re fois. Pour les plus rapides, une autre r\u00e9alisation sera pr\u00e9vue. L&rsquo;id\u00e9e de l&rsquo;atelier est que l&rsquo;enfant puisse en faire un maximum lui-m\u00eame, afin de d\u00e9velopper sa confiance et d&rsquo;\u00eatre satisfait de sa r\u00e9alisation !<\/p>\n<p><strong>Le calendrier des ateliers et cours : <\/strong><em>indiquez la date souhait\u00e9e dans la case \u00ab\u00a0compl\u00e9ment d&rsquo;informations\u00a0\u00bb<\/em><\/p>\n<p>&nbsp;<\/p>\n<p><strong>Avril<\/strong>\u00a0:<\/p>\n<ul>\n<li>Mercredi 22 avril \u00e0 14h |reste 4 places<\/li>\n<li>Samedi 25 avril \u00e0 9H | COMPLET<\/li>\n<li>vendredi 24 avril &#8211; 9h |reste 4 places<\/li>\n<li>Mercredi 29 avril \u00e0 14h | reste 4 places<\/li>\n<\/ul>\n<p><em>Stage pr\u00e9vu du 6 au 8 avril\u00a0<\/em><\/p>\n<p><strong>Mai :<\/strong><\/p>\n<ul>\n<li>Mercredi 6 mai \u00e0 9h| reste 4 places<\/li>\n<li>Mercredi 13 mai \u00e0 14h | reste 4 places<\/li>\n<li>Mercredi 20 mai \u00e0 14h | reste 4 places<\/li>\n<li>Samedi 23 mai \u00e0 9h | reste 3 places<\/li>\n<li>Samedi 23 mai \u00e0 14h | reste 4 places<\/li>\n<li>Mercredi 27 mai \u00e0 14h | reste 4 places<\/li>\n<\/ul>\n<p><strong>Juin :<\/strong><\/p>\n<ul>\n<li>Mercredi 3 juin \u00e0 14h | reste 3 places\u00a0&#8211;<\/li>\n<li>Mercredi 10 juin \u00e0 14h | reste 4 places &#8211;\u00a0<em>\u00a0<\/em><\/li>\n<li>Vendredi 12 juin \u00e0 9h|reste 4 places<\/li>\n<li>Mercredi 17 juin \u00e0 14h | reste 4 places &#8211;\u00a0<em>\u00a0\u00e0 confirmer\u00a0<\/em><\/li>\n<li>Mercredi 24 juin \u00e0 14h | reste 4 places &#8211;\u00a0<em>\u00a0\u00e0 confirmer\u00a0<\/em><\/li>\n<li>Samedi 27 juin \u00e0 9h | reste 3 places<\/li>\n<li>Samedi 27 juin \u00e0 14h | reste 4 places<\/li>\n<\/ul>\n<p><em>Stage de juillet pr\u00e9vu la premi\u00e8re semaine des vacances (6 au 8 juillet \u00e0 confirmer)<\/em><\/p>\n<p>&nbsp;<\/p>\n<p><strong>A partir de 6ans<\/strong>. 5 personnes maximum par ateliers. Si vous souhaitez rester avec votre enfant et partagez ce moment avec lui, inscrivez-vous en atelier duo juste ici : https:\/\/littlemisstomatoes.fr\/index.php\/produit\/atelier-parent-enfant-mois-de-juillet\/<\/p>\n<p><strong>Lieu de l&rsquo;atelier<\/strong> : Atelier FOURNO, 10 rue Marx Dormoy \u00e0 Grenoble<\/p>\n<p>Pour les plus petits (-6ans), un atelier parent-enfant est possible, <a href=\"https:\/\/littlemisstomatoes.fr\/index.php\/categorie-produit\/ateliers-couture\/\">regardez sur le site les prochains cr\u00e9neaux \ud83d\ude09<\/a><\/p>\n<p>Si vous souhaitez des ateliers priv\u00e9s\/ en groupe\/ en famille n&rsquo;h\u00e9sitez pas \u00e0 me contacter !<\/p>\n<p>Pour suivre les derni\u00e8res actualit\u00e9s c&rsquo;est <a href=\"https:\/\/www.instagram.com\/little.misstomatoes\/\">sur la page Instagram.<\/a><\/p>\n","protected":false},"excerpt":{"rendered":"<p>Atelier couture enfant sur Grenoble Vous cherchez un atelier couture pour votre enfant sur Grenoble ? Vous \u00eates au bon endroit ! Faites d\u00e9couvrir \u00e0 votre enfant le plaisir de coudre soi-m\u00eame. Plongez dans le monde du tissu et de la couture pour une activit\u00e9 conviviale et \u00e0 porter de tous. Comment se d\u00e9roule un &hellip; <\/p>\n","protected":false},"featured_media":2507,"comment_status":"open","ping_status":"closed","template":"","meta":[],"product_brand":[],"product_cat":[241],"product_tag":[244,242,245,243,247,246],"class_list":{"0":"post-2715","1":"product","2":"type-product","3":"status-publish","4":"has-post-thumbnail","6":"product_cat-ateliers-couture","7":"product_tag-apprendre-la-couture","8":"product_tag-atelier-couture","9":"product_tag-atelier-enfant","10":"product_tag-couture","11":"product_tag-couture-grenoble","12":"product_tag-parent-enfant","14":"first","15":"instock","16":"shipping-taxable","17":"purchasable","18":"product-type-variable"},"yoast_head":"<!-- This site is optimized with the Yoast SEO plugin v27.4 - https:\/\/yoast.com\/product\/yoast-seo-wordpress\/ -->\n<title>Atelier couture enfant - Grenoble - Little Miss Tomatoes<\/title>\n<meta name=\"description\" content=\"atelier couture pour enfant sur Grenoble. Pour d\u00e9couvrir le monde de la couture \u00e0 travers plusieurs projets adapt\u00e9s \u00e0 l&#039;enfant. A partir de 6ans\" \/>\n<meta name=\"robots\" content=\"index, follow, max-snippet:-1, max-image-preview:large, max-video-preview:-1\" \/>\n<link rel=\"canonical\" href=\"https:\/\/littlemisstomatoes.fr\/index.php\/produit\/atelier-couture-enfant-grenoble\/\" \/>\n<meta property=\"og:locale\" content=\"fr_FR\" \/>\n<meta property=\"og:type\" content=\"article\" \/>\n<meta property=\"og:title\" content=\"Atelier couture enfant - Grenoble - Little Miss Tomatoes\" \/>\n<meta property=\"og:description\" content=\"atelier couture pour enfant sur Grenoble. Pour d\u00e9couvrir le monde de la couture \u00e0 travers plusieurs projets adapt\u00e9s \u00e0 l&#039;enfant. A partir de 6ans\" \/>\n<meta property=\"og:url\" content=\"https:\/\/littlemisstomatoes.fr\/index.php\/produit\/atelier-couture-enfant-grenoble\/\" \/>\n<meta property=\"og:site_name\" content=\"Little Miss Tomatoes\" \/>\n<meta property=\"article:modified_time\" content=\"2026-04-13T19:28:13+00:00\" \/>\n<meta property=\"og:image\" content=\"https:\/\/littlemisstomatoes.fr\/wp-content\/uploads\/2024\/02\/4.png\" \/>\n\t<meta property=\"og:image:width\" content=\"1080\" \/>\n\t<meta property=\"og:image:height\" content=\"1080\" \/>\n\t<meta property=\"og:image:type\" content=\"image\/png\" \/>\n<meta name=\"twitter:card\" content=\"summary_large_image\" \/>\n<meta name=\"twitter:label1\" content=\"Dur\u00e9e de lecture estim\u00e9e\" \/>\n\t<meta name=\"twitter:data1\" content=\"3 minutes\" \/>\n<script type=\"application\/ld+json\" class=\"yoast-schema-graph\">{\"@context\":\"https:\\\/\\\/schema.org\",\"@graph\":[{\"@type\":\"WebPage\",\"@id\":\"https:\\\/\\\/littlemisstomatoes.fr\\\/index.php\\\/produit\\\/atelier-couture-enfant-grenoble\\\/\",\"url\":\"https:\\\/\\\/littlemisstomatoes.fr\\\/index.php\\\/produit\\\/atelier-couture-enfant-grenoble\\\/\",\"name\":\"Atelier couture enfant - Grenoble - Little Miss Tomatoes\",\"isPartOf\":{\"@id\":\"https:\\\/\\\/littlemisstomatoes.fr\\\/#website\"},\"primaryImageOfPage\":{\"@id\":\"https:\\\/\\\/littlemisstomatoes.fr\\\/index.php\\\/produit\\\/atelier-couture-enfant-grenoble\\\/#primaryimage\"},\"image\":{\"@id\":\"https:\\\/\\\/littlemisstomatoes.fr\\\/index.php\\\/produit\\\/atelier-couture-enfant-grenoble\\\/#primaryimage\"},\"thumbnailUrl\":\"https:\\\/\\\/littlemisstomatoes.fr\\\/wp-content\\\/uploads\\\/2024\\\/02\\\/4.png\",\"datePublished\":\"2024-05-14T16:27:10+00:00\",\"dateModified\":\"2026-04-13T19:28:13+00:00\",\"description\":\"atelier couture pour enfant sur Grenoble. Pour d\u00e9couvrir le monde de la couture \u00e0 travers plusieurs projets adapt\u00e9s \u00e0 l'enfant. A partir de 6ans\",\"breadcrumb\":{\"@id\":\"https:\\\/\\\/littlemisstomatoes.fr\\\/index.php\\\/produit\\\/atelier-couture-enfant-grenoble\\\/#breadcrumb\"},\"inLanguage\":\"fr-FR\",\"potentialAction\":[{\"@type\":\"ReadAction\",\"target\":[\"https:\\\/\\\/littlemisstomatoes.fr\\\/index.php\\\/produit\\\/atelier-couture-enfant-grenoble\\\/\"]}]},{\"@type\":\"ImageObject\",\"inLanguage\":\"fr-FR\",\"@id\":\"https:\\\/\\\/littlemisstomatoes.fr\\\/index.php\\\/produit\\\/atelier-couture-enfant-grenoble\\\/#primaryimage\",\"url\":\"https:\\\/\\\/littlemisstomatoes.fr\\\/wp-content\\\/uploads\\\/2024\\\/02\\\/4.png\",\"contentUrl\":\"https:\\\/\\\/littlemisstomatoes.fr\\\/wp-content\\\/uploads\\\/2024\\\/02\\\/4.png\",\"width\":1080,\"height\":1080},{\"@type\":\"BreadcrumbList\",\"@id\":\"https:\\\/\\\/littlemisstomatoes.fr\\\/index.php\\\/produit\\\/atelier-couture-enfant-grenoble\\\/#breadcrumb\",\"itemListElement\":[{\"@type\":\"ListItem\",\"position\":1,\"name\":\"Accueil\",\"item\":\"https:\\\/\\\/littlemisstomatoes.fr\\\/\"},{\"@type\":\"ListItem\",\"position\":2,\"name\":\"Boutique\",\"item\":\"https:\\\/\\\/littlemisstomatoes.fr\\\/\"},{\"@type\":\"ListItem\",\"position\":3,\"name\":\"Atelier couture enfant &#8211; Grenoble\"}]},{\"@type\":\"WebSite\",\"@id\":\"https:\\\/\\\/littlemisstomatoes.fr\\\/#website\",\"url\":\"https:\\\/\\\/littlemisstomatoes.fr\\\/\",\"name\":\"Little Miss Tomatoes\",\"description\":\"Cadeaux naissance - atelier couture enfant et adulte - Grenoble - Savoir faire fran\u00e7ais\",\"publisher\":{\"@id\":\"https:\\\/\\\/littlemisstomatoes.fr\\\/#organization\"},\"potentialAction\":[{\"@type\":\"SearchAction\",\"target\":{\"@type\":\"EntryPoint\",\"urlTemplate\":\"https:\\\/\\\/littlemisstomatoes.fr\\\/?s={search_term_string}\"},\"query-input\":{\"@type\":\"PropertyValueSpecification\",\"valueRequired\":true,\"valueName\":\"search_term_string\"}}],\"inLanguage\":\"fr-FR\"},{\"@type\":\"Organization\",\"@id\":\"https:\\\/\\\/littlemisstomatoes.fr\\\/#organization\",\"name\":\"Little Miss Tomatoes\",\"url\":\"https:\\\/\\\/littlemisstomatoes.fr\\\/\",\"logo\":{\"@type\":\"ImageObject\",\"inLanguage\":\"fr-FR\",\"@id\":\"https:\\\/\\\/littlemisstomatoes.fr\\\/#\\\/schema\\\/logo\\\/image\\\/\",\"url\":\"https:\\\/\\\/littlemisstomatoes.fr\\\/wp-content\\\/uploads\\\/2021\\\/09\\\/cropped-cropped-elephantblc.jpg\",\"contentUrl\":\"https:\\\/\\\/littlemisstomatoes.fr\\\/wp-content\\\/uploads\\\/2021\\\/09\\\/cropped-cropped-elephantblc.jpg\",\"width\":512,\"height\":512,\"caption\":\"Little Miss Tomatoes\"},\"image\":{\"@id\":\"https:\\\/\\\/littlemisstomatoes.fr\\\/#\\\/schema\\\/logo\\\/image\\\/\"}}]}<\/script>\n<!-- \/ Yoast SEO plugin. -->","yoast_head_json":{"title":"Atelier couture enfant - Grenoble - Little Miss Tomatoes","description":"atelier couture pour enfant sur Grenoble. Pour d\u00e9couvrir le monde de la couture \u00e0 travers plusieurs projets adapt\u00e9s \u00e0 l'enfant. A partir de 6ans","robots":{"index":"index","follow":"follow","max-snippet":"max-snippet:-1","max-image-preview":"max-image-preview:large","max-video-preview":"max-video-preview:-1"},"canonical":"https:\/\/littlemisstomatoes.fr\/index.php\/produit\/atelier-couture-enfant-grenoble\/","og_locale":"fr_FR","og_type":"article","og_title":"Atelier couture enfant - Grenoble - Little Miss Tomatoes","og_description":"atelier couture pour enfant sur Grenoble. Pour d\u00e9couvrir le monde de la couture \u00e0 travers plusieurs projets adapt\u00e9s \u00e0 l'enfant. A partir de 6ans","og_url":"https:\/\/littlemisstomatoes.fr\/index.php\/produit\/atelier-couture-enfant-grenoble\/","og_site_name":"Little Miss Tomatoes","article_modified_time":"2026-04-13T19:28:13+00:00","og_image":[{"width":1080,"height":1080,"url":"https:\/\/littlemisstomatoes.fr\/wp-content\/uploads\/2024\/02\/4.png","type":"image\/png"}],"twitter_card":"summary_large_image","twitter_misc":{"Dur\u00e9e de lecture estim\u00e9e":"3 minutes"},"schema":{"@context":"https:\/\/schema.org","@graph":[{"@type":"WebPage","@id":"https:\/\/littlemisstomatoes.fr\/index.php\/produit\/atelier-couture-enfant-grenoble\/","url":"https:\/\/littlemisstomatoes.fr\/index.php\/produit\/atelier-couture-enfant-grenoble\/","name":"Atelier couture enfant - Grenoble - Little Miss Tomatoes","isPartOf":{"@id":"https:\/\/littlemisstomatoes.fr\/#website"},"primaryImageOfPage":{"@id":"https:\/\/littlemisstomatoes.fr\/index.php\/produit\/atelier-couture-enfant-grenoble\/#primaryimage"},"image":{"@id":"https:\/\/littlemisstomatoes.fr\/index.php\/produit\/atelier-couture-enfant-grenoble\/#primaryimage"},"thumbnailUrl":"https:\/\/littlemisstomatoes.fr\/wp-content\/uploads\/2024\/02\/4.png","datePublished":"2024-05-14T16:27:10+00:00","dateModified":"2026-04-13T19:28:13+00:00","description":"atelier couture pour enfant sur Grenoble. Pour d\u00e9couvrir le monde de la couture \u00e0 travers plusieurs projets adapt\u00e9s \u00e0 l'enfant. A partir de 6ans","breadcrumb":{"@id":"https:\/\/littlemisstomatoes.fr\/index.php\/produit\/atelier-couture-enfant-grenoble\/#breadcrumb"},"inLanguage":"fr-FR","potentialAction":[{"@type":"ReadAction","target":["https:\/\/littlemisstomatoes.fr\/index.php\/produit\/atelier-couture-enfant-grenoble\/"]}]},{"@type":"ImageObject","inLanguage":"fr-FR","@id":"https:\/\/littlemisstomatoes.fr\/index.php\/produit\/atelier-couture-enfant-grenoble\/#primaryimage","url":"https:\/\/littlemisstomatoes.fr\/wp-content\/uploads\/2024\/02\/4.png","contentUrl":"https:\/\/littlemisstomatoes.fr\/wp-content\/uploads\/2024\/02\/4.png","width":1080,"height":1080},{"@type":"BreadcrumbList","@id":"https:\/\/littlemisstomatoes.fr\/index.php\/produit\/atelier-couture-enfant-grenoble\/#breadcrumb","itemListElement":[{"@type":"ListItem","position":1,"name":"Accueil","item":"https:\/\/littlemisstomatoes.fr\/"},{"@type":"ListItem","position":2,"name":"Boutique","item":"https:\/\/littlemisstomatoes.fr\/"},{"@type":"ListItem","position":3,"name":"Atelier couture enfant &#8211; Grenoble"}]},{"@type":"WebSite","@id":"https:\/\/littlemisstomatoes.fr\/#website","url":"https:\/\/littlemisstomatoes.fr\/","name":"Little Miss Tomatoes","description":"Cadeaux naissance - atelier couture enfant et adulte - Grenoble - Savoir faire fran\u00e7ais","publisher":{"@id":"https:\/\/littlemisstomatoes.fr\/#organization"},"potentialAction":[{"@type":"SearchAction","target":{"@type":"EntryPoint","urlTemplate":"https:\/\/littlemisstomatoes.fr\/?s={search_term_string}"},"query-input":{"@type":"PropertyValueSpecification","valueRequired":true,"valueName":"search_term_string"}}],"inLanguage":"fr-FR"},{"@type":"Organization","@id":"https:\/\/littlemisstomatoes.fr\/#organization","name":"Little Miss Tomatoes","url":"https:\/\/littlemisstomatoes.fr\/","logo":{"@type":"ImageObject","inLanguage":"fr-FR","@id":"https:\/\/littlemisstomatoes.fr\/#\/schema\/logo\/image\/","url":"https:\/\/littlemisstomatoes.fr\/wp-content\/uploads\/2021\/09\/cropped-cropped-elephantblc.jpg","contentUrl":"https:\/\/littlemisstomatoes.fr\/wp-content\/uploads\/2021\/09\/cropped-cropped-elephantblc.jpg","width":512,"height":512,"caption":"Little Miss Tomatoes"},"image":{"@id":"https:\/\/littlemisstomatoes.fr\/#\/schema\/logo\/image\/"}}]}},"jetpack-related-posts":[],"jetpack_sharing_enabled":true,"_links":{"self":[{"href":"https:\/\/littlemisstomatoes.fr\/index.php\/wp-json\/wp\/v2\/product\/2715","targetHints":{"allow":["GET"]}}],"collection":[{"href":"https:\/\/littlemisstomatoes.fr\/index.php\/wp-json\/wp\/v2\/product"}],"about":[{"href":"https:\/\/littlemisstomatoes.fr\/index.php\/wp-json\/wp\/v2\/types\/product"}],"replies":[{"embeddable":true,"href":"https:\/\/littlemisstomatoes.fr\/index.php\/wp-json\/wp\/v2\/comments?post=2715"}],"wp:featuredmedia":[{"embeddable":true,"href":"https:\/\/littlemisstomatoes.fr\/index.php\/wp-json\/wp\/v2\/media\/2507"}],"wp:attachment":[{"href":"https:\/\/littlemisstomatoes.fr\/index.php\/wp-json\/wp\/v2\/media?parent=2715"}],"wp:term":[{"taxonomy":"product_brand","embeddable":true,"href":"https:\/\/littlemisstomatoes.fr\/index.php\/wp-json\/wp\/v2\/product_brand?post=2715"},{"taxonomy":"product_cat","embeddable":true,"href":"https:\/\/littlemisstomatoes.fr\/index.php\/wp-json\/wp\/v2\/product_cat?post=2715"},{"taxonomy":"product_tag","embeddable":true,"href":"https:\/\/littlemisstomatoes.fr\/index.php\/wp-json\/wp\/v2\/product_tag?post=2715"}],"curies":[{"name":"wp","href":"https:\/\/api.w.org\/{rel}","templated":true}]}}