{"id":2665,"date":"2024-04-11T09:50:08","date_gmt":"2024-04-11T07:50:08","guid":{"rendered":"https:\/\/littlemisstomatoes.fr\/?post_type=product&#038;p=2665"},"modified":"2026-03-26T12:25:34","modified_gmt":"2026-03-26T11:25:34","slug":"atelier-parent-enfant","status":"publish","type":"product","link":"https:\/\/littlemisstomatoes.fr\/index.php\/produit\/atelier-parent-enfant\/","title":{"rendered":"Atelier couture Parent Enfant"},"content":{"rendered":"<h1>Atelier couture Parent Enfant &#8211; Grenoble<\/h1>\n<p>Offrez-vous un moment partag\u00e9 avec votre enfant ! Pour un activit\u00e9 en famille venez d\u00e9couvrir la couture gr\u00e2ce \u00e0 cet atelier sp\u00e9cial parent enfant.<\/p>\n<h2>Comment se d\u00e9roule l&rsquo;atelier ?<\/h2>\n<p>Pendant 2h partagez un moment de complicit\u00e9 ensemble pour d\u00e9couvrir le monde de la couture ! Au programme :<\/p>\n<ul>\n<li>D\u00e9couverte des diff\u00e9rents noms des tissus, outils et machines<\/li>\n<li>Couture \u00e0 la machine accompagn\u00e9e<\/li>\n<li>R\u00e9alisation guid\u00e9e d&rsquo;une cr\u00e9ation<\/li>\n<li>Tra\u00e7age, d\u00e9coupe, couture et\/ou pose de pression<\/li>\n<\/ul>\n<h2>Qu&rsquo;est ce que r\u00e9alisez ?<\/h2>\n<p>Pour ce cours vous pouvez choisir entre quatre cr\u00e9ations. Une pour l&rsquo;enfant et une pour le parent, vous pouvez faire les m\u00eames pour plus de complicit\u00e9 ou au contraire faire selon vos envies :<\/p>\n<ul>\n<li>un kit de voyage (pochette \u00e0 brosse \u00e0 dent + pochette\u00a0 savon)<\/li>\n<li>un coussin<\/li>\n<li>une serviette turban pour les cheveux<\/li>\n<li>pochette pression imperm\u00e9able (pochette plate, assez grande pour y mettre maquillage, stylos ou autre !)<\/li>\n<li>pochette zipp\u00e9e pour apprendre la poste de la fermeture \u00e9clair !<\/li>\n<li>Tablier pour cuisiner en famille<\/li>\n<li>Projet libre pour d\u00e9cider sur le moment<\/li>\n<\/ul>\n<p>Pas \u00e0 pas je vous guiderai pour que vous et votre enfant puissent utiliser la machine \u00e0 coudre. Que vous en avez d\u00e9j\u00e0 fait ou que ce soit la premi\u00e8re fois, aucun souci, le rythme sera adapt\u00e9. L&rsquo;id\u00e9e de l&rsquo;atelier est que enfant et parent puisse partager ensemble un moment, en d\u00e9velopper la confiance et en \u00e9tant satisfait de sa r\u00e9alisation !<\/p>\n<p><strong>A partir de 6ans<\/strong>. 3 personnes maximum par ateliers. Le tablier est possible \u00e0 partir de 8ans. Pour les plus jeunes la pochette \u00e0 brosse \u00e0 dent est recommand\u00e9.<\/p>\n<p><strong>Pour un meilleur accueil, merci de m&rsquo;indiquer l&rsquo;\u00e2ge de l&rsquo;enfant et s&rsquo;il a d\u00e9j\u00e0 fait de la couture avec une machine \u00e0 coudre.<\/strong><\/p>\n<p>&nbsp;<\/p>\n<p><strong>Le calendrier des ateliers et cours : <\/strong><em>indiquez la date souhait\u00e9e dans la case \u00ab\u00a0compl\u00e9ment d&rsquo;informations\u00a0\u00bb<\/em><\/p>\n<p><strong>Avril<\/strong>\u00a0:<\/p>\n<ul>\n<li>Mercredi 22 avril \u00e0 14h |reste 4 places<\/li>\n<li>Samedi 25 avril \u00e0 9H | COMPLET<\/li>\n<li>vendredi 24 avril &#8211; 9h |reste 4 places<\/li>\n<li>Mercredi 29 avril \u00e0 14h | reste 4 places<\/li>\n<\/ul>\n<p><em>Stage pr\u00e9vu du 6 au 8 avril\u00a0<\/em><\/p>\n<p><strong>Mai :<\/strong><\/p>\n<ul>\n<li>Mercredi 6 mai \u00e0 9h| reste 4 places<\/li>\n<li>Mercredi 13 mai \u00e0 14h | reste 4 places<\/li>\n<li>Mercredi 20 mai \u00e0 14h | reste 4 places<\/li>\n<li>Samedi 23 mai \u00e0 9h | reste 3 places<\/li>\n<li>Samedi 23 mai \u00e0 14h | reste 4 places<\/li>\n<li>Mercredi 27 mai \u00e0 14h | reste 4 places<\/li>\n<\/ul>\n<p><strong>Juin :<\/strong><\/p>\n<ul>\n<li>Mercredi 3 juin \u00e0 14h | reste 3 places\u00a0&#8211;<\/li>\n<li>Mercredi 10 juin \u00e0 14h | reste 4 places &#8211;\u00a0<em>\u00a0<\/em><\/li>\n<li>Vendredi 12 juin \u00e0 9h|reste 4 places<\/li>\n<li>Mercredi 17 juin \u00e0 14h | reste 4 places &#8211;\u00a0<em>\u00a0\u00e0 confirmer\u00a0<\/em><\/li>\n<li>Mercredi 24 juin \u00e0 14h | reste 4 places &#8211;\u00a0<em>\u00a0\u00e0 confirmer\u00a0<\/em><\/li>\n<li>Samedi 27 juin \u00e0 9h | reste 3 places<\/li>\n<li>Samedi 27 juin \u00e0 14h | reste 4 places<\/li>\n<\/ul>\n<p><em>Stage de juillet pr\u00e9vu la premi\u00e8re semaine des vacances (6 au 8 juillet \u00e0 confirmer)<\/em><\/p>\n<p>&nbsp;<\/p>\n<p>&nbsp;<\/p>\n<p>Lieu de l&rsquo;atelier : Atelier FOURNO, 10 rue Marx Dormoy \u00e0 Grenoble<\/p>\n<p>D&rsquo;autres ateliers pour les enfants ou les adultes sont propos\u00e9s, <a href=\"https:\/\/littlemisstomatoes.fr\/index.php\/categorie-produit\/ateliers-couture\/\">regardez sur le site les prochains cr\u00e9neaux<\/a> \ud83d\ude09<\/p>\n<p>Si vous souhaitez des ateliers priv\u00e9s\/ en groupe\/ en famille n&rsquo;h\u00e9sitez pas \u00e0 me contacter pour organiser un cr\u00e9neau ensemble.<\/p>\n<p>Pour suivre toute l&rsquo;actu c&rsquo;est s<a href=\"https:\/\/www.instagram.com\/little.misstomatoes\/\">ur le compte Instagram<\/a>.<\/p>\n<p>&nbsp;<\/p>\n","protected":false},"excerpt":{"rendered":"<p>Atelier couture Parent Enfant &#8211; Grenoble Offrez-vous un moment partag\u00e9 avec votre enfant ! Pour un activit\u00e9 en famille venez d\u00e9couvrir la couture gr\u00e2ce \u00e0 cet atelier sp\u00e9cial parent enfant. Comment se d\u00e9roule l&rsquo;atelier ? Pendant 2h partagez un moment de complicit\u00e9 ensemble pour d\u00e9couvrir le monde de la couture ! Au programme : D\u00e9couverte &hellip; <\/p>\n","protected":false},"featured_media":2509,"comment_status":"open","ping_status":"closed","template":"","meta":[],"product_brand":[],"product_cat":[241],"product_tag":[244,242,245,243,247,246],"class_list":{"0":"post-2665","1":"product","2":"type-product","3":"status-publish","4":"has-post-thumbnail","6":"product_cat-ateliers-couture","7":"product_tag-apprendre-la-couture","8":"product_tag-atelier-couture","9":"product_tag-atelier-enfant","10":"product_tag-couture","11":"product_tag-couture-grenoble","12":"product_tag-parent-enfant","14":"first","15":"instock","16":"shipping-taxable","17":"purchasable","18":"product-type-variable"},"yoast_head":"<!-- This site is optimized with the Yoast SEO plugin v27.4 - https:\/\/yoast.com\/product\/yoast-seo-wordpress\/ -->\n<title>Atelier couture Parent Enfant - Little Miss Tomatoes<\/title>\n<meta name=\"description\" content=\"Atelier couture parent enfant. Un moment de partage autour de la couture. Projets adapt\u00e9s \u00e0 chacun, pour une activit\u00e9 \u00e0 r\u00e9aliser en famille\" \/>\n<meta name=\"robots\" content=\"index, follow, max-snippet:-1, max-image-preview:large, max-video-preview:-1\" \/>\n<link rel=\"canonical\" href=\"https:\/\/littlemisstomatoes.fr\/index.php\/produit\/atelier-parent-enfant\/\" \/>\n<meta property=\"og:locale\" content=\"fr_FR\" \/>\n<meta property=\"og:type\" content=\"article\" \/>\n<meta property=\"og:title\" content=\"Atelier couture Parent Enfant - Little Miss Tomatoes\" \/>\n<meta property=\"og:description\" content=\"Atelier couture parent enfant. Un moment de partage autour de la couture. Projets adapt\u00e9s \u00e0 chacun, pour une activit\u00e9 \u00e0 r\u00e9aliser en famille\" \/>\n<meta property=\"og:url\" content=\"https:\/\/littlemisstomatoes.fr\/index.php\/produit\/atelier-parent-enfant\/\" \/>\n<meta property=\"og:site_name\" content=\"Little Miss Tomatoes\" \/>\n<meta property=\"article:modified_time\" content=\"2026-03-26T11:25:34+00:00\" \/>\n<meta property=\"og:image\" content=\"https:\/\/littlemisstomatoes.fr\/wp-content\/uploads\/2024\/02\/6.png\" \/>\n\t<meta property=\"og:image:width\" content=\"1080\" \/>\n\t<meta property=\"og:image:height\" content=\"1080\" \/>\n\t<meta property=\"og:image:type\" content=\"image\/png\" \/>\n<meta name=\"twitter:card\" content=\"summary_large_image\" \/>\n<meta name=\"twitter:label1\" content=\"Dur\u00e9e de lecture estim\u00e9e\" \/>\n\t<meta name=\"twitter:data1\" content=\"3 minutes\" \/>\n<script type=\"application\/ld+json\" class=\"yoast-schema-graph\">{\"@context\":\"https:\\\/\\\/schema.org\",\"@graph\":[{\"@type\":\"WebPage\",\"@id\":\"https:\\\/\\\/littlemisstomatoes.fr\\\/index.php\\\/produit\\\/atelier-parent-enfant\\\/\",\"url\":\"https:\\\/\\\/littlemisstomatoes.fr\\\/index.php\\\/produit\\\/atelier-parent-enfant\\\/\",\"name\":\"Atelier couture Parent Enfant - Little Miss Tomatoes\",\"isPartOf\":{\"@id\":\"https:\\\/\\\/littlemisstomatoes.fr\\\/#website\"},\"primaryImageOfPage\":{\"@id\":\"https:\\\/\\\/littlemisstomatoes.fr\\\/index.php\\\/produit\\\/atelier-parent-enfant\\\/#primaryimage\"},\"image\":{\"@id\":\"https:\\\/\\\/littlemisstomatoes.fr\\\/index.php\\\/produit\\\/atelier-parent-enfant\\\/#primaryimage\"},\"thumbnailUrl\":\"https:\\\/\\\/littlemisstomatoes.fr\\\/wp-content\\\/uploads\\\/2024\\\/02\\\/6.png\",\"datePublished\":\"2024-04-11T07:50:08+00:00\",\"dateModified\":\"2026-03-26T11:25:34+00:00\",\"description\":\"Atelier couture parent enfant. Un moment de partage autour de la couture. Projets adapt\u00e9s \u00e0 chacun, pour une activit\u00e9 \u00e0 r\u00e9aliser en famille\",\"breadcrumb\":{\"@id\":\"https:\\\/\\\/littlemisstomatoes.fr\\\/index.php\\\/produit\\\/atelier-parent-enfant\\\/#breadcrumb\"},\"inLanguage\":\"fr-FR\",\"potentialAction\":[{\"@type\":\"ReadAction\",\"target\":[\"https:\\\/\\\/littlemisstomatoes.fr\\\/index.php\\\/produit\\\/atelier-parent-enfant\\\/\"]}]},{\"@type\":\"ImageObject\",\"inLanguage\":\"fr-FR\",\"@id\":\"https:\\\/\\\/littlemisstomatoes.fr\\\/index.php\\\/produit\\\/atelier-parent-enfant\\\/#primaryimage\",\"url\":\"https:\\\/\\\/littlemisstomatoes.fr\\\/wp-content\\\/uploads\\\/2024\\\/02\\\/6.png\",\"contentUrl\":\"https:\\\/\\\/littlemisstomatoes.fr\\\/wp-content\\\/uploads\\\/2024\\\/02\\\/6.png\",\"width\":1080,\"height\":1080},{\"@type\":\"BreadcrumbList\",\"@id\":\"https:\\\/\\\/littlemisstomatoes.fr\\\/index.php\\\/produit\\\/atelier-parent-enfant\\\/#breadcrumb\",\"itemListElement\":[{\"@type\":\"ListItem\",\"position\":1,\"name\":\"Accueil\",\"item\":\"https:\\\/\\\/littlemisstomatoes.fr\\\/\"},{\"@type\":\"ListItem\",\"position\":2,\"name\":\"Boutique\",\"item\":\"https:\\\/\\\/littlemisstomatoes.fr\\\/\"},{\"@type\":\"ListItem\",\"position\":3,\"name\":\"Atelier couture Parent Enfant\"}]},{\"@type\":\"WebSite\",\"@id\":\"https:\\\/\\\/littlemisstomatoes.fr\\\/#website\",\"url\":\"https:\\\/\\\/littlemisstomatoes.fr\\\/\",\"name\":\"Little Miss Tomatoes\",\"description\":\"Cadeaux naissance - atelier couture enfant et adulte - Grenoble - Savoir faire fran\u00e7ais\",\"publisher\":{\"@id\":\"https:\\\/\\\/littlemisstomatoes.fr\\\/#organization\"},\"potentialAction\":[{\"@type\":\"SearchAction\",\"target\":{\"@type\":\"EntryPoint\",\"urlTemplate\":\"https:\\\/\\\/littlemisstomatoes.fr\\\/?s={search_term_string}\"},\"query-input\":{\"@type\":\"PropertyValueSpecification\",\"valueRequired\":true,\"valueName\":\"search_term_string\"}}],\"inLanguage\":\"fr-FR\"},{\"@type\":\"Organization\",\"@id\":\"https:\\\/\\\/littlemisstomatoes.fr\\\/#organization\",\"name\":\"Little Miss Tomatoes\",\"url\":\"https:\\\/\\\/littlemisstomatoes.fr\\\/\",\"logo\":{\"@type\":\"ImageObject\",\"inLanguage\":\"fr-FR\",\"@id\":\"https:\\\/\\\/littlemisstomatoes.fr\\\/#\\\/schema\\\/logo\\\/image\\\/\",\"url\":\"https:\\\/\\\/littlemisstomatoes.fr\\\/wp-content\\\/uploads\\\/2021\\\/09\\\/cropped-cropped-elephantblc.jpg\",\"contentUrl\":\"https:\\\/\\\/littlemisstomatoes.fr\\\/wp-content\\\/uploads\\\/2021\\\/09\\\/cropped-cropped-elephantblc.jpg\",\"width\":512,\"height\":512,\"caption\":\"Little Miss Tomatoes\"},\"image\":{\"@id\":\"https:\\\/\\\/littlemisstomatoes.fr\\\/#\\\/schema\\\/logo\\\/image\\\/\"}}]}<\/script>\n<!-- \/ Yoast SEO plugin. -->","yoast_head_json":{"title":"Atelier couture Parent Enfant - Little Miss Tomatoes","description":"Atelier couture parent enfant. Un moment de partage autour de la couture. Projets adapt\u00e9s \u00e0 chacun, pour une activit\u00e9 \u00e0 r\u00e9aliser en famille","robots":{"index":"index","follow":"follow","max-snippet":"max-snippet:-1","max-image-preview":"max-image-preview:large","max-video-preview":"max-video-preview:-1"},"canonical":"https:\/\/littlemisstomatoes.fr\/index.php\/produit\/atelier-parent-enfant\/","og_locale":"fr_FR","og_type":"article","og_title":"Atelier couture Parent Enfant - Little Miss Tomatoes","og_description":"Atelier couture parent enfant. Un moment de partage autour de la couture. Projets adapt\u00e9s \u00e0 chacun, pour une activit\u00e9 \u00e0 r\u00e9aliser en famille","og_url":"https:\/\/littlemisstomatoes.fr\/index.php\/produit\/atelier-parent-enfant\/","og_site_name":"Little Miss Tomatoes","article_modified_time":"2026-03-26T11:25:34+00:00","og_image":[{"width":1080,"height":1080,"url":"https:\/\/littlemisstomatoes.fr\/wp-content\/uploads\/2024\/02\/6.png","type":"image\/png"}],"twitter_card":"summary_large_image","twitter_misc":{"Dur\u00e9e de lecture estim\u00e9e":"3 minutes"},"schema":{"@context":"https:\/\/schema.org","@graph":[{"@type":"WebPage","@id":"https:\/\/littlemisstomatoes.fr\/index.php\/produit\/atelier-parent-enfant\/","url":"https:\/\/littlemisstomatoes.fr\/index.php\/produit\/atelier-parent-enfant\/","name":"Atelier couture Parent Enfant - Little Miss Tomatoes","isPartOf":{"@id":"https:\/\/littlemisstomatoes.fr\/#website"},"primaryImageOfPage":{"@id":"https:\/\/littlemisstomatoes.fr\/index.php\/produit\/atelier-parent-enfant\/#primaryimage"},"image":{"@id":"https:\/\/littlemisstomatoes.fr\/index.php\/produit\/atelier-parent-enfant\/#primaryimage"},"thumbnailUrl":"https:\/\/littlemisstomatoes.fr\/wp-content\/uploads\/2024\/02\/6.png","datePublished":"2024-04-11T07:50:08+00:00","dateModified":"2026-03-26T11:25:34+00:00","description":"Atelier couture parent enfant. Un moment de partage autour de la couture. Projets adapt\u00e9s \u00e0 chacun, pour une activit\u00e9 \u00e0 r\u00e9aliser en famille","breadcrumb":{"@id":"https:\/\/littlemisstomatoes.fr\/index.php\/produit\/atelier-parent-enfant\/#breadcrumb"},"inLanguage":"fr-FR","potentialAction":[{"@type":"ReadAction","target":["https:\/\/littlemisstomatoes.fr\/index.php\/produit\/atelier-parent-enfant\/"]}]},{"@type":"ImageObject","inLanguage":"fr-FR","@id":"https:\/\/littlemisstomatoes.fr\/index.php\/produit\/atelier-parent-enfant\/#primaryimage","url":"https:\/\/littlemisstomatoes.fr\/wp-content\/uploads\/2024\/02\/6.png","contentUrl":"https:\/\/littlemisstomatoes.fr\/wp-content\/uploads\/2024\/02\/6.png","width":1080,"height":1080},{"@type":"BreadcrumbList","@id":"https:\/\/littlemisstomatoes.fr\/index.php\/produit\/atelier-parent-enfant\/#breadcrumb","itemListElement":[{"@type":"ListItem","position":1,"name":"Accueil","item":"https:\/\/littlemisstomatoes.fr\/"},{"@type":"ListItem","position":2,"name":"Boutique","item":"https:\/\/littlemisstomatoes.fr\/"},{"@type":"ListItem","position":3,"name":"Atelier couture Parent Enfant"}]},{"@type":"WebSite","@id":"https:\/\/littlemisstomatoes.fr\/#website","url":"https:\/\/littlemisstomatoes.fr\/","name":"Little Miss Tomatoes","description":"Cadeaux naissance - atelier couture enfant et adulte - Grenoble - Savoir faire fran\u00e7ais","publisher":{"@id":"https:\/\/littlemisstomatoes.fr\/#organization"},"potentialAction":[{"@type":"SearchAction","target":{"@type":"EntryPoint","urlTemplate":"https:\/\/littlemisstomatoes.fr\/?s={search_term_string}"},"query-input":{"@type":"PropertyValueSpecification","valueRequired":true,"valueName":"search_term_string"}}],"inLanguage":"fr-FR"},{"@type":"Organization","@id":"https:\/\/littlemisstomatoes.fr\/#organization","name":"Little Miss Tomatoes","url":"https:\/\/littlemisstomatoes.fr\/","logo":{"@type":"ImageObject","inLanguage":"fr-FR","@id":"https:\/\/littlemisstomatoes.fr\/#\/schema\/logo\/image\/","url":"https:\/\/littlemisstomatoes.fr\/wp-content\/uploads\/2021\/09\/cropped-cropped-elephantblc.jpg","contentUrl":"https:\/\/littlemisstomatoes.fr\/wp-content\/uploads\/2021\/09\/cropped-cropped-elephantblc.jpg","width":512,"height":512,"caption":"Little Miss Tomatoes"},"image":{"@id":"https:\/\/littlemisstomatoes.fr\/#\/schema\/logo\/image\/"}}]}},"jetpack-related-posts":[],"jetpack_sharing_enabled":true,"_links":{"self":[{"href":"https:\/\/littlemisstomatoes.fr\/index.php\/wp-json\/wp\/v2\/product\/2665","targetHints":{"allow":["GET"]}}],"collection":[{"href":"https:\/\/littlemisstomatoes.fr\/index.php\/wp-json\/wp\/v2\/product"}],"about":[{"href":"https:\/\/littlemisstomatoes.fr\/index.php\/wp-json\/wp\/v2\/types\/product"}],"replies":[{"embeddable":true,"href":"https:\/\/littlemisstomatoes.fr\/index.php\/wp-json\/wp\/v2\/comments?post=2665"}],"wp:featuredmedia":[{"embeddable":true,"href":"https:\/\/littlemisstomatoes.fr\/index.php\/wp-json\/wp\/v2\/media\/2509"}],"wp:attachment":[{"href":"https:\/\/littlemisstomatoes.fr\/index.php\/wp-json\/wp\/v2\/media?parent=2665"}],"wp:term":[{"taxonomy":"product_brand","embeddable":true,"href":"https:\/\/littlemisstomatoes.fr\/index.php\/wp-json\/wp\/v2\/product_brand?post=2665"},{"taxonomy":"product_cat","embeddable":true,"href":"https:\/\/littlemisstomatoes.fr\/index.php\/wp-json\/wp\/v2\/product_cat?post=2665"},{"taxonomy":"product_tag","embeddable":true,"href":"https:\/\/littlemisstomatoes.fr\/index.php\/wp-json\/wp\/v2\/product_tag?post=2665"}],"curies":[{"name":"wp","href":"https:\/\/api.w.org\/{rel}","templated":true}]}}