{"id":2607,"date":"2024-03-19T10:14:11","date_gmt":"2024-03-19T09:14:11","guid":{"rendered":"https:\/\/littlemisstomatoes.fr\/?post_type=product&#038;p=2607"},"modified":"2024-03-19T10:42:03","modified_gmt":"2024-03-19T09:42:03","slug":"tapis-a-langer-petit-format-collection-savane","status":"publish","type":"product","link":"https:\/\/littlemisstomatoes.fr\/index.php\/produit\/tapis-a-langer-petit-format-collection-savane\/","title":{"rendered":"Tapis \u00e0 langer petit format &#8211; Collection Savane"},"content":{"rendered":"<p>Plus besoin de r\u00e9fl\u00e9chir \u00e0 comment changer b\u00e9b\u00e9 ! Grace \u00e0 ce tapis \u00e0 langer nomade, n\u2019importe quelle surface fera l\u2019affaire. Canap\u00e9, table, coussin, couverture\u2026 d\u00e9pliez votre tapis dessus et hop le change de b\u00e9b\u00e9 ne craint plus rien. Grace \u00e0 ses poches int\u00e9rieures vous pourrez y glisser couches et lingettes ! Son petit format une fois pli\u00e9 le rend indispensable pour les sorties.<\/p>\n<p>Fermeture avec un pression.<\/p>\n<p><strong>Attention<\/strong> la position des motifs est variable, les photos ne sont pas contractuelles. Il y aura toujours des animaux mis en avant sur le devant.<\/p>\n<p>&nbsp;<\/p>\n<p>Dimension pli\u00e9 : 24*18cm<\/p>\n<p>Dimension d\u00e9pli\u00e9 : 68*43cm<\/p>\n<p>&nbsp;<\/p>\n<p>Composition : \u00e9ponge de bambou et tissu double gaze de coton : 50% coton, 45% viscose de bambou, 5% polyester.<\/p>\n","protected":false},"excerpt":{"rendered":"<p>Tapis \u00e0 langer nomade<\/p>\n","protected":false},"featured_media":2617,"comment_status":"open","ping_status":"closed","template":"","meta":[],"product_brand":[],"product_cat":[169,223,253,174],"product_tag":[25,104,171,82,161,191,175],"class_list":{"0":"post-2607","1":"product","2":"type-product","3":"status-publish","4":"has-post-thumbnail","6":"product_cat-balade","7":"product_cat-en-stock","8":"product_cat-savane","9":"product_cat-tapis-a-langer","10":"product_tag-bebe","11":"product_tag-jungle","12":"product_tag-lange","13":"product_tag-promenade","14":"product_tag-savane","15":"product_tag-sortie","16":"product_tag-tapis-a-langer","17":"product_shipping_class-courrier-suivi","19":"first","20":"instock","21":"shipping-taxable","22":"purchasable","23":"product-type-variable"},"yoast_head":"<!-- This site is optimized with the Yoast SEO plugin v27.3 - https:\/\/yoast.com\/product\/yoast-seo-wordpress\/ -->\n<title>Tapis \u00e0 langer petit format - Collection Savane - Little Miss Tomatoes<\/title>\n<meta name=\"robots\" content=\"index, follow, max-snippet:-1, max-image-preview:large, max-video-preview:-1\" \/>\n<link rel=\"canonical\" href=\"https:\/\/littlemisstomatoes.fr\/index.php\/produit\/tapis-a-langer-petit-format-collection-savane\/\" \/>\n<meta property=\"og:locale\" content=\"fr_FR\" \/>\n<meta property=\"og:type\" content=\"article\" \/>\n<meta property=\"og:title\" content=\"Tapis \u00e0 langer petit format - Collection Savane - Little Miss Tomatoes\" \/>\n<meta property=\"og:description\" content=\"Tapis \u00e0 langer nomade\" \/>\n<meta property=\"og:url\" content=\"https:\/\/littlemisstomatoes.fr\/index.php\/produit\/tapis-a-langer-petit-format-collection-savane\/\" \/>\n<meta property=\"og:site_name\" content=\"Little Miss Tomatoes\" \/>\n<meta property=\"article:modified_time\" content=\"2024-03-19T09:42:03+00:00\" \/>\n<meta property=\"og:image\" content=\"https:\/\/littlemisstomatoes.fr\/wp-content\/uploads\/2024\/03\/1710840041427-scaled.jpg\" \/>\n\t<meta property=\"og:image:width\" content=\"2560\" \/>\n\t<meta property=\"og:image:height\" content=\"2560\" \/>\n\t<meta property=\"og:image:type\" content=\"image\/jpeg\" \/>\n<meta name=\"twitter:card\" content=\"summary_large_image\" \/>\n<meta name=\"twitter:label1\" content=\"Dur\u00e9e de lecture estim\u00e9e\" \/>\n\t<meta name=\"twitter:data1\" content=\"1 minute\" \/>\n<script type=\"application\/ld+json\" class=\"yoast-schema-graph\">{\"@context\":\"https:\\\/\\\/schema.org\",\"@graph\":[{\"@type\":\"WebPage\",\"@id\":\"https:\\\/\\\/littlemisstomatoes.fr\\\/index.php\\\/produit\\\/tapis-a-langer-petit-format-collection-savane\\\/\",\"url\":\"https:\\\/\\\/littlemisstomatoes.fr\\\/index.php\\\/produit\\\/tapis-a-langer-petit-format-collection-savane\\\/\",\"name\":\"Tapis \u00e0 langer petit format - Collection Savane - Little Miss Tomatoes\",\"isPartOf\":{\"@id\":\"https:\\\/\\\/littlemisstomatoes.fr\\\/#website\"},\"primaryImageOfPage\":{\"@id\":\"https:\\\/\\\/littlemisstomatoes.fr\\\/index.php\\\/produit\\\/tapis-a-langer-petit-format-collection-savane\\\/#primaryimage\"},\"image\":{\"@id\":\"https:\\\/\\\/littlemisstomatoes.fr\\\/index.php\\\/produit\\\/tapis-a-langer-petit-format-collection-savane\\\/#primaryimage\"},\"thumbnailUrl\":\"https:\\\/\\\/littlemisstomatoes.fr\\\/wp-content\\\/uploads\\\/2024\\\/03\\\/1710840041427-scaled.jpg\",\"datePublished\":\"2024-03-19T09:14:11+00:00\",\"dateModified\":\"2024-03-19T09:42:03+00:00\",\"breadcrumb\":{\"@id\":\"https:\\\/\\\/littlemisstomatoes.fr\\\/index.php\\\/produit\\\/tapis-a-langer-petit-format-collection-savane\\\/#breadcrumb\"},\"inLanguage\":\"fr-FR\",\"potentialAction\":[{\"@type\":\"ReadAction\",\"target\":[\"https:\\\/\\\/littlemisstomatoes.fr\\\/index.php\\\/produit\\\/tapis-a-langer-petit-format-collection-savane\\\/\"]}]},{\"@type\":\"ImageObject\",\"inLanguage\":\"fr-FR\",\"@id\":\"https:\\\/\\\/littlemisstomatoes.fr\\\/index.php\\\/produit\\\/tapis-a-langer-petit-format-collection-savane\\\/#primaryimage\",\"url\":\"https:\\\/\\\/littlemisstomatoes.fr\\\/wp-content\\\/uploads\\\/2024\\\/03\\\/1710840041427-scaled.jpg\",\"contentUrl\":\"https:\\\/\\\/littlemisstomatoes.fr\\\/wp-content\\\/uploads\\\/2024\\\/03\\\/1710840041427-scaled.jpg\",\"width\":2560,\"height\":2560},{\"@type\":\"BreadcrumbList\",\"@id\":\"https:\\\/\\\/littlemisstomatoes.fr\\\/index.php\\\/produit\\\/tapis-a-langer-petit-format-collection-savane\\\/#breadcrumb\",\"itemListElement\":[{\"@type\":\"ListItem\",\"position\":1,\"name\":\"Accueil\",\"item\":\"https:\\\/\\\/littlemisstomatoes.fr\\\/\"},{\"@type\":\"ListItem\",\"position\":2,\"name\":\"Boutique\",\"item\":\"https:\\\/\\\/littlemisstomatoes.fr\\\/\"},{\"@type\":\"ListItem\",\"position\":3,\"name\":\"Tapis \u00e0 langer petit format &#8211; Collection Savane\"}]},{\"@type\":\"WebSite\",\"@id\":\"https:\\\/\\\/littlemisstomatoes.fr\\\/#website\",\"url\":\"https:\\\/\\\/littlemisstomatoes.fr\\\/\",\"name\":\"Little Miss Tomatoes\",\"description\":\"Cadeaux naissance - atelier couture enfant et adulte - Grenoble - Savoir faire fran\u00e7ais\",\"publisher\":{\"@id\":\"https:\\\/\\\/littlemisstomatoes.fr\\\/#organization\"},\"potentialAction\":[{\"@type\":\"SearchAction\",\"target\":{\"@type\":\"EntryPoint\",\"urlTemplate\":\"https:\\\/\\\/littlemisstomatoes.fr\\\/?s={search_term_string}\"},\"query-input\":{\"@type\":\"PropertyValueSpecification\",\"valueRequired\":true,\"valueName\":\"search_term_string\"}}],\"inLanguage\":\"fr-FR\"},{\"@type\":\"Organization\",\"@id\":\"https:\\\/\\\/littlemisstomatoes.fr\\\/#organization\",\"name\":\"Little Miss Tomatoes\",\"url\":\"https:\\\/\\\/littlemisstomatoes.fr\\\/\",\"logo\":{\"@type\":\"ImageObject\",\"inLanguage\":\"fr-FR\",\"@id\":\"https:\\\/\\\/littlemisstomatoes.fr\\\/#\\\/schema\\\/logo\\\/image\\\/\",\"url\":\"https:\\\/\\\/littlemisstomatoes.fr\\\/wp-content\\\/uploads\\\/2021\\\/09\\\/cropped-cropped-elephantblc.jpg\",\"contentUrl\":\"https:\\\/\\\/littlemisstomatoes.fr\\\/wp-content\\\/uploads\\\/2021\\\/09\\\/cropped-cropped-elephantblc.jpg\",\"width\":512,\"height\":512,\"caption\":\"Little Miss Tomatoes\"},\"image\":{\"@id\":\"https:\\\/\\\/littlemisstomatoes.fr\\\/#\\\/schema\\\/logo\\\/image\\\/\"}}]}<\/script>\n<!-- \/ Yoast SEO plugin. -->","yoast_head_json":{"title":"Tapis \u00e0 langer petit format - Collection Savane - Little Miss Tomatoes","robots":{"index":"index","follow":"follow","max-snippet":"max-snippet:-1","max-image-preview":"max-image-preview:large","max-video-preview":"max-video-preview:-1"},"canonical":"https:\/\/littlemisstomatoes.fr\/index.php\/produit\/tapis-a-langer-petit-format-collection-savane\/","og_locale":"fr_FR","og_type":"article","og_title":"Tapis \u00e0 langer petit format - Collection Savane - Little Miss Tomatoes","og_description":"Tapis \u00e0 langer nomade","og_url":"https:\/\/littlemisstomatoes.fr\/index.php\/produit\/tapis-a-langer-petit-format-collection-savane\/","og_site_name":"Little Miss Tomatoes","article_modified_time":"2024-03-19T09:42:03+00:00","og_image":[{"width":2560,"height":2560,"url":"https:\/\/littlemisstomatoes.fr\/wp-content\/uploads\/2024\/03\/1710840041427-scaled.jpg","type":"image\/jpeg"}],"twitter_card":"summary_large_image","twitter_misc":{"Dur\u00e9e de lecture estim\u00e9e":"1 minute"},"schema":{"@context":"https:\/\/schema.org","@graph":[{"@type":"WebPage","@id":"https:\/\/littlemisstomatoes.fr\/index.php\/produit\/tapis-a-langer-petit-format-collection-savane\/","url":"https:\/\/littlemisstomatoes.fr\/index.php\/produit\/tapis-a-langer-petit-format-collection-savane\/","name":"Tapis \u00e0 langer petit format - Collection Savane - Little Miss Tomatoes","isPartOf":{"@id":"https:\/\/littlemisstomatoes.fr\/#website"},"primaryImageOfPage":{"@id":"https:\/\/littlemisstomatoes.fr\/index.php\/produit\/tapis-a-langer-petit-format-collection-savane\/#primaryimage"},"image":{"@id":"https:\/\/littlemisstomatoes.fr\/index.php\/produit\/tapis-a-langer-petit-format-collection-savane\/#primaryimage"},"thumbnailUrl":"https:\/\/littlemisstomatoes.fr\/wp-content\/uploads\/2024\/03\/1710840041427-scaled.jpg","datePublished":"2024-03-19T09:14:11+00:00","dateModified":"2024-03-19T09:42:03+00:00","breadcrumb":{"@id":"https:\/\/littlemisstomatoes.fr\/index.php\/produit\/tapis-a-langer-petit-format-collection-savane\/#breadcrumb"},"inLanguage":"fr-FR","potentialAction":[{"@type":"ReadAction","target":["https:\/\/littlemisstomatoes.fr\/index.php\/produit\/tapis-a-langer-petit-format-collection-savane\/"]}]},{"@type":"ImageObject","inLanguage":"fr-FR","@id":"https:\/\/littlemisstomatoes.fr\/index.php\/produit\/tapis-a-langer-petit-format-collection-savane\/#primaryimage","url":"https:\/\/littlemisstomatoes.fr\/wp-content\/uploads\/2024\/03\/1710840041427-scaled.jpg","contentUrl":"https:\/\/littlemisstomatoes.fr\/wp-content\/uploads\/2024\/03\/1710840041427-scaled.jpg","width":2560,"height":2560},{"@type":"BreadcrumbList","@id":"https:\/\/littlemisstomatoes.fr\/index.php\/produit\/tapis-a-langer-petit-format-collection-savane\/#breadcrumb","itemListElement":[{"@type":"ListItem","position":1,"name":"Accueil","item":"https:\/\/littlemisstomatoes.fr\/"},{"@type":"ListItem","position":2,"name":"Boutique","item":"https:\/\/littlemisstomatoes.fr\/"},{"@type":"ListItem","position":3,"name":"Tapis \u00e0 langer petit format &#8211; Collection Savane"}]},{"@type":"WebSite","@id":"https:\/\/littlemisstomatoes.fr\/#website","url":"https:\/\/littlemisstomatoes.fr\/","name":"Little Miss Tomatoes","description":"Cadeaux naissance - atelier couture enfant et adulte - Grenoble - Savoir faire fran\u00e7ais","publisher":{"@id":"https:\/\/littlemisstomatoes.fr\/#organization"},"potentialAction":[{"@type":"SearchAction","target":{"@type":"EntryPoint","urlTemplate":"https:\/\/littlemisstomatoes.fr\/?s={search_term_string}"},"query-input":{"@type":"PropertyValueSpecification","valueRequired":true,"valueName":"search_term_string"}}],"inLanguage":"fr-FR"},{"@type":"Organization","@id":"https:\/\/littlemisstomatoes.fr\/#organization","name":"Little Miss Tomatoes","url":"https:\/\/littlemisstomatoes.fr\/","logo":{"@type":"ImageObject","inLanguage":"fr-FR","@id":"https:\/\/littlemisstomatoes.fr\/#\/schema\/logo\/image\/","url":"https:\/\/littlemisstomatoes.fr\/wp-content\/uploads\/2021\/09\/cropped-cropped-elephantblc.jpg","contentUrl":"https:\/\/littlemisstomatoes.fr\/wp-content\/uploads\/2021\/09\/cropped-cropped-elephantblc.jpg","width":512,"height":512,"caption":"Little Miss Tomatoes"},"image":{"@id":"https:\/\/littlemisstomatoes.fr\/#\/schema\/logo\/image\/"}}]}},"jetpack-related-posts":[],"jetpack_sharing_enabled":true,"_links":{"self":[{"href":"https:\/\/littlemisstomatoes.fr\/index.php\/wp-json\/wp\/v2\/product\/2607","targetHints":{"allow":["GET"]}}],"collection":[{"href":"https:\/\/littlemisstomatoes.fr\/index.php\/wp-json\/wp\/v2\/product"}],"about":[{"href":"https:\/\/littlemisstomatoes.fr\/index.php\/wp-json\/wp\/v2\/types\/product"}],"replies":[{"embeddable":true,"href":"https:\/\/littlemisstomatoes.fr\/index.php\/wp-json\/wp\/v2\/comments?post=2607"}],"wp:featuredmedia":[{"embeddable":true,"href":"https:\/\/littlemisstomatoes.fr\/index.php\/wp-json\/wp\/v2\/media\/2617"}],"wp:attachment":[{"href":"https:\/\/littlemisstomatoes.fr\/index.php\/wp-json\/wp\/v2\/media?parent=2607"}],"wp:term":[{"taxonomy":"product_brand","embeddable":true,"href":"https:\/\/littlemisstomatoes.fr\/index.php\/wp-json\/wp\/v2\/product_brand?post=2607"},{"taxonomy":"product_cat","embeddable":true,"href":"https:\/\/littlemisstomatoes.fr\/index.php\/wp-json\/wp\/v2\/product_cat?post=2607"},{"taxonomy":"product_tag","embeddable":true,"href":"https:\/\/littlemisstomatoes.fr\/index.php\/wp-json\/wp\/v2\/product_tag?post=2607"}],"curies":[{"name":"wp","href":"https:\/\/api.w.org\/{rel}","templated":true}]}}