{"id":2431,"date":"2024-02-06T13:23:10","date_gmt":"2024-02-06T12:23:10","guid":{"rendered":"https:\/\/littlemisstomatoes.fr\/?post_type=product&#038;p=2431"},"modified":"2024-02-22T10:58:27","modified_gmt":"2024-02-22T09:58:27","slug":"coffret-cuisinier-renard","status":"publish","type":"product","link":"https:\/\/littlemisstomatoes.fr\/index.php\/produit\/coffret-cuisinier-renard\/","title":{"rendered":"Coffret cuisinier &#8211; Renard"},"content":{"rendered":"<p>Craquez pour ce tissu parfaitement adapt\u00e9 pour les apprentis gourmands! Avec sa poche ventrale, votre enfant pourra m\u00eame y glisser ses tr\u00e9sors comme ils aiment le faire.<\/p>\n<p>Les liens \u00e0 nouer autour de la taille permettre de serrer selon la taille de l\u2019enfant. Celui pour le cou est suffisamment ample pour passer la t\u00eate des plus grands cuisiniers, pour les plus petits, un simple petit n\u0153ud pour resserrer et votre tablier suivra l\u2019enfant pour plusieurs ann\u00e9es ! Une toque assortie avec \u00e9lastique derri\u00e8re pour s\u2019adapter au mieux \u00e0 la t\u00eate de l\u2019enfant, peut compl\u00e9ter la tenue pour un coffret complet.<\/p>\n<p>Composition : 100% coton<\/p>\n<p>Lavage : 30\u00b0 \u00e0 40\u00b0, repassage possible.<\/p>\n<p>Possibilit\u00e9 de broder le pr\u00e9nom de l&rsquo;enfant sur le devant pour un cadeau 100% personnalis\u00e9.<\/p>\n","protected":false},"excerpt":{"rendered":"<p>Craquez pour ce tissu parfaitement adapt\u00e9 pour les apprentis gourmands! Avec sa poche ventrale, votre enfant pourra m\u00eame y glisser ses tr\u00e9sors comme ils aiment le faire. Les liens \u00e0 nouer autour de la taille permettre de serrer selon la taille de l\u2019enfant. Celui pour le cou est suffisamment ample pour passer la t\u00eate des &hellip; <\/p>\n","protected":false},"featured_media":2436,"comment_status":"open","ping_status":"closed","template":"","meta":[],"product_brand":[],"product_cat":[75],"product_tag":[240,238,198,231,239,109,142,234],"class_list":{"0":"post-2431","1":"product","2":"type-product","3":"status-publish","4":"has-post-thumbnail","6":"product_cat-tablier","7":"product_tag-anniversaire","8":"product_tag-apprenti-cuisinier","9":"product_tag-coffret-cadeau","10":"product_tag-cuisinier","11":"product_tag-cuisiniere","12":"product_tag-enfant","13":"product_tag-renard","14":"product_tag-toque","15":"product_shipping_class-courrier-suivi","17":"first","18":"instock","19":"shipping-taxable","20":"purchasable","21":"product-type-variable"},"yoast_head":"<!-- This site is optimized with the Yoast SEO plugin v27.3 - https:\/\/yoast.com\/product\/yoast-seo-wordpress\/ -->\n<title>Coffret cuisinier - Renard - Little Miss Tomatoes<\/title>\n<meta name=\"robots\" content=\"index, follow, max-snippet:-1, max-image-preview:large, max-video-preview:-1\" \/>\n<link rel=\"canonical\" href=\"https:\/\/littlemisstomatoes.fr\/index.php\/produit\/coffret-cuisinier-renard\/\" \/>\n<meta property=\"og:locale\" content=\"fr_FR\" \/>\n<meta property=\"og:type\" content=\"article\" \/>\n<meta property=\"og:title\" content=\"Coffret cuisinier - Renard - Little Miss Tomatoes\" \/>\n<meta property=\"og:description\" content=\"Craquez pour ce tissu parfaitement adapt\u00e9 pour les apprentis gourmands! Avec sa poche ventrale, votre enfant pourra m\u00eame y glisser ses tr\u00e9sors comme ils aiment le faire. Les liens \u00e0 nouer autour de la taille permettre de serrer selon la taille de l\u2019enfant. Celui pour le cou est suffisamment ample pour passer la t\u00eate des &hellip;\" \/>\n<meta property=\"og:url\" content=\"https:\/\/littlemisstomatoes.fr\/index.php\/produit\/coffret-cuisinier-renard\/\" \/>\n<meta property=\"og:site_name\" content=\"Little Miss Tomatoes\" \/>\n<meta property=\"article:modified_time\" content=\"2024-02-22T09:58:27+00:00\" \/>\n<meta property=\"og:image\" content=\"https:\/\/littlemisstomatoes.fr\/wp-content\/uploads\/2024\/02\/renard.png\" \/>\n\t<meta property=\"og:image:width\" content=\"800\" \/>\n\t<meta property=\"og:image:height\" content=\"600\" \/>\n\t<meta property=\"og:image:type\" content=\"image\/png\" \/>\n<meta name=\"twitter:card\" content=\"summary_large_image\" \/>\n<meta name=\"twitter:label1\" content=\"Dur\u00e9e de lecture estim\u00e9e\" \/>\n\t<meta name=\"twitter:data1\" content=\"1 minute\" \/>\n<script type=\"application\/ld+json\" class=\"yoast-schema-graph\">{\"@context\":\"https:\\\/\\\/schema.org\",\"@graph\":[{\"@type\":\"WebPage\",\"@id\":\"https:\\\/\\\/littlemisstomatoes.fr\\\/index.php\\\/produit\\\/coffret-cuisinier-renard\\\/\",\"url\":\"https:\\\/\\\/littlemisstomatoes.fr\\\/index.php\\\/produit\\\/coffret-cuisinier-renard\\\/\",\"name\":\"Coffret cuisinier - Renard - Little Miss Tomatoes\",\"isPartOf\":{\"@id\":\"https:\\\/\\\/littlemisstomatoes.fr\\\/#website\"},\"primaryImageOfPage\":{\"@id\":\"https:\\\/\\\/littlemisstomatoes.fr\\\/index.php\\\/produit\\\/coffret-cuisinier-renard\\\/#primaryimage\"},\"image\":{\"@id\":\"https:\\\/\\\/littlemisstomatoes.fr\\\/index.php\\\/produit\\\/coffret-cuisinier-renard\\\/#primaryimage\"},\"thumbnailUrl\":\"https:\\\/\\\/littlemisstomatoes.fr\\\/wp-content\\\/uploads\\\/2024\\\/02\\\/renard.png\",\"datePublished\":\"2024-02-06T12:23:10+00:00\",\"dateModified\":\"2024-02-22T09:58:27+00:00\",\"breadcrumb\":{\"@id\":\"https:\\\/\\\/littlemisstomatoes.fr\\\/index.php\\\/produit\\\/coffret-cuisinier-renard\\\/#breadcrumb\"},\"inLanguage\":\"fr-FR\",\"potentialAction\":[{\"@type\":\"ReadAction\",\"target\":[\"https:\\\/\\\/littlemisstomatoes.fr\\\/index.php\\\/produit\\\/coffret-cuisinier-renard\\\/\"]}]},{\"@type\":\"ImageObject\",\"inLanguage\":\"fr-FR\",\"@id\":\"https:\\\/\\\/littlemisstomatoes.fr\\\/index.php\\\/produit\\\/coffret-cuisinier-renard\\\/#primaryimage\",\"url\":\"https:\\\/\\\/littlemisstomatoes.fr\\\/wp-content\\\/uploads\\\/2024\\\/02\\\/renard.png\",\"contentUrl\":\"https:\\\/\\\/littlemisstomatoes.fr\\\/wp-content\\\/uploads\\\/2024\\\/02\\\/renard.png\",\"width\":800,\"height\":600},{\"@type\":\"BreadcrumbList\",\"@id\":\"https:\\\/\\\/littlemisstomatoes.fr\\\/index.php\\\/produit\\\/coffret-cuisinier-renard\\\/#breadcrumb\",\"itemListElement\":[{\"@type\":\"ListItem\",\"position\":1,\"name\":\"Accueil\",\"item\":\"https:\\\/\\\/littlemisstomatoes.fr\\\/\"},{\"@type\":\"ListItem\",\"position\":2,\"name\":\"Boutique\",\"item\":\"https:\\\/\\\/littlemisstomatoes.fr\\\/\"},{\"@type\":\"ListItem\",\"position\":3,\"name\":\"Coffret cuisinier &#8211; Renard\"}]},{\"@type\":\"WebSite\",\"@id\":\"https:\\\/\\\/littlemisstomatoes.fr\\\/#website\",\"url\":\"https:\\\/\\\/littlemisstomatoes.fr\\\/\",\"name\":\"Little Miss Tomatoes\",\"description\":\"Cadeaux naissance - atelier couture enfant et adulte - Grenoble - Savoir faire fran\u00e7ais\",\"publisher\":{\"@id\":\"https:\\\/\\\/littlemisstomatoes.fr\\\/#organization\"},\"potentialAction\":[{\"@type\":\"SearchAction\",\"target\":{\"@type\":\"EntryPoint\",\"urlTemplate\":\"https:\\\/\\\/littlemisstomatoes.fr\\\/?s={search_term_string}\"},\"query-input\":{\"@type\":\"PropertyValueSpecification\",\"valueRequired\":true,\"valueName\":\"search_term_string\"}}],\"inLanguage\":\"fr-FR\"},{\"@type\":\"Organization\",\"@id\":\"https:\\\/\\\/littlemisstomatoes.fr\\\/#organization\",\"name\":\"Little Miss Tomatoes\",\"url\":\"https:\\\/\\\/littlemisstomatoes.fr\\\/\",\"logo\":{\"@type\":\"ImageObject\",\"inLanguage\":\"fr-FR\",\"@id\":\"https:\\\/\\\/littlemisstomatoes.fr\\\/#\\\/schema\\\/logo\\\/image\\\/\",\"url\":\"https:\\\/\\\/littlemisstomatoes.fr\\\/wp-content\\\/uploads\\\/2021\\\/09\\\/cropped-cropped-elephantblc.jpg\",\"contentUrl\":\"https:\\\/\\\/littlemisstomatoes.fr\\\/wp-content\\\/uploads\\\/2021\\\/09\\\/cropped-cropped-elephantblc.jpg\",\"width\":512,\"height\":512,\"caption\":\"Little Miss Tomatoes\"},\"image\":{\"@id\":\"https:\\\/\\\/littlemisstomatoes.fr\\\/#\\\/schema\\\/logo\\\/image\\\/\"}}]}<\/script>\n<!-- \/ Yoast SEO plugin. -->","yoast_head_json":{"title":"Coffret cuisinier - Renard - Little Miss Tomatoes","robots":{"index":"index","follow":"follow","max-snippet":"max-snippet:-1","max-image-preview":"max-image-preview:large","max-video-preview":"max-video-preview:-1"},"canonical":"https:\/\/littlemisstomatoes.fr\/index.php\/produit\/coffret-cuisinier-renard\/","og_locale":"fr_FR","og_type":"article","og_title":"Coffret cuisinier - Renard - Little Miss Tomatoes","og_description":"Craquez pour ce tissu parfaitement adapt\u00e9 pour les apprentis gourmands! Avec sa poche ventrale, votre enfant pourra m\u00eame y glisser ses tr\u00e9sors comme ils aiment le faire. Les liens \u00e0 nouer autour de la taille permettre de serrer selon la taille de l\u2019enfant. Celui pour le cou est suffisamment ample pour passer la t\u00eate des &hellip;","og_url":"https:\/\/littlemisstomatoes.fr\/index.php\/produit\/coffret-cuisinier-renard\/","og_site_name":"Little Miss Tomatoes","article_modified_time":"2024-02-22T09:58:27+00:00","og_image":[{"width":800,"height":600,"url":"https:\/\/littlemisstomatoes.fr\/wp-content\/uploads\/2024\/02\/renard.png","type":"image\/png"}],"twitter_card":"summary_large_image","twitter_misc":{"Dur\u00e9e de lecture estim\u00e9e":"1 minute"},"schema":{"@context":"https:\/\/schema.org","@graph":[{"@type":"WebPage","@id":"https:\/\/littlemisstomatoes.fr\/index.php\/produit\/coffret-cuisinier-renard\/","url":"https:\/\/littlemisstomatoes.fr\/index.php\/produit\/coffret-cuisinier-renard\/","name":"Coffret cuisinier - Renard - Little Miss Tomatoes","isPartOf":{"@id":"https:\/\/littlemisstomatoes.fr\/#website"},"primaryImageOfPage":{"@id":"https:\/\/littlemisstomatoes.fr\/index.php\/produit\/coffret-cuisinier-renard\/#primaryimage"},"image":{"@id":"https:\/\/littlemisstomatoes.fr\/index.php\/produit\/coffret-cuisinier-renard\/#primaryimage"},"thumbnailUrl":"https:\/\/littlemisstomatoes.fr\/wp-content\/uploads\/2024\/02\/renard.png","datePublished":"2024-02-06T12:23:10+00:00","dateModified":"2024-02-22T09:58:27+00:00","breadcrumb":{"@id":"https:\/\/littlemisstomatoes.fr\/index.php\/produit\/coffret-cuisinier-renard\/#breadcrumb"},"inLanguage":"fr-FR","potentialAction":[{"@type":"ReadAction","target":["https:\/\/littlemisstomatoes.fr\/index.php\/produit\/coffret-cuisinier-renard\/"]}]},{"@type":"ImageObject","inLanguage":"fr-FR","@id":"https:\/\/littlemisstomatoes.fr\/index.php\/produit\/coffret-cuisinier-renard\/#primaryimage","url":"https:\/\/littlemisstomatoes.fr\/wp-content\/uploads\/2024\/02\/renard.png","contentUrl":"https:\/\/littlemisstomatoes.fr\/wp-content\/uploads\/2024\/02\/renard.png","width":800,"height":600},{"@type":"BreadcrumbList","@id":"https:\/\/littlemisstomatoes.fr\/index.php\/produit\/coffret-cuisinier-renard\/#breadcrumb","itemListElement":[{"@type":"ListItem","position":1,"name":"Accueil","item":"https:\/\/littlemisstomatoes.fr\/"},{"@type":"ListItem","position":2,"name":"Boutique","item":"https:\/\/littlemisstomatoes.fr\/"},{"@type":"ListItem","position":3,"name":"Coffret cuisinier &#8211; Renard"}]},{"@type":"WebSite","@id":"https:\/\/littlemisstomatoes.fr\/#website","url":"https:\/\/littlemisstomatoes.fr\/","name":"Little Miss Tomatoes","description":"Cadeaux naissance - atelier couture enfant et adulte - Grenoble - Savoir faire fran\u00e7ais","publisher":{"@id":"https:\/\/littlemisstomatoes.fr\/#organization"},"potentialAction":[{"@type":"SearchAction","target":{"@type":"EntryPoint","urlTemplate":"https:\/\/littlemisstomatoes.fr\/?s={search_term_string}"},"query-input":{"@type":"PropertyValueSpecification","valueRequired":true,"valueName":"search_term_string"}}],"inLanguage":"fr-FR"},{"@type":"Organization","@id":"https:\/\/littlemisstomatoes.fr\/#organization","name":"Little Miss Tomatoes","url":"https:\/\/littlemisstomatoes.fr\/","logo":{"@type":"ImageObject","inLanguage":"fr-FR","@id":"https:\/\/littlemisstomatoes.fr\/#\/schema\/logo\/image\/","url":"https:\/\/littlemisstomatoes.fr\/wp-content\/uploads\/2021\/09\/cropped-cropped-elephantblc.jpg","contentUrl":"https:\/\/littlemisstomatoes.fr\/wp-content\/uploads\/2021\/09\/cropped-cropped-elephantblc.jpg","width":512,"height":512,"caption":"Little Miss Tomatoes"},"image":{"@id":"https:\/\/littlemisstomatoes.fr\/#\/schema\/logo\/image\/"}}]}},"jetpack-related-posts":[],"jetpack_sharing_enabled":true,"_links":{"self":[{"href":"https:\/\/littlemisstomatoes.fr\/index.php\/wp-json\/wp\/v2\/product\/2431","targetHints":{"allow":["GET"]}}],"collection":[{"href":"https:\/\/littlemisstomatoes.fr\/index.php\/wp-json\/wp\/v2\/product"}],"about":[{"href":"https:\/\/littlemisstomatoes.fr\/index.php\/wp-json\/wp\/v2\/types\/product"}],"replies":[{"embeddable":true,"href":"https:\/\/littlemisstomatoes.fr\/index.php\/wp-json\/wp\/v2\/comments?post=2431"}],"wp:featuredmedia":[{"embeddable":true,"href":"https:\/\/littlemisstomatoes.fr\/index.php\/wp-json\/wp\/v2\/media\/2436"}],"wp:attachment":[{"href":"https:\/\/littlemisstomatoes.fr\/index.php\/wp-json\/wp\/v2\/media?parent=2431"}],"wp:term":[{"taxonomy":"product_brand","embeddable":true,"href":"https:\/\/littlemisstomatoes.fr\/index.php\/wp-json\/wp\/v2\/product_brand?post=2431"},{"taxonomy":"product_cat","embeddable":true,"href":"https:\/\/littlemisstomatoes.fr\/index.php\/wp-json\/wp\/v2\/product_cat?post=2431"},{"taxonomy":"product_tag","embeddable":true,"href":"https:\/\/littlemisstomatoes.fr\/index.php\/wp-json\/wp\/v2\/product_tag?post=2431"}],"curies":[{"name":"wp","href":"https:\/\/api.w.org\/{rel}","templated":true}]}}