{"id":1378,"date":"2023-01-03T11:31:09","date_gmt":"2023-01-03T10:31:09","guid":{"rendered":"https:\/\/littlemisstomatoes.fr\/?post_type=product&#038;p=1378"},"modified":"2023-01-19T18:03:56","modified_gmt":"2023-01-19T17:03:56","slug":"coupons-polaire-minky","status":"publish","type":"product","link":"https:\/\/littlemisstomatoes.fr\/index.php\/produit\/coupons-polaire-minky\/","title":{"rendered":"Coupons Polaire Minky"},"content":{"rendered":"<p>Vente de coupons en lot.<\/p>\n<p>Les dimensions sont indiqu\u00e9es sur les \u00e9tiquettes sur les photos.<\/p>\n<p>Attention la couleur du vert \u00e9meraude ne ressort pas du tout correctement avec mon appareil. Il s&rsquo;agit de la m\u00eame couleur mise sur la derni\u00e8re photo \ud83d\ude42<\/p>\n<p>&nbsp;<\/p>\n<p>Retrait gratuit en boutique du Pop Local. Envoi possible, prix variable selon Point relais ou non et selon le poids.<\/p>\n","protected":false},"excerpt":{"rendered":"<p>Vente de coupons en lot. Les dimensions sont indiqu\u00e9es sur les \u00e9tiquettes sur les photos. Attention la couleur du vert \u00e9meraude ne ressort pas du tout correctement avec mon appareil. Il s&rsquo;agit de la m\u00eame couleur mise sur la derni\u00e8re photo \ud83d\ude42 &nbsp; Retrait gratuit en boutique du Pop Local. Envoi possible, prix variable selon &hellip; <\/p>\n","protected":false},"featured_media":0,"comment_status":"open","ping_status":"closed","template":"","meta":[],"product_brand":[],"product_cat":[215],"product_tag":[],"class_list":{"0":"post-1378","1":"product","2":"type-product","3":"status-publish","5":"product_cat-coupons-tissus","6":"product_shipping_class-colissimo-5e","8":"first","9":"instock","10":"shipping-taxable","11":"purchasable","12":"product-type-variable"},"yoast_head":"<!-- This site is optimized with the Yoast SEO plugin v27.4 - https:\/\/yoast.com\/product\/yoast-seo-wordpress\/ -->\n<title>Coupons Polaire Minky - Little Miss Tomatoes<\/title>\n<meta name=\"robots\" content=\"index, follow, max-snippet:-1, max-image-preview:large, max-video-preview:-1\" \/>\n<link rel=\"canonical\" href=\"https:\/\/littlemisstomatoes.fr\/index.php\/produit\/coupons-polaire-minky\/\" \/>\n<meta property=\"og:locale\" content=\"fr_FR\" \/>\n<meta property=\"og:type\" content=\"article\" \/>\n<meta property=\"og:title\" content=\"Coupons Polaire Minky - Little Miss Tomatoes\" \/>\n<meta property=\"og:description\" content=\"Vente de coupons en lot. Les dimensions sont indiqu\u00e9es sur les \u00e9tiquettes sur les photos. Attention la couleur du vert \u00e9meraude ne ressort pas du tout correctement avec mon appareil. Il s&rsquo;agit de la m\u00eame couleur mise sur la derni\u00e8re photo \ud83d\ude42 &nbsp; Retrait gratuit en boutique du Pop Local. Envoi possible, prix variable selon &hellip;\" \/>\n<meta property=\"og:url\" content=\"https:\/\/littlemisstomatoes.fr\/index.php\/produit\/coupons-polaire-minky\/\" \/>\n<meta property=\"og:site_name\" content=\"Little Miss Tomatoes\" \/>\n<meta property=\"article:modified_time\" content=\"2023-01-19T17:03:56+00:00\" \/>\n<meta name=\"twitter:card\" content=\"summary_large_image\" \/>\n<script type=\"application\/ld+json\" class=\"yoast-schema-graph\">{\"@context\":\"https:\\\/\\\/schema.org\",\"@graph\":[{\"@type\":\"WebPage\",\"@id\":\"https:\\\/\\\/littlemisstomatoes.fr\\\/index.php\\\/produit\\\/coupons-polaire-minky\\\/\",\"url\":\"https:\\\/\\\/littlemisstomatoes.fr\\\/index.php\\\/produit\\\/coupons-polaire-minky\\\/\",\"name\":\"Coupons Polaire Minky - Little Miss Tomatoes\",\"isPartOf\":{\"@id\":\"https:\\\/\\\/littlemisstomatoes.fr\\\/#website\"},\"datePublished\":\"2023-01-03T10:31:09+00:00\",\"dateModified\":\"2023-01-19T17:03:56+00:00\",\"breadcrumb\":{\"@id\":\"https:\\\/\\\/littlemisstomatoes.fr\\\/index.php\\\/produit\\\/coupons-polaire-minky\\\/#breadcrumb\"},\"inLanguage\":\"fr-FR\",\"potentialAction\":[{\"@type\":\"ReadAction\",\"target\":[\"https:\\\/\\\/littlemisstomatoes.fr\\\/index.php\\\/produit\\\/coupons-polaire-minky\\\/\"]}]},{\"@type\":\"BreadcrumbList\",\"@id\":\"https:\\\/\\\/littlemisstomatoes.fr\\\/index.php\\\/produit\\\/coupons-polaire-minky\\\/#breadcrumb\",\"itemListElement\":[{\"@type\":\"ListItem\",\"position\":1,\"name\":\"Accueil\",\"item\":\"https:\\\/\\\/littlemisstomatoes.fr\\\/\"},{\"@type\":\"ListItem\",\"position\":2,\"name\":\"Boutique\",\"item\":\"https:\\\/\\\/littlemisstomatoes.fr\\\/\"},{\"@type\":\"ListItem\",\"position\":3,\"name\":\"Coupons Polaire Minky\"}]},{\"@type\":\"WebSite\",\"@id\":\"https:\\\/\\\/littlemisstomatoes.fr\\\/#website\",\"url\":\"https:\\\/\\\/littlemisstomatoes.fr\\\/\",\"name\":\"Little Miss Tomatoes\",\"description\":\"Cadeaux naissance - atelier couture enfant et adulte - Grenoble - Savoir faire fran\u00e7ais\",\"publisher\":{\"@id\":\"https:\\\/\\\/littlemisstomatoes.fr\\\/#organization\"},\"potentialAction\":[{\"@type\":\"SearchAction\",\"target\":{\"@type\":\"EntryPoint\",\"urlTemplate\":\"https:\\\/\\\/littlemisstomatoes.fr\\\/?s={search_term_string}\"},\"query-input\":{\"@type\":\"PropertyValueSpecification\",\"valueRequired\":true,\"valueName\":\"search_term_string\"}}],\"inLanguage\":\"fr-FR\"},{\"@type\":\"Organization\",\"@id\":\"https:\\\/\\\/littlemisstomatoes.fr\\\/#organization\",\"name\":\"Little Miss Tomatoes\",\"url\":\"https:\\\/\\\/littlemisstomatoes.fr\\\/\",\"logo\":{\"@type\":\"ImageObject\",\"inLanguage\":\"fr-FR\",\"@id\":\"https:\\\/\\\/littlemisstomatoes.fr\\\/#\\\/schema\\\/logo\\\/image\\\/\",\"url\":\"https:\\\/\\\/littlemisstomatoes.fr\\\/wp-content\\\/uploads\\\/2021\\\/09\\\/cropped-cropped-elephantblc.jpg\",\"contentUrl\":\"https:\\\/\\\/littlemisstomatoes.fr\\\/wp-content\\\/uploads\\\/2021\\\/09\\\/cropped-cropped-elephantblc.jpg\",\"width\":512,\"height\":512,\"caption\":\"Little Miss Tomatoes\"},\"image\":{\"@id\":\"https:\\\/\\\/littlemisstomatoes.fr\\\/#\\\/schema\\\/logo\\\/image\\\/\"}}]}<\/script>\n<!-- \/ Yoast SEO plugin. -->","yoast_head_json":{"title":"Coupons Polaire Minky - Little Miss Tomatoes","robots":{"index":"index","follow":"follow","max-snippet":"max-snippet:-1","max-image-preview":"max-image-preview:large","max-video-preview":"max-video-preview:-1"},"canonical":"https:\/\/littlemisstomatoes.fr\/index.php\/produit\/coupons-polaire-minky\/","og_locale":"fr_FR","og_type":"article","og_title":"Coupons Polaire Minky - Little Miss Tomatoes","og_description":"Vente de coupons en lot. Les dimensions sont indiqu\u00e9es sur les \u00e9tiquettes sur les photos. Attention la couleur du vert \u00e9meraude ne ressort pas du tout correctement avec mon appareil. Il s&rsquo;agit de la m\u00eame couleur mise sur la derni\u00e8re photo \ud83d\ude42 &nbsp; Retrait gratuit en boutique du Pop Local. Envoi possible, prix variable selon &hellip;","og_url":"https:\/\/littlemisstomatoes.fr\/index.php\/produit\/coupons-polaire-minky\/","og_site_name":"Little Miss Tomatoes","article_modified_time":"2023-01-19T17:03:56+00:00","twitter_card":"summary_large_image","schema":{"@context":"https:\/\/schema.org","@graph":[{"@type":"WebPage","@id":"https:\/\/littlemisstomatoes.fr\/index.php\/produit\/coupons-polaire-minky\/","url":"https:\/\/littlemisstomatoes.fr\/index.php\/produit\/coupons-polaire-minky\/","name":"Coupons Polaire Minky - Little Miss Tomatoes","isPartOf":{"@id":"https:\/\/littlemisstomatoes.fr\/#website"},"datePublished":"2023-01-03T10:31:09+00:00","dateModified":"2023-01-19T17:03:56+00:00","breadcrumb":{"@id":"https:\/\/littlemisstomatoes.fr\/index.php\/produit\/coupons-polaire-minky\/#breadcrumb"},"inLanguage":"fr-FR","potentialAction":[{"@type":"ReadAction","target":["https:\/\/littlemisstomatoes.fr\/index.php\/produit\/coupons-polaire-minky\/"]}]},{"@type":"BreadcrumbList","@id":"https:\/\/littlemisstomatoes.fr\/index.php\/produit\/coupons-polaire-minky\/#breadcrumb","itemListElement":[{"@type":"ListItem","position":1,"name":"Accueil","item":"https:\/\/littlemisstomatoes.fr\/"},{"@type":"ListItem","position":2,"name":"Boutique","item":"https:\/\/littlemisstomatoes.fr\/"},{"@type":"ListItem","position":3,"name":"Coupons Polaire Minky"}]},{"@type":"WebSite","@id":"https:\/\/littlemisstomatoes.fr\/#website","url":"https:\/\/littlemisstomatoes.fr\/","name":"Little Miss Tomatoes","description":"Cadeaux naissance - atelier couture enfant et adulte - Grenoble - Savoir faire fran\u00e7ais","publisher":{"@id":"https:\/\/littlemisstomatoes.fr\/#organization"},"potentialAction":[{"@type":"SearchAction","target":{"@type":"EntryPoint","urlTemplate":"https:\/\/littlemisstomatoes.fr\/?s={search_term_string}"},"query-input":{"@type":"PropertyValueSpecification","valueRequired":true,"valueName":"search_term_string"}}],"inLanguage":"fr-FR"},{"@type":"Organization","@id":"https:\/\/littlemisstomatoes.fr\/#organization","name":"Little Miss Tomatoes","url":"https:\/\/littlemisstomatoes.fr\/","logo":{"@type":"ImageObject","inLanguage":"fr-FR","@id":"https:\/\/littlemisstomatoes.fr\/#\/schema\/logo\/image\/","url":"https:\/\/littlemisstomatoes.fr\/wp-content\/uploads\/2021\/09\/cropped-cropped-elephantblc.jpg","contentUrl":"https:\/\/littlemisstomatoes.fr\/wp-content\/uploads\/2021\/09\/cropped-cropped-elephantblc.jpg","width":512,"height":512,"caption":"Little Miss Tomatoes"},"image":{"@id":"https:\/\/littlemisstomatoes.fr\/#\/schema\/logo\/image\/"}}]}},"jetpack-related-posts":[],"jetpack_sharing_enabled":true,"_links":{"self":[{"href":"https:\/\/littlemisstomatoes.fr\/index.php\/wp-json\/wp\/v2\/product\/1378","targetHints":{"allow":["GET"]}}],"collection":[{"href":"https:\/\/littlemisstomatoes.fr\/index.php\/wp-json\/wp\/v2\/product"}],"about":[{"href":"https:\/\/littlemisstomatoes.fr\/index.php\/wp-json\/wp\/v2\/types\/product"}],"replies":[{"embeddable":true,"href":"https:\/\/littlemisstomatoes.fr\/index.php\/wp-json\/wp\/v2\/comments?post=1378"}],"wp:attachment":[{"href":"https:\/\/littlemisstomatoes.fr\/index.php\/wp-json\/wp\/v2\/media?parent=1378"}],"wp:term":[{"taxonomy":"product_brand","embeddable":true,"href":"https:\/\/littlemisstomatoes.fr\/index.php\/wp-json\/wp\/v2\/product_brand?post=1378"},{"taxonomy":"product_cat","embeddable":true,"href":"https:\/\/littlemisstomatoes.fr\/index.php\/wp-json\/wp\/v2\/product_cat?post=1378"},{"taxonomy":"product_tag","embeddable":true,"href":"https:\/\/littlemisstomatoes.fr\/index.php\/wp-json\/wp\/v2\/product_tag?post=1378"}],"curies":[{"name":"wp","href":"https:\/\/api.w.org\/{rel}","templated":true}]}}