{"id":1230,"date":"2022-09-06T08:52:03","date_gmt":"2022-09-06T06:52:03","guid":{"rendered":"https:\/\/littlemisstomatoes.fr\/?post_type=product&#038;p=1230"},"modified":"2024-07-01T08:36:46","modified_gmt":"2024-07-01T06:36:46","slug":"chaussons-koala-polaire-grise","status":"publish","type":"product","link":"https:\/\/littlemisstomatoes.fr\/index.php\/produit\/chaussons-koala-polaire-grise\/","title":{"rendered":"Chaussons Koala &#8211; Polaire grise"},"content":{"rendered":"<p>Chaussons pour b\u00e9b\u00e9<\/p>\n<p>Des chaussons craquants pour mettre les petits pieds au chaud ! Des koalas totalement craquants \u00e9veilleront b\u00e9b\u00e9 et raviront ses yeux curieux. L&rsquo;int\u00e9rieur et la semelle du chausson sont en micro-polaire, et le tissu imprim\u00e9 en jersey coton pour garder une \u00e9lasticit\u00e9.<\/p>\n<p>Le chausson reste maintenu \u00e0 la cheville gr\u00e2ce un \u00e9lastique.<\/p>\n<p>Disponible en plusieurs tailles.<br \/>\nPossibilit\u00e9 de confectionner les chaussons avec un tissu ayant des picots antid\u00e9rapants (couleur grise) sur la semelle pour les b\u00e9b\u00e9s marcheurs ! N\u2019h\u00e9sitez pas \u00e0 me le signaler lors du passage de votre commande. Recommand\u00e9 \u00e0 partir de 12 mois.<\/p>\n<p>ATTENTION la position des motifs du tissu peut varier compar\u00e9e \u00e0 la photo. Il y aura toujours des kolas mis en avant sur chaque devant. Cela se fera en fonction du tissu.<\/p>\n<p>Enti\u00e8rement fait main dans mon atelier de Grenoble.<\/p>\n<p>Composition :<\/p>\n<ul>\n<li>Polaire : 100% polyester<\/li>\n<li>Tissu imprim\u00e9 : 95% Coton 5% Elasthanne<\/li>\n<\/ul>\n<p>Envoi lettre suivie classique<\/p>\n","protected":false},"excerpt":{"rendered":"<p>Chaussons doubl\u00e9s en polaire, motif koala.<\/p>\n","protected":false},"featured_media":116,"comment_status":"open","ping_status":"closed","template":"","meta":[],"product_brand":[],"product_cat":[39,38],"product_tag":[43,25,40,47,109,45,46,212,41,33,52,213,42,44],"class_list":{"0":"post-1230","1":"product","2":"type-product","3":"status-publish","4":"has-post-thumbnail","6":"product_cat-chaussons","7":"product_cat-la-tenue","8":"product_tag-antiderapant","9":"product_tag-bebe","10":"product_tag-chaussons","11":"product_tag-chaussure","12":"product_tag-enfant","13":"product_tag-fuchsia","14":"product_tag-gris","15":"product_tag-kids","16":"product_tag-koala","17":"product_tag-naissance","18":"product_tag-nouveau-ne","19":"product_tag-pieds","20":"product_tag-pointure","21":"product_tag-rose","22":"product_shipping_class-courrier-suivi","24":"first","25":"instock","26":"shipping-taxable","27":"purchasable","28":"product-type-variable"},"yoast_head":"<!-- This site is optimized with the Yoast SEO plugin v27.4 - https:\/\/yoast.com\/product\/yoast-seo-wordpress\/ -->\n<title>Chaussons Koala - Polaire grise - Little Miss Tomatoes<\/title>\n<meta name=\"robots\" content=\"index, follow, max-snippet:-1, max-image-preview:large, max-video-preview:-1\" \/>\n<link rel=\"canonical\" href=\"https:\/\/littlemisstomatoes.fr\/index.php\/produit\/chaussons-koala-polaire-grise\/\" \/>\n<meta property=\"og:locale\" content=\"fr_FR\" \/>\n<meta property=\"og:type\" content=\"article\" \/>\n<meta property=\"og:title\" content=\"Chaussons Koala - Polaire grise - Little Miss Tomatoes\" \/>\n<meta property=\"og:description\" content=\"Chaussons doubl\u00e9s en polaire, motif koala.\" \/>\n<meta property=\"og:url\" content=\"https:\/\/littlemisstomatoes.fr\/index.php\/produit\/chaussons-koala-polaire-grise\/\" \/>\n<meta property=\"og:site_name\" content=\"Little Miss Tomatoes\" \/>\n<meta property=\"article:modified_time\" content=\"2024-07-01T06:36:46+00:00\" \/>\n<meta property=\"og:image\" content=\"https:\/\/littlemisstomatoes.fr\/wp-content\/uploads\/2021\/09\/koalagris.webp\" \/>\n\t<meta property=\"og:image:width\" content=\"794\" \/>\n\t<meta property=\"og:image:height\" content=\"794\" \/>\n\t<meta property=\"og:image:type\" content=\"image\/webp\" \/>\n<meta name=\"twitter:card\" content=\"summary_large_image\" \/>\n<meta name=\"twitter:label1\" content=\"Dur\u00e9e de lecture estim\u00e9e\" \/>\n\t<meta name=\"twitter:data1\" content=\"1 minute\" \/>\n<script type=\"application\/ld+json\" class=\"yoast-schema-graph\">{\"@context\":\"https:\\\/\\\/schema.org\",\"@graph\":[{\"@type\":\"WebPage\",\"@id\":\"https:\\\/\\\/littlemisstomatoes.fr\\\/index.php\\\/produit\\\/chaussons-koala-polaire-grise\\\/\",\"url\":\"https:\\\/\\\/littlemisstomatoes.fr\\\/index.php\\\/produit\\\/chaussons-koala-polaire-grise\\\/\",\"name\":\"Chaussons Koala - Polaire grise - Little Miss Tomatoes\",\"isPartOf\":{\"@id\":\"https:\\\/\\\/littlemisstomatoes.fr\\\/#website\"},\"primaryImageOfPage\":{\"@id\":\"https:\\\/\\\/littlemisstomatoes.fr\\\/index.php\\\/produit\\\/chaussons-koala-polaire-grise\\\/#primaryimage\"},\"image\":{\"@id\":\"https:\\\/\\\/littlemisstomatoes.fr\\\/index.php\\\/produit\\\/chaussons-koala-polaire-grise\\\/#primaryimage\"},\"thumbnailUrl\":\"https:\\\/\\\/littlemisstomatoes.fr\\\/wp-content\\\/uploads\\\/2021\\\/09\\\/koalagris.webp\",\"datePublished\":\"2022-09-06T06:52:03+00:00\",\"dateModified\":\"2024-07-01T06:36:46+00:00\",\"breadcrumb\":{\"@id\":\"https:\\\/\\\/littlemisstomatoes.fr\\\/index.php\\\/produit\\\/chaussons-koala-polaire-grise\\\/#breadcrumb\"},\"inLanguage\":\"fr-FR\",\"potentialAction\":[{\"@type\":\"ReadAction\",\"target\":[\"https:\\\/\\\/littlemisstomatoes.fr\\\/index.php\\\/produit\\\/chaussons-koala-polaire-grise\\\/\"]}]},{\"@type\":\"ImageObject\",\"inLanguage\":\"fr-FR\",\"@id\":\"https:\\\/\\\/littlemisstomatoes.fr\\\/index.php\\\/produit\\\/chaussons-koala-polaire-grise\\\/#primaryimage\",\"url\":\"https:\\\/\\\/littlemisstomatoes.fr\\\/wp-content\\\/uploads\\\/2021\\\/09\\\/koalagris.webp\",\"contentUrl\":\"https:\\\/\\\/littlemisstomatoes.fr\\\/wp-content\\\/uploads\\\/2021\\\/09\\\/koalagris.webp\",\"width\":794,\"height\":794},{\"@type\":\"BreadcrumbList\",\"@id\":\"https:\\\/\\\/littlemisstomatoes.fr\\\/index.php\\\/produit\\\/chaussons-koala-polaire-grise\\\/#breadcrumb\",\"itemListElement\":[{\"@type\":\"ListItem\",\"position\":1,\"name\":\"Accueil\",\"item\":\"https:\\\/\\\/littlemisstomatoes.fr\\\/\"},{\"@type\":\"ListItem\",\"position\":2,\"name\":\"Boutique\",\"item\":\"https:\\\/\\\/littlemisstomatoes.fr\\\/\"},{\"@type\":\"ListItem\",\"position\":3,\"name\":\"Chaussons Koala &#8211; Polaire grise\"}]},{\"@type\":\"WebSite\",\"@id\":\"https:\\\/\\\/littlemisstomatoes.fr\\\/#website\",\"url\":\"https:\\\/\\\/littlemisstomatoes.fr\\\/\",\"name\":\"Little Miss Tomatoes\",\"description\":\"Cadeaux naissance - atelier couture enfant et adulte - Grenoble - Savoir faire fran\u00e7ais\",\"publisher\":{\"@id\":\"https:\\\/\\\/littlemisstomatoes.fr\\\/#organization\"},\"potentialAction\":[{\"@type\":\"SearchAction\",\"target\":{\"@type\":\"EntryPoint\",\"urlTemplate\":\"https:\\\/\\\/littlemisstomatoes.fr\\\/?s={search_term_string}\"},\"query-input\":{\"@type\":\"PropertyValueSpecification\",\"valueRequired\":true,\"valueName\":\"search_term_string\"}}],\"inLanguage\":\"fr-FR\"},{\"@type\":\"Organization\",\"@id\":\"https:\\\/\\\/littlemisstomatoes.fr\\\/#organization\",\"name\":\"Little Miss Tomatoes\",\"url\":\"https:\\\/\\\/littlemisstomatoes.fr\\\/\",\"logo\":{\"@type\":\"ImageObject\",\"inLanguage\":\"fr-FR\",\"@id\":\"https:\\\/\\\/littlemisstomatoes.fr\\\/#\\\/schema\\\/logo\\\/image\\\/\",\"url\":\"https:\\\/\\\/littlemisstomatoes.fr\\\/wp-content\\\/uploads\\\/2021\\\/09\\\/cropped-cropped-elephantblc.jpg\",\"contentUrl\":\"https:\\\/\\\/littlemisstomatoes.fr\\\/wp-content\\\/uploads\\\/2021\\\/09\\\/cropped-cropped-elephantblc.jpg\",\"width\":512,\"height\":512,\"caption\":\"Little Miss Tomatoes\"},\"image\":{\"@id\":\"https:\\\/\\\/littlemisstomatoes.fr\\\/#\\\/schema\\\/logo\\\/image\\\/\"}}]}<\/script>\n<!-- \/ Yoast SEO plugin. -->","yoast_head_json":{"title":"Chaussons Koala - Polaire grise - Little Miss Tomatoes","robots":{"index":"index","follow":"follow","max-snippet":"max-snippet:-1","max-image-preview":"max-image-preview:large","max-video-preview":"max-video-preview:-1"},"canonical":"https:\/\/littlemisstomatoes.fr\/index.php\/produit\/chaussons-koala-polaire-grise\/","og_locale":"fr_FR","og_type":"article","og_title":"Chaussons Koala - Polaire grise - Little Miss Tomatoes","og_description":"Chaussons doubl\u00e9s en polaire, motif koala.","og_url":"https:\/\/littlemisstomatoes.fr\/index.php\/produit\/chaussons-koala-polaire-grise\/","og_site_name":"Little Miss Tomatoes","article_modified_time":"2024-07-01T06:36:46+00:00","og_image":[{"width":794,"height":794,"url":"https:\/\/littlemisstomatoes.fr\/wp-content\/uploads\/2021\/09\/koalagris.webp","type":"image\/webp"}],"twitter_card":"summary_large_image","twitter_misc":{"Dur\u00e9e de lecture estim\u00e9e":"1 minute"},"schema":{"@context":"https:\/\/schema.org","@graph":[{"@type":"WebPage","@id":"https:\/\/littlemisstomatoes.fr\/index.php\/produit\/chaussons-koala-polaire-grise\/","url":"https:\/\/littlemisstomatoes.fr\/index.php\/produit\/chaussons-koala-polaire-grise\/","name":"Chaussons Koala - Polaire grise - Little Miss Tomatoes","isPartOf":{"@id":"https:\/\/littlemisstomatoes.fr\/#website"},"primaryImageOfPage":{"@id":"https:\/\/littlemisstomatoes.fr\/index.php\/produit\/chaussons-koala-polaire-grise\/#primaryimage"},"image":{"@id":"https:\/\/littlemisstomatoes.fr\/index.php\/produit\/chaussons-koala-polaire-grise\/#primaryimage"},"thumbnailUrl":"https:\/\/littlemisstomatoes.fr\/wp-content\/uploads\/2021\/09\/koalagris.webp","datePublished":"2022-09-06T06:52:03+00:00","dateModified":"2024-07-01T06:36:46+00:00","breadcrumb":{"@id":"https:\/\/littlemisstomatoes.fr\/index.php\/produit\/chaussons-koala-polaire-grise\/#breadcrumb"},"inLanguage":"fr-FR","potentialAction":[{"@type":"ReadAction","target":["https:\/\/littlemisstomatoes.fr\/index.php\/produit\/chaussons-koala-polaire-grise\/"]}]},{"@type":"ImageObject","inLanguage":"fr-FR","@id":"https:\/\/littlemisstomatoes.fr\/index.php\/produit\/chaussons-koala-polaire-grise\/#primaryimage","url":"https:\/\/littlemisstomatoes.fr\/wp-content\/uploads\/2021\/09\/koalagris.webp","contentUrl":"https:\/\/littlemisstomatoes.fr\/wp-content\/uploads\/2021\/09\/koalagris.webp","width":794,"height":794},{"@type":"BreadcrumbList","@id":"https:\/\/littlemisstomatoes.fr\/index.php\/produit\/chaussons-koala-polaire-grise\/#breadcrumb","itemListElement":[{"@type":"ListItem","position":1,"name":"Accueil","item":"https:\/\/littlemisstomatoes.fr\/"},{"@type":"ListItem","position":2,"name":"Boutique","item":"https:\/\/littlemisstomatoes.fr\/"},{"@type":"ListItem","position":3,"name":"Chaussons Koala &#8211; Polaire grise"}]},{"@type":"WebSite","@id":"https:\/\/littlemisstomatoes.fr\/#website","url":"https:\/\/littlemisstomatoes.fr\/","name":"Little Miss Tomatoes","description":"Cadeaux naissance - atelier couture enfant et adulte - Grenoble - Savoir faire fran\u00e7ais","publisher":{"@id":"https:\/\/littlemisstomatoes.fr\/#organization"},"potentialAction":[{"@type":"SearchAction","target":{"@type":"EntryPoint","urlTemplate":"https:\/\/littlemisstomatoes.fr\/?s={search_term_string}"},"query-input":{"@type":"PropertyValueSpecification","valueRequired":true,"valueName":"search_term_string"}}],"inLanguage":"fr-FR"},{"@type":"Organization","@id":"https:\/\/littlemisstomatoes.fr\/#organization","name":"Little Miss Tomatoes","url":"https:\/\/littlemisstomatoes.fr\/","logo":{"@type":"ImageObject","inLanguage":"fr-FR","@id":"https:\/\/littlemisstomatoes.fr\/#\/schema\/logo\/image\/","url":"https:\/\/littlemisstomatoes.fr\/wp-content\/uploads\/2021\/09\/cropped-cropped-elephantblc.jpg","contentUrl":"https:\/\/littlemisstomatoes.fr\/wp-content\/uploads\/2021\/09\/cropped-cropped-elephantblc.jpg","width":512,"height":512,"caption":"Little Miss Tomatoes"},"image":{"@id":"https:\/\/littlemisstomatoes.fr\/#\/schema\/logo\/image\/"}}]}},"jetpack-related-posts":[],"jetpack_sharing_enabled":true,"_links":{"self":[{"href":"https:\/\/littlemisstomatoes.fr\/index.php\/wp-json\/wp\/v2\/product\/1230","targetHints":{"allow":["GET"]}}],"collection":[{"href":"https:\/\/littlemisstomatoes.fr\/index.php\/wp-json\/wp\/v2\/product"}],"about":[{"href":"https:\/\/littlemisstomatoes.fr\/index.php\/wp-json\/wp\/v2\/types\/product"}],"replies":[{"embeddable":true,"href":"https:\/\/littlemisstomatoes.fr\/index.php\/wp-json\/wp\/v2\/comments?post=1230"}],"wp:featuredmedia":[{"embeddable":true,"href":"https:\/\/littlemisstomatoes.fr\/index.php\/wp-json\/wp\/v2\/media\/116"}],"wp:attachment":[{"href":"https:\/\/littlemisstomatoes.fr\/index.php\/wp-json\/wp\/v2\/media?parent=1230"}],"wp:term":[{"taxonomy":"product_brand","embeddable":true,"href":"https:\/\/littlemisstomatoes.fr\/index.php\/wp-json\/wp\/v2\/product_brand?post=1230"},{"taxonomy":"product_cat","embeddable":true,"href":"https:\/\/littlemisstomatoes.fr\/index.php\/wp-json\/wp\/v2\/product_cat?post=1230"},{"taxonomy":"product_tag","embeddable":true,"href":"https:\/\/littlemisstomatoes.fr\/index.php\/wp-json\/wp\/v2\/product_tag?post=1230"}],"curies":[{"name":"wp","href":"https:\/\/api.w.org\/{rel}","templated":true}]}}